{"id":4572,"date":"2023-09-19T14:09:22","date_gmt":"2023-09-19T14:09:22","guid":{"rendered":"https:\/\/koraledetale.pl\/?post_type=product&#038;p=4572"},"modified":"2023-09-23T09:22:47","modified_gmt":"2023-09-23T09:22:47","slug":"bransoletka-silna-wola-z-kwarcami-dymnymi","status":"publish","type":"product","link":"https:\/\/koraledetale.pl\/?product=bransoletka-silna-wola-z-kwarcami-dymnymi","title":{"rendered":"Bransoletka SILNA WOLA z kwarcami dymnymi"},"content":{"rendered":"<p>Wielko\u015b\u0107 kamieni:<\/p>\n<ul>\n<li>kwarc dymny &#8211; 4&#215;3 mm,<\/li>\n<li>hematyt &#8211; 3 mm i 4&#215;2 mm.<\/li>\n<\/ul>\n<p>D\u0142ugo\u015b\u0107 bransoletki &#8211; 17 -19,5 cm.<\/p>\n<p>Wszystkie elementy metalowe wykonane s\u0105 z nieuczulaj\u0105cej stali szlachetnej.<\/p>\n","protected":false},"excerpt":{"rendered":"<p>Bransoletka z fasetowanych, cieniowanych oponek kwarcu dymnego, z niewielkim dodatkiem z\u0142otych hematyt\u00f3w, oraz dwiema zawieszkami: okr\u0105g\u0142ej z symbolem s\u0142o\u0144ca i z kwarcu dymnego i hematyt\u00f3w przy przed\u0142u\u017cce.<\/p>\n","protected":false},"featured_media":4570,"comment_status":"open","ping_status":"closed","template":"","meta":{"advanced_seo_description":"","jetpack_seo_html_title":"","jetpack_seo_noindex":false},"product_brand":[],"product_cat":[229],"product_tag":[1680,80,1679,503,63,869,31],"class_list":{"0":"post-4572","1":"product","2":"type-product","3":"status-publish","4":"has-post-thumbnail","6":"product_cat-sprzedane","7":"product_tag-bransoletka-z-cieniowanymi-kamieniami","8":"product_tag-bransoletka-z-kamieniami-naturalnymi","9":"product_tag-bransoletka-z-kwarcami-dymnymi","10":"product_tag-bransoletka-z-zawieszkami","11":"product_tag-kwarc-dymny","12":"product_tag-slonce","13":"product_tag-zloty-hematyt","15":"first","16":"outofstock","17":"shipping-taxable","18":"purchasable","19":"product-type-simple"},"jetpack_sharing_enabled":true,"_links":{"self":[{"href":"https:\/\/koraledetale.pl\/index.php?rest_route=\/wp\/v2\/product\/4572","targetHints":{"allow":["GET"]}}],"collection":[{"href":"https:\/\/koraledetale.pl\/index.php?rest_route=\/wp\/v2\/product"}],"about":[{"href":"https:\/\/koraledetale.pl\/index.php?rest_route=\/wp\/v2\/types\/product"}],"replies":[{"embeddable":true,"href":"https:\/\/koraledetale.pl\/index.php?rest_route=%2Fwp%2Fv2%2Fcomments&post=4572"}],"wp:featuredmedia":[{"embeddable":true,"href":"https:\/\/koraledetale.pl\/index.php?rest_route=\/wp\/v2\/media\/4570"}],"wp:attachment":[{"href":"https:\/\/koraledetale.pl\/index.php?rest_route=%2Fwp%2Fv2%2Fmedia&parent=4572"}],"wp:term":[{"taxonomy":"product_brand","embeddable":true,"href":"https:\/\/koraledetale.pl\/index.php?rest_route=%2Fwp%2Fv2%2Fproduct_brand&post=4572"},{"taxonomy":"product_cat","embeddable":true,"href":"https:\/\/koraledetale.pl\/index.php?rest_route=%2Fwp%2Fv2%2Fproduct_cat&post=4572"},{"taxonomy":"product_tag","embeddable":true,"href":"https:\/\/koraledetale.pl\/index.php?rest_route=%2Fwp%2Fv2%2Fproduct_tag&post=4572"}],"curies":[{"name":"wp","href":"https:\/\/api.w.org\/{rel}","templated":true}]}}