{"id":4565,"date":"2023-09-18T10:05:36","date_gmt":"2023-09-18T10:05:36","guid":{"rendered":"https:\/\/koraledetale.pl\/?post_type=product&#038;p=4565"},"modified":"2023-12-13T19:35:32","modified_gmt":"2023-12-13T19:35:32","slug":"kolczyki-zloto-z-kwarcem-z-rutylem","status":"publish","type":"product","link":"https:\/\/koraledetale.pl\/?product=kolczyki-zloto-z-kwarcem-z-rutylem","title":{"rendered":"Kolczyki Z\u0141OTO z kwarcem z rutylem"},"content":{"rendered":"<p>Wielko\u015b\u0107 kwarcu \u2013 10x7x4,5 mm.<\/p>\n<p>D\u0142ugo\u015b\u0107 kolczyk\u00f3w &#8211; 3,8 cm.<\/p>\n<p>Wszystkie elementy metalowe wykonane s\u0105 z nieuczulaj\u0105cej stali szlachetnej.<\/p>\n","protected":false},"excerpt":{"rendered":"<p>Kolczyki &#8211; otwarte k\u00f3\u0142ka na sztyftach, z zawieszk\u0105 \u2013 fasetowanym kwarcem z zatopionymi z\u0142otymi igie\u0142kami rutylu, zawieszonym na okr\u0105g\u0142ym elemencie.<\/p>\n","protected":false},"featured_media":4562,"comment_status":"open","ping_status":"closed","template":"","meta":{"advanced_seo_description":"","jetpack_seo_html_title":"","jetpack_seo_noindex":false},"product_brand":[],"product_cat":[229],"product_tag":[1675,1676,1677,1678,480],"class_list":{"0":"post-4565","1":"product","2":"type-product","3":"status-publish","4":"has-post-thumbnail","6":"product_cat-sprzedane","7":"product_tag-kolczyki-kolka-z-kamieniem-naturalnym","8":"product_tag-kolczyki-kolka-z-kwarcem-z-rutylem","9":"product_tag-kolczyki-na-sztyfcie-z-kamieniem-naturalnym","10":"product_tag-kolczyki-na-sztyfcie-z-kwarcem-z-rutylem","11":"product_tag-kwarc-z-rutylem","13":"first","14":"outofstock","15":"shipping-taxable","16":"purchasable","17":"product-type-simple"},"jetpack_sharing_enabled":true,"_links":{"self":[{"href":"https:\/\/koraledetale.pl\/index.php?rest_route=\/wp\/v2\/product\/4565","targetHints":{"allow":["GET"]}}],"collection":[{"href":"https:\/\/koraledetale.pl\/index.php?rest_route=\/wp\/v2\/product"}],"about":[{"href":"https:\/\/koraledetale.pl\/index.php?rest_route=\/wp\/v2\/types\/product"}],"replies":[{"embeddable":true,"href":"https:\/\/koraledetale.pl\/index.php?rest_route=%2Fwp%2Fv2%2Fcomments&post=4565"}],"wp:featuredmedia":[{"embeddable":true,"href":"https:\/\/koraledetale.pl\/index.php?rest_route=\/wp\/v2\/media\/4562"}],"wp:attachment":[{"href":"https:\/\/koraledetale.pl\/index.php?rest_route=%2Fwp%2Fv2%2Fmedia&parent=4565"}],"wp:term":[{"taxonomy":"product_brand","embeddable":true,"href":"https:\/\/koraledetale.pl\/index.php?rest_route=%2Fwp%2Fv2%2Fproduct_brand&post=4565"},{"taxonomy":"product_cat","embeddable":true,"href":"https:\/\/koraledetale.pl\/index.php?rest_route=%2Fwp%2Fv2%2Fproduct_cat&post=4565"},{"taxonomy":"product_tag","embeddable":true,"href":"https:\/\/koraledetale.pl\/index.php?rest_route=%2Fwp%2Fv2%2Fproduct_tag&post=4565"}],"curies":[{"name":"wp","href":"https:\/\/api.w.org\/{rel}","templated":true}]}}