{"id":4557,"date":"2023-09-14T14:47:09","date_gmt":"2023-09-14T14:47:09","guid":{"rendered":"https:\/\/koraledetale.pl\/?post_type=product&#038;p=4557"},"modified":"2023-12-11T21:26:33","modified_gmt":"2023-12-11T21:26:33","slug":"kolczyki-romans-z-rubinem-ametystem-i-rozowym-kwarcem","status":"publish","type":"product","link":"https:\/\/koraledetale.pl\/?product=kolczyki-romans-z-rubinem-ametystem-i-rozowym-kwarcem","title":{"rendered":"Kolczyki ROMANS z rubinem, ametystem i r\u00f3\u017cowym kwarcem"},"content":{"rendered":"<p>Wielko\u015b\u0107 kamieni:<\/p>\n<ul>\n<li>rubin \u2013 3,5 mm,<\/li>\n<li>ametyst \u2013 8&#215;5,5 mm,<\/li>\n<li>kwarc r\u00f3\u017cowy \u2013 5\u00d75 mm.<\/li>\n<\/ul>\n<p>D\u0142ugo\u015b\u0107 kolczyk\u00f3w \u2013 2,9 cm.<\/p>\n<p>Wszystkie elementy metalowe wykonane s\u0105 z nieuczulaj\u0105cej stali szlachetnej.<\/p>\n","protected":false},"excerpt":{"rendered":"<p>Kolczyki na sztyftach z k\u00f3\u0142kiem, od kt\u00f3rego odchodz\u0105 kolorowe kryszta\u0142y: cebulka r\u00f3\u017cowego kwarcu, kropla ametystu i kulka rubinu.<\/p>\n","protected":false},"featured_media":4555,"comment_status":"open","ping_status":"closed","template":"","meta":{"advanced_seo_description":"","jetpack_seo_html_title":"","jetpack_seo_noindex":false},"product_brand":[],"product_cat":[229],"product_tag":[1630,1670,1669,1671,309,305,307],"class_list":{"0":"post-4557","1":"product","2":"type-product","3":"status-publish","4":"has-post-thumbnail","6":"product_cat-sprzedane","7":"product_tag-kolczyki-na-sztyftach-ze-stali-chirurgicznej","8":"product_tag-kolczyki-z-ametystem","9":"product_tag-kolczyki-z-kolorowymi-kamieniami","10":"product_tag-kolczyki-z-kwarcem-rozowym","11":"product_tag-kolczyki-z-rozowymi-kamieniami","12":"product_tag-kolczyki-z-rubinem","13":"product_tag-krotkie-kolczyki-na-sztyftach-ze-stali-szlachetnej","15":"first","16":"outofstock","17":"shipping-taxable","18":"purchasable","19":"product-type-simple"},"jetpack_sharing_enabled":true,"_links":{"self":[{"href":"https:\/\/koraledetale.pl\/index.php?rest_route=\/wp\/v2\/product\/4557","targetHints":{"allow":["GET"]}}],"collection":[{"href":"https:\/\/koraledetale.pl\/index.php?rest_route=\/wp\/v2\/product"}],"about":[{"href":"https:\/\/koraledetale.pl\/index.php?rest_route=\/wp\/v2\/types\/product"}],"replies":[{"embeddable":true,"href":"https:\/\/koraledetale.pl\/index.php?rest_route=%2Fwp%2Fv2%2Fcomments&post=4557"}],"wp:featuredmedia":[{"embeddable":true,"href":"https:\/\/koraledetale.pl\/index.php?rest_route=\/wp\/v2\/media\/4555"}],"wp:attachment":[{"href":"https:\/\/koraledetale.pl\/index.php?rest_route=%2Fwp%2Fv2%2Fmedia&parent=4557"}],"wp:term":[{"taxonomy":"product_brand","embeddable":true,"href":"https:\/\/koraledetale.pl\/index.php?rest_route=%2Fwp%2Fv2%2Fproduct_brand&post=4557"},{"taxonomy":"product_cat","embeddable":true,"href":"https:\/\/koraledetale.pl\/index.php?rest_route=%2Fwp%2Fv2%2Fproduct_cat&post=4557"},{"taxonomy":"product_tag","embeddable":true,"href":"https:\/\/koraledetale.pl\/index.php?rest_route=%2Fwp%2Fv2%2Fproduct_tag&post=4557"}],"curies":[{"name":"wp","href":"https:\/\/api.w.org\/{rel}","templated":true}]}}