{"id":4552,"date":"2023-09-14T14:39:08","date_gmt":"2023-09-14T14:39:08","guid":{"rendered":"https:\/\/koraledetale.pl\/?post_type=product&#038;p=4552"},"modified":"2023-12-14T19:19:15","modified_gmt":"2023-12-14T19:19:15","slug":"kolczyki-uczucie-z-szafirem-akwamarynem-i-krysztalem-gorskim","status":"publish","type":"product","link":"https:\/\/koraledetale.pl\/?product=kolczyki-uczucie-z-szafirem-akwamarynem-i-krysztalem-gorskim","title":{"rendered":"Kolczyki UCZUCIE z szafirem, akwamarynem i kryszta\u0142em g\u00f3rskim"},"content":{"rendered":"<p>Wielko\u015b\u0107 kamieni:<\/p>\n<ul>\n<li>szafir &#8211; 3,5 mm,<\/li>\n<li>akwamaryn &#8211; 9x6x3,5 mm,<\/li>\n<li>kryszta\u0142 g\u00f3rski &#8211; 8&#215;5 mm.<\/li>\n<\/ul>\n<p>D\u0142ugo\u015b\u0107 kolczyk\u00f3w &#8211; 3 cm.<\/p>\n<p>Wszystkie elementy metalowe wykonane s\u0105 z nieuczulaj\u0105cej stali szlachetnej.<\/p>\n","protected":false},"excerpt":{"rendered":"<p>Kolczyki na sztyftach z k\u00f3\u0142kiem, od kt\u00f3rego odchodz\u0105 kolorowe kryszta\u0142y: kropla kryszta\u0142u g\u00f3rskiego, \u0142ezka akwamarynu i kulka szafiru.<\/p>\n","protected":false},"featured_media":4554,"comment_status":"open","ping_status":"closed","template":"","meta":{"advanced_seo_description":"","jetpack_seo_html_title":"","jetpack_seo_noindex":false},"product_brand":[],"product_cat":[229],"product_tag":[1667,43,95,809,324,1668,107,108],"class_list":{"0":"post-4552","1":"product","2":"type-product","3":"status-publish","4":"has-post-thumbnail","6":"product_cat-sprzedane","7":"product_tag-kolczyki-a-akwamarynem","8":"product_tag-kolczyki-na-sztyftach","9":"product_tag-kolczyki-z-kamieniami-naturalnymi","10":"product_tag-kolczyki-z-krysztalem-gorskim","11":"product_tag-kolczyki-z-niebieskimi-kamieniami","12":"product_tag-kolczyki-z-szafirami","13":"product_tag-kolczyki-ze-stali-chirurgicznej","14":"product_tag-kolczyki-ze-stali-szlachetnej","16":"first","17":"outofstock","18":"shipping-taxable","19":"purchasable","20":"product-type-simple"},"jetpack_sharing_enabled":true,"_links":{"self":[{"href":"https:\/\/koraledetale.pl\/index.php?rest_route=\/wp\/v2\/product\/4552","targetHints":{"allow":["GET"]}}],"collection":[{"href":"https:\/\/koraledetale.pl\/index.php?rest_route=\/wp\/v2\/product"}],"about":[{"href":"https:\/\/koraledetale.pl\/index.php?rest_route=\/wp\/v2\/types\/product"}],"replies":[{"embeddable":true,"href":"https:\/\/koraledetale.pl\/index.php?rest_route=%2Fwp%2Fv2%2Fcomments&post=4552"}],"wp:featuredmedia":[{"embeddable":true,"href":"https:\/\/koraledetale.pl\/index.php?rest_route=\/wp\/v2\/media\/4554"}],"wp:attachment":[{"href":"https:\/\/koraledetale.pl\/index.php?rest_route=%2Fwp%2Fv2%2Fmedia&parent=4552"}],"wp:term":[{"taxonomy":"product_brand","embeddable":true,"href":"https:\/\/koraledetale.pl\/index.php?rest_route=%2Fwp%2Fv2%2Fproduct_brand&post=4552"},{"taxonomy":"product_cat","embeddable":true,"href":"https:\/\/koraledetale.pl\/index.php?rest_route=%2Fwp%2Fv2%2Fproduct_cat&post=4552"},{"taxonomy":"product_tag","embeddable":true,"href":"https:\/\/koraledetale.pl\/index.php?rest_route=%2Fwp%2Fv2%2Fproduct_tag&post=4552"}],"curies":[{"name":"wp","href":"https:\/\/api.w.org\/{rel}","templated":true}]}}