{"id":4531,"date":"2023-09-07T08:23:03","date_gmt":"2023-09-07T08:23:03","guid":{"rendered":"https:\/\/koraledetale.pl\/?post_type=product&#038;p=4531"},"modified":"2024-03-11T10:19:02","modified_gmt":"2024-03-11T10:19:02","slug":"bransoletka-oliwka-z-bazylia-z-peridotami-i-diopsydami","status":"publish","type":"product","link":"https:\/\/koraledetale.pl\/?product=bransoletka-oliwka-z-bazylia-z-peridotami-i-diopsydami","title":{"rendered":"Bransoletka OLIWKA Z BAZYLI\u0104 z peridotami i diopsydami"},"content":{"rendered":"<p>Wielko\u015b\u0107 kamieni:<\/p>\n<ul>\n<li>peridot &#8211; 2 mm,<\/li>\n<li>dipsyd &#8211; 2&#215;2 mm,<\/li>\n<li>hematyt &#8211; 2&#215;1 mm.<\/li>\n<\/ul>\n<p>D\u0142ugo\u015b\u0107 bransoletki: 15 &#8211; 18 cm.<\/p>\n<p>Wszystkie elementy metalowe wykonane s\u0105 z nieuczulaj\u0105cej stali szlachetnej.<\/p>\n","protected":false},"excerpt":{"rendered":"<p>Bransoletka z drobniutkich peridot\u00f3w, przeplatanych z\u0142otymi hematytami i kosteczkami diopsydu. Kamienie zasupe\u0142kowane s\u0105 na zielonej, mocnej nici jubilerskiej.<\/p>\n","protected":false},"featured_media":4535,"comment_status":"open","ping_status":"closed","template":"","meta":{"advanced_seo_description":"","jetpack_seo_html_title":"","jetpack_seo_noindex":false},"product_brand":[],"product_cat":[229],"product_tag":[547,1662,742,1663,500,31],"class_list":{"0":"post-4531","1":"product","2":"type-product","3":"status-publish","4":"has-post-thumbnail","6":"product_cat-sprzedane","7":"product_tag-bransoletka-z-drobnych-kamieni-naturalnych","8":"product_tag-bransoletka-z-peridotami-i-diopsydami","9":"product_tag-bransoletka-z-zielonymi-kamieniami","10":"product_tag-diosyd","11":"product_tag-peridot","12":"product_tag-zloty-hematyt","14":"first","15":"outofstock","16":"shipping-taxable","17":"purchasable","18":"product-type-simple"},"jetpack_sharing_enabled":true,"_links":{"self":[{"href":"https:\/\/koraledetale.pl\/index.php?rest_route=\/wp\/v2\/product\/4531","targetHints":{"allow":["GET"]}}],"collection":[{"href":"https:\/\/koraledetale.pl\/index.php?rest_route=\/wp\/v2\/product"}],"about":[{"href":"https:\/\/koraledetale.pl\/index.php?rest_route=\/wp\/v2\/types\/product"}],"replies":[{"embeddable":true,"href":"https:\/\/koraledetale.pl\/index.php?rest_route=%2Fwp%2Fv2%2Fcomments&post=4531"}],"wp:featuredmedia":[{"embeddable":true,"href":"https:\/\/koraledetale.pl\/index.php?rest_route=\/wp\/v2\/media\/4535"}],"wp:attachment":[{"href":"https:\/\/koraledetale.pl\/index.php?rest_route=%2Fwp%2Fv2%2Fmedia&parent=4531"}],"wp:term":[{"taxonomy":"product_brand","embeddable":true,"href":"https:\/\/koraledetale.pl\/index.php?rest_route=%2Fwp%2Fv2%2Fproduct_brand&post=4531"},{"taxonomy":"product_cat","embeddable":true,"href":"https:\/\/koraledetale.pl\/index.php?rest_route=%2Fwp%2Fv2%2Fproduct_cat&post=4531"},{"taxonomy":"product_tag","embeddable":true,"href":"https:\/\/koraledetale.pl\/index.php?rest_route=%2Fwp%2Fv2%2Fproduct_tag&post=4531"}],"curies":[{"name":"wp","href":"https:\/\/api.w.org\/{rel}","templated":true}]}}