{"id":4529,"date":"2023-09-06T09:09:04","date_gmt":"2023-09-06T09:09:04","guid":{"rendered":"https:\/\/koraledetale.pl\/?post_type=product&#038;p=4529"},"modified":"2024-04-05T05:56:48","modified_gmt":"2024-04-05T05:56:48","slug":"bransoletka-rusalka-wrzesniowa-z-opalami-i-turmalinami","status":"publish","type":"product","link":"https:\/\/koraledetale.pl\/?product=bransoletka-rusalka-wrzesniowa-z-opalami-i-turmalinami","title":{"rendered":"Bransoletka RUSA\u0141KA WRZE\u015aNIOWA z opalami i turmalinami"},"content":{"rendered":"<p>Wielko\u015b\u0107 kamieni:<\/p>\n<ul>\n<li>opal &#8211; 2,8 mm,<\/li>\n<li>turmalin &#8211; 3 mm,<\/li>\n<li>hematyt &#8211; 2&#215;1 mm.<\/li>\n<\/ul>\n<p>D\u0142ugo\u015b\u0107 bransoletki: 16-19 cm<\/p>\n<p>Wszystkie elementy metalowe wykonane s\u0105 z nieuczulaj\u0105cej stali szlachetnej.<\/p>\n","protected":false},"excerpt":{"rendered":"<p>Bransoletka z mi\u0119towych opali, przeplatanych z\u0142otymi hematytami i zielonymi turmalinami, zasupe\u0142kowanymi na mocnej nici jubilerskiej, z dwiema zawieszkami z turmalin\u00f3w.<\/p>\n","protected":false},"featured_media":4525,"comment_status":"open","ping_status":"closed","template":"","meta":{"advanced_seo_description":"","jetpack_seo_html_title":"","jetpack_seo_noindex":false},"product_brand":[],"product_cat":[229],"product_tag":[80,1660,742,1659,1661,469,31],"class_list":{"0":"post-4529","1":"product","2":"type-product","3":"status-publish","4":"has-post-thumbnail","6":"product_cat-sprzedane","7":"product_tag-bransoletka-z-kamieniami-naturalnymi","8":"product_tag-bransoletka-z-mietowymi-kamieniami","9":"product_tag-bransoletka-z-zielonymi-kamieniami","10":"product_tag-bransoletka-z-zielonymi-opalami-i-turmalinami","11":"product_tag-opal-zielony","12":"product_tag-zielony-turmalin","13":"product_tag-zloty-hematyt","15":"first","16":"instock","17":"shipping-taxable","18":"purchasable","19":"product-type-simple"},"jetpack_sharing_enabled":true,"_links":{"self":[{"href":"https:\/\/koraledetale.pl\/index.php?rest_route=\/wp\/v2\/product\/4529","targetHints":{"allow":["GET"]}}],"collection":[{"href":"https:\/\/koraledetale.pl\/index.php?rest_route=\/wp\/v2\/product"}],"about":[{"href":"https:\/\/koraledetale.pl\/index.php?rest_route=\/wp\/v2\/types\/product"}],"replies":[{"embeddable":true,"href":"https:\/\/koraledetale.pl\/index.php?rest_route=%2Fwp%2Fv2%2Fcomments&post=4529"}],"wp:featuredmedia":[{"embeddable":true,"href":"https:\/\/koraledetale.pl\/index.php?rest_route=\/wp\/v2\/media\/4525"}],"wp:attachment":[{"href":"https:\/\/koraledetale.pl\/index.php?rest_route=%2Fwp%2Fv2%2Fmedia&parent=4529"}],"wp:term":[{"taxonomy":"product_brand","embeddable":true,"href":"https:\/\/koraledetale.pl\/index.php?rest_route=%2Fwp%2Fv2%2Fproduct_brand&post=4529"},{"taxonomy":"product_cat","embeddable":true,"href":"https:\/\/koraledetale.pl\/index.php?rest_route=%2Fwp%2Fv2%2Fproduct_cat&post=4529"},{"taxonomy":"product_tag","embeddable":true,"href":"https:\/\/koraledetale.pl\/index.php?rest_route=%2Fwp%2Fv2%2Fproduct_tag&post=4529"}],"curies":[{"name":"wp","href":"https:\/\/api.w.org\/{rel}","templated":true}]}}