{"id":4517,"date":"2023-09-05T11:13:28","date_gmt":"2023-09-05T11:13:28","guid":{"rendered":"https:\/\/koraledetale.pl\/?post_type=product&#038;p=4517"},"modified":"2024-03-17T16:15:08","modified_gmt":"2024-03-17T16:15:08","slug":"bransoletka-wspomnienie-wakacji-z-howlitami-i-koralem","status":"publish","type":"product","link":"https:\/\/koraledetale.pl\/?product=bransoletka-wspomnienie-wakacji-z-howlitami-i-koralem","title":{"rendered":"Bransoletka WSPOMNIENIE WAKACJI z howlitami i koralem"},"content":{"rendered":"<p>Wielko\u015b\u0107 kamieni:<\/p>\n<ul>\n<li>howlit \u2013 4,5 mm,<\/li>\n<li>koral \u2013 5\u00d73 mm,<\/li>\n<li>hematyt \u2013 4\u00d72 mm, 3,5 mm, 2,5 mm i 3\u00d72 mm.<\/li>\n<\/ul>\n<p>D\u0142ugo\u015b\u0107 bransoletki: 16 &#8211; 19 cm.<\/p>\n<p>Wszystkie elementy metalowe wykonane s\u0105 z nieuczulaj\u0105cej stali szlachetnej.<\/p>\n","protected":false},"excerpt":{"rendered":"<p>Bransoletka \u00a0z b\u0142\u0119kitnych howlit\u00f3w zasupe\u0142kowanych na czerwonej, mocnej nici jubilerskiej, wraz z koralem i z\u0142otymi hematytami.<\/p>\n","protected":false},"featured_media":4515,"comment_status":"open","ping_status":"closed","template":"","meta":{"advanced_seo_description":"","jetpack_seo_html_title":"","jetpack_seo_noindex":false},"product_brand":[],"product_cat":[229],"product_tag":[1653,133,920,897,82],"class_list":{"0":"post-4517","1":"product","2":"type-product","3":"status-publish","4":"has-post-thumbnail","6":"product_cat-sprzedane","7":"product_tag-bransoletka-z-howlitow-i-koralu","8":"product_tag-bransoletka-z-kamieni-naturalnych","9":"product_tag-bransoletka-z-turkusowych-kamieni","10":"product_tag-howlit","11":"product_tag-koral","13":"first","14":"outofstock","15":"shipping-taxable","16":"purchasable","17":"product-type-simple"},"jetpack_sharing_enabled":true,"_links":{"self":[{"href":"https:\/\/koraledetale.pl\/index.php?rest_route=\/wp\/v2\/product\/4517","targetHints":{"allow":["GET"]}}],"collection":[{"href":"https:\/\/koraledetale.pl\/index.php?rest_route=\/wp\/v2\/product"}],"about":[{"href":"https:\/\/koraledetale.pl\/index.php?rest_route=\/wp\/v2\/types\/product"}],"replies":[{"embeddable":true,"href":"https:\/\/koraledetale.pl\/index.php?rest_route=%2Fwp%2Fv2%2Fcomments&post=4517"}],"wp:featuredmedia":[{"embeddable":true,"href":"https:\/\/koraledetale.pl\/index.php?rest_route=\/wp\/v2\/media\/4515"}],"wp:attachment":[{"href":"https:\/\/koraledetale.pl\/index.php?rest_route=%2Fwp%2Fv2%2Fmedia&parent=4517"}],"wp:term":[{"taxonomy":"product_brand","embeddable":true,"href":"https:\/\/koraledetale.pl\/index.php?rest_route=%2Fwp%2Fv2%2Fproduct_brand&post=4517"},{"taxonomy":"product_cat","embeddable":true,"href":"https:\/\/koraledetale.pl\/index.php?rest_route=%2Fwp%2Fv2%2Fproduct_cat&post=4517"},{"taxonomy":"product_tag","embeddable":true,"href":"https:\/\/koraledetale.pl\/index.php?rest_route=%2Fwp%2Fv2%2Fproduct_tag&post=4517"}],"curies":[{"name":"wp","href":"https:\/\/api.w.org\/{rel}","templated":true}]}}