{"id":4512,"date":"2023-09-05T11:06:51","date_gmt":"2023-09-05T11:06:51","guid":{"rendered":"https:\/\/koraledetale.pl\/?post_type=product&#038;p=4512"},"modified":"2023-09-29T11:01:44","modified_gmt":"2023-09-29T11:01:44","slug":"naszyjnik-wspomnienie-wakacji-z-howlitami-i-koralem","status":"publish","type":"product","link":"https:\/\/koraledetale.pl\/?product=naszyjnik-wspomnienie-wakacji-z-howlitami-i-koralem","title":{"rendered":"Naszyjnik WSPOMNIENIE WAKACJI z howlitami i koralem"},"content":{"rendered":"<p>Wielko\u015b\u0107 kamieni:<\/p>\n<ul>\n<li>howlit &#8211; 4,5 mm,<\/li>\n<li>koral &#8211; 5&#215;3 mm,<\/li>\n<li>hematyt &#8211; 4&#215;2 mm, 3,5 mm, 2,5 mm i 3&#215;2 mm.<\/li>\n<\/ul>\n<p>D\u0142ugo\u015b\u0107 naszyjnika: 41 &#8211; 45,5 cm + zawieszka 2 cm.<\/p>\n<p>Wszystkie elementy metalowe wykonane s\u0105 z nieuczulaj\u0105cej stali szlachetnej.<\/p>\n","protected":false},"excerpt":{"rendered":"<p>Naszyjnik z b\u0142\u0119kitnych howlit\u00f3w zasupe\u0142kowanych na czerwonej, mocnej nici jubilerskiej, wraz z koralem i z\u0142otymi hematytami. Zwie\u0144czeniem naszyjnika jest okr\u0105g\u0142a zawieszka.<\/p>\n","protected":false},"featured_media":4513,"comment_status":"open","ping_status":"closed","template":"","meta":{"advanced_seo_description":"","jetpack_seo_html_title":"","jetpack_seo_noindex":false},"product_brand":[],"product_cat":[229],"product_tag":[897,82,332,1652,21,880,1448],"class_list":{"0":"post-4512","1":"product","2":"type-product","3":"status-publish","4":"has-post-thumbnail","6":"product_cat-sprzedane","7":"product_tag-howlit","8":"product_tag-koral","9":"product_tag-naszyjnik-z-blekitnych-kamieni","10":"product_tag-naszyjnik-z-howlitem-i-koralem","11":"product_tag-naszyjnik-z-kamieni-naturalnych","12":"product_tag-naszyjnik-z-turkusowych-kamieni","13":"product_tag-naszyjnik-z-zawieszka","15":"first","16":"outofstock","17":"shipping-taxable","18":"purchasable","19":"product-type-simple"},"jetpack_sharing_enabled":true,"_links":{"self":[{"href":"https:\/\/koraledetale.pl\/index.php?rest_route=\/wp\/v2\/product\/4512","targetHints":{"allow":["GET"]}}],"collection":[{"href":"https:\/\/koraledetale.pl\/index.php?rest_route=\/wp\/v2\/product"}],"about":[{"href":"https:\/\/koraledetale.pl\/index.php?rest_route=\/wp\/v2\/types\/product"}],"replies":[{"embeddable":true,"href":"https:\/\/koraledetale.pl\/index.php?rest_route=%2Fwp%2Fv2%2Fcomments&post=4512"}],"wp:featuredmedia":[{"embeddable":true,"href":"https:\/\/koraledetale.pl\/index.php?rest_route=\/wp\/v2\/media\/4513"}],"wp:attachment":[{"href":"https:\/\/koraledetale.pl\/index.php?rest_route=%2Fwp%2Fv2%2Fmedia&parent=4512"}],"wp:term":[{"taxonomy":"product_brand","embeddable":true,"href":"https:\/\/koraledetale.pl\/index.php?rest_route=%2Fwp%2Fv2%2Fproduct_brand&post=4512"},{"taxonomy":"product_cat","embeddable":true,"href":"https:\/\/koraledetale.pl\/index.php?rest_route=%2Fwp%2Fv2%2Fproduct_cat&post=4512"},{"taxonomy":"product_tag","embeddable":true,"href":"https:\/\/koraledetale.pl\/index.php?rest_route=%2Fwp%2Fv2%2Fproduct_tag&post=4512"}],"curies":[{"name":"wp","href":"https:\/\/api.w.org\/{rel}","templated":true}]}}