{"id":4511,"date":"2023-09-04T07:22:00","date_gmt":"2023-09-04T07:22:00","guid":{"rendered":"https:\/\/koraledetale.pl\/?post_type=product&#038;p=4511"},"modified":"2023-10-02T18:05:46","modified_gmt":"2023-10-02T18:05:46","slug":"kolczyki-pastelowa-tecza-ii-z-amazonitem","status":"publish","type":"product","link":"https:\/\/koraledetale.pl\/?product=kolczyki-pastelowa-tecza-ii-z-amazonitem","title":{"rendered":"Kolczyki PASTELOWA T\u0118CZA II z amazonitem"},"content":{"rendered":"<p>Wielko\u015b\u0107 amazonitu \u2013 5 mm.<\/p>\n<p>D\u0142ugo\u015b\u0107 kolczyk\u00f3w &#8211; 1,8 cm.<\/p>\n","protected":false},"excerpt":{"rendered":"<p>Drobne kolczyki z nieuczulaj\u0105cej stali szlachetnej, otwarte k\u00f3\u0142ka na sztyftach z zawieszk\u0105 &#8211; amazonitem w srebrnej oprawie.<\/p>\n","protected":false},"featured_media":4507,"comment_status":"open","ping_status":"closed","template":"","meta":{"advanced_seo_description":"","jetpack_seo_html_title":"","jetpack_seo_noindex":false},"product_brand":[],"product_cat":[229],"product_tag":[53,1641,1651,1369,1370],"class_list":{"0":"post-4511","1":"product","2":"type-product","3":"status-publish","4":"has-post-thumbnail","6":"product_cat-sprzedane","7":"product_tag-amazonit","8":"product_tag-drobne-kolczyki-na-sztyftach","9":"product_tag-drobne-kolczyki-z-amazonitem","10":"product_tag-drobne-kolczyki-ze-stali-chirurgicznej","11":"product_tag-drobne-kolczyki-ze-stali-szlachetnej","13":"first","14":"outofstock","15":"shipping-taxable","16":"purchasable","17":"product-type-simple"},"jetpack_sharing_enabled":true,"_links":{"self":[{"href":"https:\/\/koraledetale.pl\/index.php?rest_route=\/wp\/v2\/product\/4511","targetHints":{"allow":["GET"]}}],"collection":[{"href":"https:\/\/koraledetale.pl\/index.php?rest_route=\/wp\/v2\/product"}],"about":[{"href":"https:\/\/koraledetale.pl\/index.php?rest_route=\/wp\/v2\/types\/product"}],"replies":[{"embeddable":true,"href":"https:\/\/koraledetale.pl\/index.php?rest_route=%2Fwp%2Fv2%2Fcomments&post=4511"}],"wp:featuredmedia":[{"embeddable":true,"href":"https:\/\/koraledetale.pl\/index.php?rest_route=\/wp\/v2\/media\/4507"}],"wp:attachment":[{"href":"https:\/\/koraledetale.pl\/index.php?rest_route=%2Fwp%2Fv2%2Fmedia&parent=4511"}],"wp:term":[{"taxonomy":"product_brand","embeddable":true,"href":"https:\/\/koraledetale.pl\/index.php?rest_route=%2Fwp%2Fv2%2Fproduct_brand&post=4511"},{"taxonomy":"product_cat","embeddable":true,"href":"https:\/\/koraledetale.pl\/index.php?rest_route=%2Fwp%2Fv2%2Fproduct_cat&post=4511"},{"taxonomy":"product_tag","embeddable":true,"href":"https:\/\/koraledetale.pl\/index.php?rest_route=%2Fwp%2Fv2%2Fproduct_tag&post=4511"}],"curies":[{"name":"wp","href":"https:\/\/api.w.org\/{rel}","templated":true}]}}