{"id":4500,"date":"2023-09-04T07:03:22","date_gmt":"2023-09-04T07:03:22","guid":{"rendered":"https:\/\/koraledetale.pl\/?post_type=product&#038;p=4500"},"modified":"2023-10-02T18:05:06","modified_gmt":"2023-10-02T18:05:06","slug":"naszyjnik-pastelowa-tecza-ii-z-turmalinami-i-amazonitem","status":"publish","type":"product","link":"https:\/\/koraledetale.pl\/?product=naszyjnik-pastelowa-tecza-ii-z-turmalinami-i-amazonitem","title":{"rendered":"Naszyjnik PASTELOWA T\u0118CZA II z turmalinami i amazonitem"},"content":{"rendered":"<p>Wielko\u015b\u0107 kamieni:<\/p>\n<ul>\n<li>turmalin &#8211; 2,8 mm,<\/li>\n<li>hematyt &#8211; 2&#215;1 mm i 2 mm,<\/li>\n<li>amazonit &#8211; 5 mm.<\/li>\n<\/ul>\n<p>D\u0142ugo\u015b\u0107 naszyjnika: 39 &#8211; 44 cm.<\/p>\n<p>Wszystkie elementy metalowe (opr\u00f3cz zawieszki) wykonane s\u0105 z nieuczulaj\u0105cej stali szlachetnej.<\/p>\n<p>&nbsp;<\/p>\n","protected":false},"excerpt":{"rendered":"<p>Naszyjnik z drobnych, r\u00f3\u017cowych i b\u0142\u0119kitnych turmalin\u00f3w, przeplatanych z\u0142otymi i srebrnymi hematytami, zwie\u0144czony niewielkim amazonitem w srebrnej oprawie.<\/p>\n","protected":false},"featured_media":4503,"comment_status":"open","ping_status":"closed","template":"","meta":{"advanced_seo_description":"","jetpack_seo_html_title":"","jetpack_seo_noindex":false},"product_brand":[],"product_cat":[229],"product_tag":[53,148,1617,1649,186,26,87,1468,31],"class_list":{"0":"post-4500","1":"product","2":"type-product","3":"status-publish","4":"has-post-thumbnail","6":"product_cat-sprzedane","7":"product_tag-amazonit","8":"product_tag-naszyjnik-z-drobnych-kamieni","9":"product_tag-naszyjnik-z-pastelowymi-kamieniami","10":"product_tag-naszyjnik-z-rozowymi-i-blekitnymi-turmalinami","11":"product_tag-naszyjnik-z-turmalinami","12":"product_tag-srebrny-hematyt","13":"product_tag-turmalin","14":"product_tag-zawieszka-z-amazonitem","15":"product_tag-zloty-hematyt","17":"first","18":"outofstock","19":"shipping-taxable","20":"purchasable","21":"product-type-simple"},"jetpack_sharing_enabled":true,"_links":{"self":[{"href":"https:\/\/koraledetale.pl\/index.php?rest_route=\/wp\/v2\/product\/4500","targetHints":{"allow":["GET"]}}],"collection":[{"href":"https:\/\/koraledetale.pl\/index.php?rest_route=\/wp\/v2\/product"}],"about":[{"href":"https:\/\/koraledetale.pl\/index.php?rest_route=\/wp\/v2\/types\/product"}],"replies":[{"embeddable":true,"href":"https:\/\/koraledetale.pl\/index.php?rest_route=%2Fwp%2Fv2%2Fcomments&post=4500"}],"wp:featuredmedia":[{"embeddable":true,"href":"https:\/\/koraledetale.pl\/index.php?rest_route=\/wp\/v2\/media\/4503"}],"wp:attachment":[{"href":"https:\/\/koraledetale.pl\/index.php?rest_route=%2Fwp%2Fv2%2Fmedia&parent=4500"}],"wp:term":[{"taxonomy":"product_brand","embeddable":true,"href":"https:\/\/koraledetale.pl\/index.php?rest_route=%2Fwp%2Fv2%2Fproduct_brand&post=4500"},{"taxonomy":"product_cat","embeddable":true,"href":"https:\/\/koraledetale.pl\/index.php?rest_route=%2Fwp%2Fv2%2Fproduct_cat&post=4500"},{"taxonomy":"product_tag","embeddable":true,"href":"https:\/\/koraledetale.pl\/index.php?rest_route=%2Fwp%2Fv2%2Fproduct_tag&post=4500"}],"curies":[{"name":"wp","href":"https:\/\/api.w.org\/{rel}","templated":true}]}}