{"id":4492,"date":"2023-08-31T16:40:31","date_gmt":"2023-08-31T16:40:31","guid":{"rendered":"https:\/\/koraledetale.pl\/?post_type=product&#038;p=4492"},"modified":"2024-01-24T12:07:36","modified_gmt":"2024-01-24T12:07:36","slug":"naszyjnik-zwierciadlo-duszy-z-czarnym-turmalinem","status":"publish","type":"product","link":"https:\/\/koraledetale.pl\/?product=naszyjnik-zwierciadlo-duszy-z-czarnym-turmalinem","title":{"rendered":"Naszyjnik ZWIERCIAD\u0141O DUSZY z czarnym turmalinem"},"content":{"rendered":"<p>Wielko\u015b\u0107 kamieni:<\/p>\n<ul>\n<li>czarny turmalin \u2013 5 mm,<\/li>\n<li>hematyt \u2013 3\u00d71 i 2,5 mm.<\/li>\n<\/ul>\n<p>D\u0142ugo\u015b\u0107 naszyjnika \u2013 kr\u00f3tszej cz\u0119\u015bci z \u0142a\u0144cuszkiem 55 cm, d\u0142u\u017cszej cz\u0119\u015bci 58 cm + zawieszka 1,6 cm. Naszyjnik ma przed\u0142u\u017ck\u0119 \u2013 5 cm.<\/p>\n<p>Wszystkie elementy metalowe wykonane s\u0105 z nieuczulaj\u0105cej stali szlachetnej.<\/p>\n","protected":false},"excerpt":{"rendered":"<p>Warstwowy naszyjnik z \u0142a\u0144cuszkiem oraz sznurem czarnych turmalin\u00f3w z wplecionymi z\u0142otymi hematytami. Kamienie zasupe\u0142kowane s\u0105 na czerwonej, mocnej nici jubilerskiej. Zwie\u0144czeniem naszyjnika jest zawieszka \u2013 symbol trzeciego oka.<\/p>\n","protected":false},"featured_media":4494,"comment_status":"open","ping_status":"closed","template":"","meta":{"advanced_seo_description":"","jetpack_seo_html_title":"","jetpack_seo_noindex":false},"product_brand":[],"product_cat":[229],"product_tag":[288,292,506,1356,1646,1645,1647,31],"class_list":{"0":"post-4492","1":"product","2":"type-product","3":"status-publish","4":"has-post-thumbnail","6":"product_cat-sprzedane","7":"product_tag-czarny-turmalin","8":"product_tag-czarny-turmalin-na-czerwonym-sznureczku","9":"product_tag-naszyjnik-z-czarnym-turmalinem","10":"product_tag-naszyjnik-z-kamieniami-ochronnymi","11":"product_tag-naszyjnik-z-okiem","12":"product_tag-ochronny-naszyjnik","13":"product_tag-warstwowy-naszyjnik-z-czarnymi-kamieniami","14":"product_tag-zloty-hematyt","16":"first","17":"outofstock","18":"shipping-taxable","19":"purchasable","20":"product-type-simple"},"jetpack_sharing_enabled":true,"_links":{"self":[{"href":"https:\/\/koraledetale.pl\/index.php?rest_route=\/wp\/v2\/product\/4492","targetHints":{"allow":["GET"]}}],"collection":[{"href":"https:\/\/koraledetale.pl\/index.php?rest_route=\/wp\/v2\/product"}],"about":[{"href":"https:\/\/koraledetale.pl\/index.php?rest_route=\/wp\/v2\/types\/product"}],"replies":[{"embeddable":true,"href":"https:\/\/koraledetale.pl\/index.php?rest_route=%2Fwp%2Fv2%2Fcomments&post=4492"}],"wp:featuredmedia":[{"embeddable":true,"href":"https:\/\/koraledetale.pl\/index.php?rest_route=\/wp\/v2\/media\/4494"}],"wp:attachment":[{"href":"https:\/\/koraledetale.pl\/index.php?rest_route=%2Fwp%2Fv2%2Fmedia&parent=4492"}],"wp:term":[{"taxonomy":"product_brand","embeddable":true,"href":"https:\/\/koraledetale.pl\/index.php?rest_route=%2Fwp%2Fv2%2Fproduct_brand&post=4492"},{"taxonomy":"product_cat","embeddable":true,"href":"https:\/\/koraledetale.pl\/index.php?rest_route=%2Fwp%2Fv2%2Fproduct_cat&post=4492"},{"taxonomy":"product_tag","embeddable":true,"href":"https:\/\/koraledetale.pl\/index.php?rest_route=%2Fwp%2Fv2%2Fproduct_tag&post=4492"}],"curies":[{"name":"wp","href":"https:\/\/api.w.org\/{rel}","templated":true}]}}