{"id":4491,"date":"2023-08-30T11:46:03","date_gmt":"2023-08-30T11:46:03","guid":{"rendered":"https:\/\/koraledetale.pl\/?post_type=product&#038;p=4491"},"modified":"2023-08-31T08:56:21","modified_gmt":"2023-08-31T08:56:21","slug":"naszyjnik-opary-rozu-z-rozowymi-opalami-i-perla","status":"publish","type":"product","link":"https:\/\/koraledetale.pl\/?product=naszyjnik-opary-rozu-z-rozowymi-opalami-i-perla","title":{"rendered":"Naszyjnik OPARY R\u00d3\u017bU z r\u00f3\u017cowymi opalami i per\u0142\u0105"},"content":{"rendered":"<p>Wielko\u015b\u0107 kamieni:<\/p>\n<ul>\n<li>opal \u2013 2 mm,<\/li>\n<li>hematyt \u2013 2,5 mm,<\/li>\n<li>per\u0142a \u2013 ok. 5\u00d74 mm.<\/li>\n<\/ul>\n<p>D\u0142ugo\u015b\u0107 naszyjnika: 34,5 &#8211; 38 cm.<\/p>\n<p>Wszystkie elementy metalowe wykonane s\u0105 z nieuczulaj\u0105cej stali chirurgicznej.<\/p>\n","protected":false},"excerpt":{"rendered":"<p>Choker z r\u00f3\u017cowymi opalami przeplatanym z\u0142otymi hematytami, zasupe\u0142kowanymi na r\u00f3\u017cowej, mocnej nici jubilerskiej. Naszyjnik zdobi\u0105 dwie zawieszki z r\u00f3\u017cowych pere\u0142 \u2013 w centrum i przy przed\u0142u\u017cce.<\/p>\n","protected":false},"featured_media":4486,"comment_status":"open","ping_status":"closed","template":"","meta":{"advanced_seo_description":"","jetpack_seo_html_title":"","jetpack_seo_noindex":false},"product_brand":[],"product_cat":[229],"product_tag":[1643,472,280,1644,75,466,31],"class_list":{"0":"post-4491","1":"product","2":"type-product","3":"status-publish","4":"has-post-thumbnail","6":"product_cat-sprzedane","7":"product_tag-choker-z-rozowymi-opalami-i-perla","8":"product_tag-krotki-naszyjnik-z-drobnych-kamieni","9":"product_tag-krotki-naszyjnik-z-kamieniami-naturalnymi","10":"product_tag-krotki-naszyjnik-z-rozowymi-opalami-i-rozowa-perla","11":"product_tag-rozowa-perla","12":"product_tag-rozowy-opal","13":"product_tag-zloty-hematyt","15":"first","16":"outofstock","17":"shipping-taxable","18":"purchasable","19":"product-type-simple"},"jetpack_sharing_enabled":true,"_links":{"self":[{"href":"https:\/\/koraledetale.pl\/index.php?rest_route=\/wp\/v2\/product\/4491","targetHints":{"allow":["GET"]}}],"collection":[{"href":"https:\/\/koraledetale.pl\/index.php?rest_route=\/wp\/v2\/product"}],"about":[{"href":"https:\/\/koraledetale.pl\/index.php?rest_route=\/wp\/v2\/types\/product"}],"replies":[{"embeddable":true,"href":"https:\/\/koraledetale.pl\/index.php?rest_route=%2Fwp%2Fv2%2Fcomments&post=4491"}],"wp:featuredmedia":[{"embeddable":true,"href":"https:\/\/koraledetale.pl\/index.php?rest_route=\/wp\/v2\/media\/4486"}],"wp:attachment":[{"href":"https:\/\/koraledetale.pl\/index.php?rest_route=%2Fwp%2Fv2%2Fmedia&parent=4491"}],"wp:term":[{"taxonomy":"product_brand","embeddable":true,"href":"https:\/\/koraledetale.pl\/index.php?rest_route=%2Fwp%2Fv2%2Fproduct_brand&post=4491"},{"taxonomy":"product_cat","embeddable":true,"href":"https:\/\/koraledetale.pl\/index.php?rest_route=%2Fwp%2Fv2%2Fproduct_cat&post=4491"},{"taxonomy":"product_tag","embeddable":true,"href":"https:\/\/koraledetale.pl\/index.php?rest_route=%2Fwp%2Fv2%2Fproduct_tag&post=4491"}],"curies":[{"name":"wp","href":"https:\/\/api.w.org\/{rel}","templated":true}]}}