{"id":4481,"date":"2023-08-29T17:54:11","date_gmt":"2023-08-29T17:54:11","guid":{"rendered":"https:\/\/koraledetale.pl\/?post_type=product&#038;p=4481"},"modified":"2023-12-24T00:00:38","modified_gmt":"2023-12-24T00:00:38","slug":"naszyjnik-schylek-lata-z-kwarcem-truskawkowym-cytrynem-i-opalem","status":"publish","type":"product","link":"https:\/\/koraledetale.pl\/?product=naszyjnik-schylek-lata-z-kwarcem-truskawkowym-cytrynem-i-opalem","title":{"rendered":"Naszyjnik SCHY\u0141EK LATA z kwarcem truskawkowym, cytrynem i opalem"},"content":{"rendered":"<p>Wielko\u015b\u0107 kamieni:<\/p>\n<ul>\n<li>kwarc truskawkowy &#8211; 3,5 mm i 10&#215;7 mm,<\/li>\n<li>cytryn &#8211; 3 mm,<\/li>\n<li>opal r\u00f3\u017cowy &#8211; 2,5 mm,<\/li>\n<li>hematyt &#8211; 2 mm.<\/li>\n<\/ul>\n<p>D\u0142ugo\u015b\u0107 naszyjnika &#8211; 46 cm + zawieszka 1,9 cm.<\/p>\n<p>Wszystkie elementy metalowe wykonane s\u0105 z nieuczulaj\u0105cej stali szlachetnej.<\/p>\n","protected":false},"excerpt":{"rendered":"<p>Lekki, delikatny, supe\u0142kowy naszyjnik z jasnymi kamieniami naturalnymi: kwarcem truskawkowym, cytrynem i r\u00f3\u017cowym opalem, przeplatanymi z\u0142otymi hematytami, zwie\u0144czony kropl\u0105 kwarcu truskwakowego.<\/p>\n","protected":false},"featured_media":4482,"comment_status":"open","ping_status":"closed","template":"","meta":{"advanced_seo_description":"","jetpack_seo_html_title":"","jetpack_seo_noindex":false},"product_brand":[],"product_cat":[229],"product_tag":[193,537,67,58,223,1617,355,91],"class_list":{"0":"post-4481","1":"product","2":"type-product","3":"status-publish","4":"has-post-thumbnail","6":"product_cat-sprzedane","7":"product_tag-cytryn","8":"product_tag-delikatny-naszyjnik-z-kamieniami-naturalnymi","9":"product_tag-hematyt","10":"product_tag-kwarc-truskawkowy","11":"product_tag-naszyjnik-z-kwarcem-truskawkowym","12":"product_tag-naszyjnik-z-pastelowymi-kamieniami","13":"product_tag-naszyjnik-z-rozowymi-kamieniami","14":"product_tag-opal-rozowy","16":"first","17":"outofstock","18":"shipping-taxable","19":"purchasable","20":"product-type-simple"},"jetpack_sharing_enabled":true,"_links":{"self":[{"href":"https:\/\/koraledetale.pl\/index.php?rest_route=\/wp\/v2\/product\/4481","targetHints":{"allow":["GET"]}}],"collection":[{"href":"https:\/\/koraledetale.pl\/index.php?rest_route=\/wp\/v2\/product"}],"about":[{"href":"https:\/\/koraledetale.pl\/index.php?rest_route=\/wp\/v2\/types\/product"}],"replies":[{"embeddable":true,"href":"https:\/\/koraledetale.pl\/index.php?rest_route=%2Fwp%2Fv2%2Fcomments&post=4481"}],"wp:featuredmedia":[{"embeddable":true,"href":"https:\/\/koraledetale.pl\/index.php?rest_route=\/wp\/v2\/media\/4482"}],"wp:attachment":[{"href":"https:\/\/koraledetale.pl\/index.php?rest_route=%2Fwp%2Fv2%2Fmedia&parent=4481"}],"wp:term":[{"taxonomy":"product_brand","embeddable":true,"href":"https:\/\/koraledetale.pl\/index.php?rest_route=%2Fwp%2Fv2%2Fproduct_brand&post=4481"},{"taxonomy":"product_cat","embeddable":true,"href":"https:\/\/koraledetale.pl\/index.php?rest_route=%2Fwp%2Fv2%2Fproduct_cat&post=4481"},{"taxonomy":"product_tag","embeddable":true,"href":"https:\/\/koraledetale.pl\/index.php?rest_route=%2Fwp%2Fv2%2Fproduct_tag&post=4481"}],"curies":[{"name":"wp","href":"https:\/\/api.w.org\/{rel}","templated":true}]}}