{"id":4479,"date":"2023-08-26T10:38:00","date_gmt":"2023-08-26T10:38:00","guid":{"rendered":"https:\/\/koraledetale.pl\/?post_type=product&#038;p=4479"},"modified":"2023-09-01T12:10:01","modified_gmt":"2023-09-01T12:10:01","slug":"kolczyki-zielone-z-turmalinem","status":"publish","type":"product","link":"https:\/\/koraledetale.pl\/?product=kolczyki-zielone-z-turmalinem","title":{"rendered":"Kolczyki ZIELONE z turmalinem"},"content":{"rendered":"<p>Wielko\u015b\u0107 turmalinu \u2013 6 x 6 x 3,5 mm.<\/p>\n<p>D\u0142ugo\u015b\u0107 kolczyk\u00f3w \u2013 1,7 cm.<\/p>\n<p>Wszystkie elementy metalowe wykonane s\u0105 z nieuczulaj\u0105cej stali szlachetnej.<\/p>\n","protected":false},"excerpt":{"rendered":"<p>Drobne kolczyki na sztyftach z \u0142ezkami zielonego turmalinu zawieszonego na blaszkach z wyt\u0142oczon\u0105 faktur\u0105.<\/p>\n","protected":false},"featured_media":4478,"comment_status":"open","ping_status":"closed","template":"","meta":{"advanced_seo_description":"","jetpack_seo_html_title":"","jetpack_seo_noindex":false},"product_brand":[],"product_cat":[229],"product_tag":[1641,1374,1630,1631,1022,87],"class_list":{"0":"post-4479","1":"product","2":"type-product","3":"status-publish","4":"has-post-thumbnail","6":"product_cat-sprzedane","7":"product_tag-drobne-kolczyki-na-sztyftach","8":"product_tag-drobne-kolczyki-z-turmalinem","9":"product_tag-kolczyki-na-sztyftach-ze-stali-chirurgicznej","10":"product_tag-kolczyki-na-sztyftach-ze-stali-szlachetnej","11":"product_tag-kolczyki-z-zielonymi-kamieniami","12":"product_tag-turmalin","14":"first","15":"outofstock","16":"shipping-taxable","17":"purchasable","18":"product-type-simple"},"jetpack_sharing_enabled":true,"_links":{"self":[{"href":"https:\/\/koraledetale.pl\/index.php?rest_route=\/wp\/v2\/product\/4479","targetHints":{"allow":["GET"]}}],"collection":[{"href":"https:\/\/koraledetale.pl\/index.php?rest_route=\/wp\/v2\/product"}],"about":[{"href":"https:\/\/koraledetale.pl\/index.php?rest_route=\/wp\/v2\/types\/product"}],"replies":[{"embeddable":true,"href":"https:\/\/koraledetale.pl\/index.php?rest_route=%2Fwp%2Fv2%2Fcomments&post=4479"}],"wp:featuredmedia":[{"embeddable":true,"href":"https:\/\/koraledetale.pl\/index.php?rest_route=\/wp\/v2\/media\/4478"}],"wp:attachment":[{"href":"https:\/\/koraledetale.pl\/index.php?rest_route=%2Fwp%2Fv2%2Fmedia&parent=4479"}],"wp:term":[{"taxonomy":"product_brand","embeddable":true,"href":"https:\/\/koraledetale.pl\/index.php?rest_route=%2Fwp%2Fv2%2Fproduct_brand&post=4479"},{"taxonomy":"product_cat","embeddable":true,"href":"https:\/\/koraledetale.pl\/index.php?rest_route=%2Fwp%2Fv2%2Fproduct_cat&post=4479"},{"taxonomy":"product_tag","embeddable":true,"href":"https:\/\/koraledetale.pl\/index.php?rest_route=%2Fwp%2Fv2%2Fproduct_tag&post=4479"}],"curies":[{"name":"wp","href":"https:\/\/api.w.org\/{rel}","templated":true}]}}