{"id":4474,"date":"2023-08-26T10:32:18","date_gmt":"2023-08-26T10:32:18","guid":{"rendered":"https:\/\/koraledetale.pl\/?post_type=product&#038;p=4474"},"modified":"2024-03-21T19:49:45","modified_gmt":"2024-03-21T19:49:45","slug":"kolczyki-koniki-morskie-z-koralem-turkusem-i-lapis-lazuli","status":"publish","type":"product","link":"https:\/\/koraledetale.pl\/?product=kolczyki-koniki-morskie-z-koralem-turkusem-i-lapis-lazuli","title":{"rendered":"Kolczyki KONIKI MORSKIE z koralem, turkusem i lapis lazuli"},"content":{"rendered":"<p>Wielko\u015b\u0107 kamieni:<\/p>\n<ul>\n<li>koral &#8211; 5&#215;3,5 mm,<\/li>\n<li>turkus &#8211; 4&#215;2,5 mm,<\/li>\n<li>lapis lazuli &#8211; 4 mm,<\/li>\n<li>hematyt &#8211; 3&#215;2 mm i 2 mm.<\/li>\n<\/ul>\n<p>D\u0142ugo\u015b\u0107 kolczyk\u00f3w: 3 i 3,2 cm.<\/p>\n<p>Wszystkie elementy metalowe wykonane s\u0105 z nieuczulaj\u0105cej stali szlachetnej.<\/p>\n","protected":false},"excerpt":{"rendered":"<p>Wakacyjne, weso\u0142e, asymetryczne\u00a0 koczyki na sztyfcie z konikami morskimi i kamieniami naturalnymi: koralem, turkusem, lapis lazuli oraz przek\u0142adkami ze z\u0142otego hematytu.<\/p>\n","protected":false},"featured_media":4477,"comment_status":"open","ping_status":"closed","template":"","meta":{"advanced_seo_description":"","jetpack_seo_html_title":"","jetpack_seo_noindex":false},"product_brand":[],"product_cat":[229],"product_tag":[1006,1630,1631,1639,82,1409,1640,105,1638,31],"class_list":{"0":"post-4474","1":"product","2":"type-product","3":"status-publish","4":"has-post-thumbnail","6":"product_cat-sprzedane","7":"product_tag-asymetryczne-kolczyki-na-sztyftach","8":"product_tag-kolczyki-na-sztyftach-ze-stali-chirurgicznej","9":"product_tag-kolczyki-na-sztyftach-ze-stali-szlachetnej","10":"product_tag-kolczyki-z-konikami-morskimi-i-kamieniami-naturalnymi","11":"product_tag-koral","12":"product_tag-lapis-lazuli","13":"product_tag-morskie-kolczyki-z-kolorowymi-kamieniami","14":"product_tag-turkus","15":"product_tag-wakacyjne-kolczyki-z-koralem-lapis-lazuli-i-turkusem","16":"product_tag-zloty-hematyt","18":"first","19":"outofstock","20":"shipping-taxable","21":"purchasable","22":"product-type-simple"},"jetpack_sharing_enabled":true,"_links":{"self":[{"href":"https:\/\/koraledetale.pl\/index.php?rest_route=\/wp\/v2\/product\/4474","targetHints":{"allow":["GET"]}}],"collection":[{"href":"https:\/\/koraledetale.pl\/index.php?rest_route=\/wp\/v2\/product"}],"about":[{"href":"https:\/\/koraledetale.pl\/index.php?rest_route=\/wp\/v2\/types\/product"}],"replies":[{"embeddable":true,"href":"https:\/\/koraledetale.pl\/index.php?rest_route=%2Fwp%2Fv2%2Fcomments&post=4474"}],"wp:featuredmedia":[{"embeddable":true,"href":"https:\/\/koraledetale.pl\/index.php?rest_route=\/wp\/v2\/media\/4477"}],"wp:attachment":[{"href":"https:\/\/koraledetale.pl\/index.php?rest_route=%2Fwp%2Fv2%2Fmedia&parent=4474"}],"wp:term":[{"taxonomy":"product_brand","embeddable":true,"href":"https:\/\/koraledetale.pl\/index.php?rest_route=%2Fwp%2Fv2%2Fproduct_brand&post=4474"},{"taxonomy":"product_cat","embeddable":true,"href":"https:\/\/koraledetale.pl\/index.php?rest_route=%2Fwp%2Fv2%2Fproduct_cat&post=4474"},{"taxonomy":"product_tag","embeddable":true,"href":"https:\/\/koraledetale.pl\/index.php?rest_route=%2Fwp%2Fv2%2Fproduct_tag&post=4474"}],"curies":[{"name":"wp","href":"https:\/\/api.w.org\/{rel}","templated":true}]}}