{"id":4449,"date":"2023-08-21T06:31:05","date_gmt":"2023-08-21T06:31:05","guid":{"rendered":"https:\/\/koraledetale.pl\/?post_type=product&#038;p=4449"},"modified":"2024-02-16T15:08:32","modified_gmt":"2024-02-16T15:08:32","slug":"bransoletka-cytrynka-ii-z-cytrynami","status":"publish","type":"product","link":"https:\/\/koraledetale.pl\/?product=bransoletka-cytrynka-ii-z-cytrynami","title":{"rendered":"Bransoletka CYTRYNKA II z cytrynami"},"content":{"rendered":"<p>Wielko\u015b\u0107 kamieni:<\/p>\n<ul>\n<li>cytryn \u2013 11\u00d76 mm, ok. 9&#215;6 mm, 7 mm, 4,5&#215;3 mm i 6,5&#215;4,5,<\/li>\n<li>hematyt \u2013 3\u00d71 mm i 2 mm.<\/li>\n<\/ul>\n<p>D\u0142ugo\u015b\u0107 bransoletki: 17,5 \u2013 21 cm.<\/p>\n","protected":false},"excerpt":{"rendered":"<p>Bransoletka z cytryn\u00f3w o r\u00f3\u017cnych kszta\u0142tach: g\u0142adkiego wa\u0142eczka, fasetowanych oponek i g\u0142adkich oliwek, przeplatanych z\u0142otymi hematytami, z zawieszkami &#8211; jednostronn\u0105 monet\u0105, g\u0142adk\u0105 kulk\u0105 cytrynu oraz fasetowan\u0105 oponk\u0105 przy przed\u0142u\u017cce.<\/p>\n","protected":false},"featured_media":4452,"comment_status":"open","ping_status":"closed","template":"","meta":{"advanced_seo_description":"","jetpack_seo_html_title":"","jetpack_seo_noindex":false},"product_brand":[],"product_cat":[229],"product_tag":[753,80,503,1634,193,31],"class_list":{"0":"post-4449","1":"product","2":"type-product","3":"status-publish","4":"has-post-thumbnail","6":"product_cat-sprzedane","7":"product_tag-bransoletka-z-cytrynami","8":"product_tag-bransoletka-z-kamieniami-naturalnymi","9":"product_tag-bransoletka-z-zawieszkami","10":"product_tag-bransoletka-z-zoltymi-kamieniami","11":"product_tag-cytryn","12":"product_tag-zloty-hematyt","14":"first","15":"outofstock","16":"shipping-taxable","17":"purchasable","18":"product-type-simple"},"jetpack_sharing_enabled":true,"_links":{"self":[{"href":"https:\/\/koraledetale.pl\/index.php?rest_route=\/wp\/v2\/product\/4449","targetHints":{"allow":["GET"]}}],"collection":[{"href":"https:\/\/koraledetale.pl\/index.php?rest_route=\/wp\/v2\/product"}],"about":[{"href":"https:\/\/koraledetale.pl\/index.php?rest_route=\/wp\/v2\/types\/product"}],"replies":[{"embeddable":true,"href":"https:\/\/koraledetale.pl\/index.php?rest_route=%2Fwp%2Fv2%2Fcomments&post=4449"}],"wp:featuredmedia":[{"embeddable":true,"href":"https:\/\/koraledetale.pl\/index.php?rest_route=\/wp\/v2\/media\/4452"}],"wp:attachment":[{"href":"https:\/\/koraledetale.pl\/index.php?rest_route=%2Fwp%2Fv2%2Fmedia&parent=4449"}],"wp:term":[{"taxonomy":"product_brand","embeddable":true,"href":"https:\/\/koraledetale.pl\/index.php?rest_route=%2Fwp%2Fv2%2Fproduct_brand&post=4449"},{"taxonomy":"product_cat","embeddable":true,"href":"https:\/\/koraledetale.pl\/index.php?rest_route=%2Fwp%2Fv2%2Fproduct_cat&post=4449"},{"taxonomy":"product_tag","embeddable":true,"href":"https:\/\/koraledetale.pl\/index.php?rest_route=%2Fwp%2Fv2%2Fproduct_tag&post=4449"}],"curies":[{"name":"wp","href":"https:\/\/api.w.org\/{rel}","templated":true}]}}