{"id":4425,"date":"2023-08-15T10:48:06","date_gmt":"2023-08-15T10:48:06","guid":{"rendered":"https:\/\/koraledetale.pl\/?post_type=product&#038;p=4425"},"modified":"2023-12-10T00:00:21","modified_gmt":"2023-12-10T00:00:21","slug":"lancuszek-pelnia-lata-z-ametystem-turmalinem-i-onyksem","status":"publish","type":"product","link":"https:\/\/koraledetale.pl\/?product=lancuszek-pelnia-lata-z-ametystem-turmalinem-i-onyksem","title":{"rendered":"\u0141a\u0144cuszek PE\u0141NIA LATA z ametystem, turmalinem i onyksem"},"content":{"rendered":"<p>Wielko\u015b\u0107 kamieni:<\/p>\n<ul>\n<li>ametyst \u2013 11 x 7 x 4 mm,<\/li>\n<li>turmalin \u2013 6,5 x 6 x 2,5 mm,<\/li>\n<li>onyks \u2013 6 x 6 x 3,5 mm.<\/li>\n<\/ul>\n<p>D\u0142ugo\u015b\u0107 naszyjnika: 40 &#8211; 45,5 cm + zawieszka z kamieniami 4,5 cm.<\/p>\n<p>Wszystkie elementy metalowe wykonane s\u0105 z nieuczulaj\u0105cej stali szlachetnej.<\/p>\n","protected":false},"excerpt":{"rendered":"<p>\u0141a\u0144cuszek z zawieszk\u0105 z kolorowymi kamieniami naturalnymi: krystalicznie czystym, bladozielonym ametystem, r\u00f3\u017cowym turmalinem i zielonym onyksem.<\/p>\n","protected":false},"featured_media":4426,"comment_status":"open","ping_status":"closed","template":"","meta":{"advanced_seo_description":"","jetpack_seo_html_title":"","jetpack_seo_noindex":false},"product_brand":[],"product_cat":[15],"product_tag":[66,187,59,440,152,197,683],"class_list":{"0":"post-4425","1":"product","2":"type-product","3":"status-publish","4":"has-post-thumbnail","6":"product_cat-naszyjniki","7":"product_tag-naszyjnik-z-kamieniami-naturalnymi","8":"product_tag-naszyjnik-z-kolorowymi-kamieniami","9":"product_tag-rozowy-turmalin","10":"product_tag-zielony-ametyst","11":"product_tag-zielony-onyks","12":"product_tag-lancuszek-z-kamieniami-naturalnymi","13":"product_tag-lancuszek-z-kolorowymi-kamieniami","15":"first","16":"instock","17":"shipping-taxable","18":"purchasable","19":"product-type-simple"},"jetpack_sharing_enabled":true,"_links":{"self":[{"href":"https:\/\/koraledetale.pl\/index.php?rest_route=\/wp\/v2\/product\/4425","targetHints":{"allow":["GET"]}}],"collection":[{"href":"https:\/\/koraledetale.pl\/index.php?rest_route=\/wp\/v2\/product"}],"about":[{"href":"https:\/\/koraledetale.pl\/index.php?rest_route=\/wp\/v2\/types\/product"}],"replies":[{"embeddable":true,"href":"https:\/\/koraledetale.pl\/index.php?rest_route=%2Fwp%2Fv2%2Fcomments&post=4425"}],"wp:featuredmedia":[{"embeddable":true,"href":"https:\/\/koraledetale.pl\/index.php?rest_route=\/wp\/v2\/media\/4426"}],"wp:attachment":[{"href":"https:\/\/koraledetale.pl\/index.php?rest_route=%2Fwp%2Fv2%2Fmedia&parent=4425"}],"wp:term":[{"taxonomy":"product_brand","embeddable":true,"href":"https:\/\/koraledetale.pl\/index.php?rest_route=%2Fwp%2Fv2%2Fproduct_brand&post=4425"},{"taxonomy":"product_cat","embeddable":true,"href":"https:\/\/koraledetale.pl\/index.php?rest_route=%2Fwp%2Fv2%2Fproduct_cat&post=4425"},{"taxonomy":"product_tag","embeddable":true,"href":"https:\/\/koraledetale.pl\/index.php?rest_route=%2Fwp%2Fv2%2Fproduct_tag&post=4425"}],"curies":[{"name":"wp","href":"https:\/\/api.w.org\/{rel}","templated":true}]}}