{"id":4414,"date":"2023-08-10T19:31:43","date_gmt":"2023-08-10T19:31:43","guid":{"rendered":"https:\/\/koraledetale.pl\/?post_type=product&#038;p=4414"},"modified":"2023-08-19T09:46:34","modified_gmt":"2023-08-19T09:46:34","slug":"bransoletka-szare-miraze-z-perla-i-czarnym-turmalinem","status":"publish","type":"product","link":"https:\/\/koraledetale.pl\/?product=bransoletka-szare-miraze-z-perla-i-czarnym-turmalinem","title":{"rendered":"Bransoletka SZARE MIRA\u017bE z per\u0142\u0105 i czarnym turmalinem"},"content":{"rendered":"<p>Wielko\u015b\u0107 kamieni:<\/p>\n<ul>\n<li>per\u0142a &#8211; 4,5&#215;4 mm<\/li>\n<li>turmalin &#8211; ok. 4&#215;2,5 mm i 4 mm,<\/li>\n<li>hematyt &#8211; 3&#215;1 mm i 2 mm.<\/li>\n<\/ul>\n<p>D\u0142ugo\u015b\u0107 bransoletki: 17 &#8211; 20 cm.<\/p>\n<p>Wszystkie elementy metalowe wykonane s\u0105 z nieuczulaj\u0105cej stali szlachetnej.<\/p>\n","protected":false},"excerpt":{"rendered":"<p>Bransoletka z szarych pere\u0142 przeplatanych czarnymi turmalinami i z\u0142otymi hematytami, zasupe\u0142kowanymi na mocnej nici jubilerskiej.<\/p>\n","protected":false},"featured_media":4415,"comment_status":"open","ping_status":"closed","template":"","meta":{"advanced_seo_description":"","jetpack_seo_html_title":"","jetpack_seo_noindex":false},"product_brand":[],"product_cat":[229],"product_tag":[80,1619,288,1620,61,31],"class_list":{"0":"post-4414","1":"product","2":"type-product","3":"status-publish","4":"has-post-thumbnail","6":"product_cat-sprzedane","7":"product_tag-bransoletka-z-kamieniami-naturalnymi","8":"product_tag-bransoletka-z-szarymi-perlami-i-czarnymi-turmalinami","9":"product_tag-czarny-turmalin","10":"product_tag-szara-bransoletka","11":"product_tag-szara-perla","12":"product_tag-zloty-hematyt","14":"first","15":"outofstock","16":"shipping-taxable","17":"purchasable","18":"product-type-simple"},"jetpack_sharing_enabled":true,"_links":{"self":[{"href":"https:\/\/koraledetale.pl\/index.php?rest_route=\/wp\/v2\/product\/4414","targetHints":{"allow":["GET"]}}],"collection":[{"href":"https:\/\/koraledetale.pl\/index.php?rest_route=\/wp\/v2\/product"}],"about":[{"href":"https:\/\/koraledetale.pl\/index.php?rest_route=\/wp\/v2\/types\/product"}],"replies":[{"embeddable":true,"href":"https:\/\/koraledetale.pl\/index.php?rest_route=%2Fwp%2Fv2%2Fcomments&post=4414"}],"wp:featuredmedia":[{"embeddable":true,"href":"https:\/\/koraledetale.pl\/index.php?rest_route=\/wp\/v2\/media\/4415"}],"wp:attachment":[{"href":"https:\/\/koraledetale.pl\/index.php?rest_route=%2Fwp%2Fv2%2Fmedia&parent=4414"}],"wp:term":[{"taxonomy":"product_brand","embeddable":true,"href":"https:\/\/koraledetale.pl\/index.php?rest_route=%2Fwp%2Fv2%2Fproduct_brand&post=4414"},{"taxonomy":"product_cat","embeddable":true,"href":"https:\/\/koraledetale.pl\/index.php?rest_route=%2Fwp%2Fv2%2Fproduct_cat&post=4414"},{"taxonomy":"product_tag","embeddable":true,"href":"https:\/\/koraledetale.pl\/index.php?rest_route=%2Fwp%2Fv2%2Fproduct_tag&post=4414"}],"curies":[{"name":"wp","href":"https:\/\/api.w.org\/{rel}","templated":true}]}}