{"id":4413,"date":"2023-08-09T14:41:31","date_gmt":"2023-08-09T14:41:31","guid":{"rendered":"https:\/\/koraledetale.pl\/?post_type=product&#038;p=4413"},"modified":"2023-12-02T00:00:12","modified_gmt":"2023-12-02T00:00:12","slug":"naszyjnik-imbir-z-morganitami","status":"publish","type":"product","link":"https:\/\/koraledetale.pl\/?product=naszyjnik-imbir-z-morganitami","title":{"rendered":"Naszyjnik IMBIR z morganitami"},"content":{"rendered":"<p>Wielko\u015b\u0107 kamieni:<\/p>\n<ul>\n<li>morganit &#8211; 4 mm,<\/li>\n<li>hematyt &#8211; 2,5 mm,<\/li>\n<li>akwamaryn &#8211; 19 x 18,5 x 5,5 mm<\/li>\n<li>kwarc r\u00f3\u017cowy &#8211; 5 x 5,5 mm<\/li>\n<\/ul>\n<p>D\u0142ugo\u015b\u0107 naszyjnika: 8 cm + zawieszka 5,5 cm.<\/p>\n<p>Wszystkie elementy metalowe wykonane s\u0105 z nieuczulaj\u0105cej stali szlachetnej.<\/p>\n","protected":false},"excerpt":{"rendered":"<p>D\u0142ugi naszyjnik z pastelowymi morganitami przeplatanymi z\u0142otymi hematytami, zwie\u0144czony zawieszk\u0105 z akwamarynem i kropl\u0105 r\u00f3\u017cowego kwarcu.<\/p>\n","protected":false},"featured_media":4412,"comment_status":"open","ping_status":"closed","template":"","meta":{"advanced_seo_description":"","jetpack_seo_html_title":"","jetpack_seo_noindex":false},"product_brand":[],"product_cat":[229],"product_tag":[93,1616,216,725,1617,1618,31],"class_list":{"0":"post-4413","1":"product","2":"type-product","3":"status-publish","4":"has-post-thumbnail","6":"product_cat-sprzedane","7":"product_tag-akwamaryn","8":"product_tag-dlugi-naszyjnik-z-morganitami-i-akwamarynem","9":"product_tag-kwarc-rozowy","10":"product_tag-morganit","11":"product_tag-naszyjnik-z-pastelowymi-kamieniami","12":"product_tag-ndlugi-naszyjnik-z-kamieniami-naturalnymi","13":"product_tag-zloty-hematyt","15":"first","16":"outofstock","17":"shipping-taxable","18":"purchasable","19":"product-type-simple"},"jetpack_sharing_enabled":true,"_links":{"self":[{"href":"https:\/\/koraledetale.pl\/index.php?rest_route=\/wp\/v2\/product\/4413","targetHints":{"allow":["GET"]}}],"collection":[{"href":"https:\/\/koraledetale.pl\/index.php?rest_route=\/wp\/v2\/product"}],"about":[{"href":"https:\/\/koraledetale.pl\/index.php?rest_route=\/wp\/v2\/types\/product"}],"replies":[{"embeddable":true,"href":"https:\/\/koraledetale.pl\/index.php?rest_route=%2Fwp%2Fv2%2Fcomments&post=4413"}],"wp:featuredmedia":[{"embeddable":true,"href":"https:\/\/koraledetale.pl\/index.php?rest_route=\/wp\/v2\/media\/4412"}],"wp:attachment":[{"href":"https:\/\/koraledetale.pl\/index.php?rest_route=%2Fwp%2Fv2%2Fmedia&parent=4413"}],"wp:term":[{"taxonomy":"product_brand","embeddable":true,"href":"https:\/\/koraledetale.pl\/index.php?rest_route=%2Fwp%2Fv2%2Fproduct_brand&post=4413"},{"taxonomy":"product_cat","embeddable":true,"href":"https:\/\/koraledetale.pl\/index.php?rest_route=%2Fwp%2Fv2%2Fproduct_cat&post=4413"},{"taxonomy":"product_tag","embeddable":true,"href":"https:\/\/koraledetale.pl\/index.php?rest_route=%2Fwp%2Fv2%2Fproduct_tag&post=4413"}],"curies":[{"name":"wp","href":"https:\/\/api.w.org\/{rel}","templated":true}]}}