{"id":4404,"date":"2023-08-03T06:48:01","date_gmt":"2023-08-03T06:48:01","guid":{"rendered":"https:\/\/koraledetale.pl\/?post_type=product&#038;p=4404"},"modified":"2023-11-29T13:46:58","modified_gmt":"2023-11-29T13:46:58","slug":"naszyjnik-solaris-z-kamieniami-slonecznymi","status":"publish","type":"product","link":"https:\/\/koraledetale.pl\/?product=naszyjnik-solaris-z-kamieniami-slonecznymi","title":{"rendered":"Naszyjnik SOLARIS z kamieniami s\u0142onecznymi"},"content":{"rendered":"<p>Wielko\u015b\u0107 kamieni:<\/p>\n<ul>\n<li>kamie\u0144 s\u0142oneczny \u2013 3,8 mm,<\/li>\n<li>hematyt \u2013 3\u00d71 i 2,5 mm.<\/li>\n<\/ul>\n<p>D\u0142ugo\u015b\u0107 naszyjnika \u2013 kr\u00f3tszej cz\u0119\u015bci z \u0142a\u0144cuszkiem 55 cm, d\u0142u\u017cszej cz\u0119\u015bci 60 cm + zawieszka 2,2 cm. Naszyjnik ma przed\u0142u\u017ck\u0119 \u2013 5 cm.<\/p>\n<p>Wszystkie elementy metalowe wykonane s\u0105 z nieuczulaj\u0105cej stali szlachetnej.<\/p>\n","protected":false},"excerpt":{"rendered":"<p>\u015aredniej d\u0142ugo\u015bci warstwowy naszyjnik z \u0142a\u0144cuszkiem oraz sznurem cieniowanych kamieni s\u0142onecznych, z wplecionymi z\u0142otymi hematytami. Kamienie zasupe\u0142kowane s\u0105 na mocnej nici jubilerskiej. Zwie\u0144czeniem naszyjnika jest zawieszka \u2013 a\u017curowy p\u00f3\u0142ksi\u0119\u017cyc.<\/p>\n","protected":false},"featured_media":4406,"comment_status":"open","ping_status":"closed","template":"","meta":{"advanced_seo_description":"","jetpack_seo_html_title":"","jetpack_seo_noindex":false},"product_brand":[],"product_cat":[229],"product_tag":[94,1613,1614,31,1615],"class_list":{"0":"post-4404","1":"product","2":"type-product","3":"status-publish","4":"has-post-thumbnail","6":"product_cat-sprzedane","7":"product_tag-kamien-sloneczny","8":"product_tag-sredniej-dlugosci-naszyjnik-z-kamieniami-slonecznymi","9":"product_tag-warstwowy-naszyjnik-z-kamieniami-slonecznymi","10":"product_tag-zloty-hematyt","11":"product_tag-lancuszek-z-kamieniami-slonecznymi","13":"first","14":"outofstock","15":"shipping-taxable","16":"purchasable","17":"product-type-simple"},"jetpack_sharing_enabled":true,"_links":{"self":[{"href":"https:\/\/koraledetale.pl\/index.php?rest_route=\/wp\/v2\/product\/4404","targetHints":{"allow":["GET"]}}],"collection":[{"href":"https:\/\/koraledetale.pl\/index.php?rest_route=\/wp\/v2\/product"}],"about":[{"href":"https:\/\/koraledetale.pl\/index.php?rest_route=\/wp\/v2\/types\/product"}],"replies":[{"embeddable":true,"href":"https:\/\/koraledetale.pl\/index.php?rest_route=%2Fwp%2Fv2%2Fcomments&post=4404"}],"wp:featuredmedia":[{"embeddable":true,"href":"https:\/\/koraledetale.pl\/index.php?rest_route=\/wp\/v2\/media\/4406"}],"wp:attachment":[{"href":"https:\/\/koraledetale.pl\/index.php?rest_route=%2Fwp%2Fv2%2Fmedia&parent=4404"}],"wp:term":[{"taxonomy":"product_brand","embeddable":true,"href":"https:\/\/koraledetale.pl\/index.php?rest_route=%2Fwp%2Fv2%2Fproduct_brand&post=4404"},{"taxonomy":"product_cat","embeddable":true,"href":"https:\/\/koraledetale.pl\/index.php?rest_route=%2Fwp%2Fv2%2Fproduct_cat&post=4404"},{"taxonomy":"product_tag","embeddable":true,"href":"https:\/\/koraledetale.pl\/index.php?rest_route=%2Fwp%2Fv2%2Fproduct_tag&post=4404"}],"curies":[{"name":"wp","href":"https:\/\/api.w.org\/{rel}","templated":true}]}}