{"id":4396,"date":"2023-08-02T07:12:47","date_gmt":"2023-08-02T07:12:47","guid":{"rendered":"https:\/\/koraledetale.pl\/?post_type=product&#038;p=4396"},"modified":"2023-08-22T13:25:23","modified_gmt":"2023-08-22T13:25:23","slug":"4396","status":"publish","type":"product","link":"https:\/\/koraledetale.pl\/?product=4396","title":{"rendered":"Naszyjnik AQUA z akwamarynami i lapis lazuli"},"content":{"rendered":"<p>Wielko\u015b\u0107 kamieni:<\/p>\n<ul>\n<li>akwamaryn \u2013 3,5 mm,<\/li>\n<li>lapis lazuli &#8211; 4 mm,<\/li>\n<li>hematyt \u2013 3\u00d71 i 2,5 mm.<\/li>\n<\/ul>\n<p>D\u0142ugo\u015b\u0107 naszyjnika \u2013 kr\u00f3tszej cz\u0119\u015bci z \u0142a\u0144cuszkiem 40 cm, d\u0142u\u017cszej cz\u0119\u015bci 44 cm + zawieszka 2 cm. Naszyjnik ma przed\u0142u\u017ck\u0119 \u2013 5 cm.<\/p>\n<p>Wszystkie elementy metalowe wykonane s\u0105 z nieuczulaj\u0105cej stali szlachetnej.<\/p>\n","protected":false},"excerpt":{"rendered":"<p>Warstwowy naszyjnik z \u0142a\u0144cuszkiem oraz sznurem akwamaryn\u00f3w z wplecionymi z\u0142otymi hematytami i lapis lazuli. Kamienie zasupe\u0142kowane s\u0105 na mocnej nici jubilerskiej. Zwie\u0144czeniem naszyjnika jest zawieszka \u2013 luna z lapis lazuli.<\/p>\n","protected":false},"featured_media":4397,"comment_status":"open","ping_status":"closed","template":"","meta":{"advanced_seo_description":"","jetpack_seo_html_title":"","jetpack_seo_noindex":false},"product_brand":[],"product_cat":[229],"product_tag":[93,67,1409,1611,954,1612,1610,766],"class_list":{"0":"post-4396","1":"product","2":"type-product","3":"status-publish","4":"has-post-thumbnail","6":"product_cat-sprzedane","7":"product_tag-akwamaryn","8":"product_tag-hematyt","9":"product_tag-lapis-lazuli","10":"product_tag-naszyjnik-z-akwamarynami-i-lapis-lazuli","11":"product_tag-naszyjnik-z-blekitnymi-kamieniami","12":"product_tag-warstwowy-naszyjnik-z-akwamarynami","13":"product_tag-lancuszek-z-akwamarynami-i-lapis-lazuli","14":"product_tag-lancuszek-z-luna","16":"first","17":"outofstock","18":"shipping-taxable","19":"purchasable","20":"product-type-simple"},"jetpack_sharing_enabled":true,"_links":{"self":[{"href":"https:\/\/koraledetale.pl\/index.php?rest_route=\/wp\/v2\/product\/4396","targetHints":{"allow":["GET"]}}],"collection":[{"href":"https:\/\/koraledetale.pl\/index.php?rest_route=\/wp\/v2\/product"}],"about":[{"href":"https:\/\/koraledetale.pl\/index.php?rest_route=\/wp\/v2\/types\/product"}],"replies":[{"embeddable":true,"href":"https:\/\/koraledetale.pl\/index.php?rest_route=%2Fwp%2Fv2%2Fcomments&post=4396"}],"wp:featuredmedia":[{"embeddable":true,"href":"https:\/\/koraledetale.pl\/index.php?rest_route=\/wp\/v2\/media\/4397"}],"wp:attachment":[{"href":"https:\/\/koraledetale.pl\/index.php?rest_route=%2Fwp%2Fv2%2Fmedia&parent=4396"}],"wp:term":[{"taxonomy":"product_brand","embeddable":true,"href":"https:\/\/koraledetale.pl\/index.php?rest_route=%2Fwp%2Fv2%2Fproduct_brand&post=4396"},{"taxonomy":"product_cat","embeddable":true,"href":"https:\/\/koraledetale.pl\/index.php?rest_route=%2Fwp%2Fv2%2Fproduct_cat&post=4396"},{"taxonomy":"product_tag","embeddable":true,"href":"https:\/\/koraledetale.pl\/index.php?rest_route=%2Fwp%2Fv2%2Fproduct_tag&post=4396"}],"curies":[{"name":"wp","href":"https:\/\/api.w.org\/{rel}","templated":true}]}}