{"id":4395,"date":"2023-08-01T12:50:56","date_gmt":"2023-08-01T12:50:56","guid":{"rendered":"https:\/\/koraledetale.pl\/?post_type=product&#038;p=4395"},"modified":"2023-08-22T13:26:29","modified_gmt":"2023-08-22T13:26:29","slug":"naszyjnik-tajemnica-z-perlami","status":"publish","type":"product","link":"https:\/\/koraledetale.pl\/?product=naszyjnik-tajemnica-z-perlami","title":{"rendered":"Naszyjnik TAJEMNICA z per\u0142ami"},"content":{"rendered":"<p>Wielko\u015b\u0107 kamieni:<\/p>\n<ul>\n<li>per\u0142a &#8211; ok. 8 x 6 mm,<\/li>\n<li>larimar &#8211; 10 x 8 x 5 mm,<\/li>\n<li>koral &#8211; 7 x 5 mm i ok. 9 x 2 mm,<\/li>\n<li>turkus &#8211; 3 mm, 4 x 4 mm i 4,5 x 2 mm,<\/li>\n<li>lapis lazuli &#8211; 4,5 mm.<\/li>\n<\/ul>\n<p>D\u0142ugo\u015b\u0107 naszyjnika: 45 &#8211; 50 cm + zawieszka 1,6 cm.<\/p>\n<p>Wszystkie elementy metalowe wykonane s\u0105 z nieuczulaj\u0105cej stali szlachetnej.<\/p>\n","protected":false},"excerpt":{"rendered":"<p>Naszyjnik z nieregularnymi per\u0142ami, przeplatanymi kolorowymi kamieniami: koralem, larimarem, turkusem, lapis lazuli i z\u0142otymi hematytami, z okr\u0105g\u0142\u0105 blaszk\u0105 po boku. Zwie\u0144czeniem naszyjnika jest dwustronna zawieszka z symbolem oka i gwiazdek.<\/p>\n","protected":false},"featured_media":4393,"comment_status":"open","ping_status":"closed","template":"","meta":{"advanced_seo_description":"","jetpack_seo_html_title":"","jetpack_seo_noindex":false},"product_brand":[],"product_cat":[229],"product_tag":[82,1409,488,1606,1607,1608,1609,105],"class_list":{"0":"post-4395","1":"product","2":"type-product","3":"status-publish","4":"has-post-thumbnail","6":"product_cat-sprzedane","7":"product_tag-koral","8":"product_tag-lapis-lazuli","9":"product_tag-larimar","10":"product_tag-naszyjnik-z-perlami-i-kamieniami-naturalnymi","11":"product_tag-naszyjnik-z-perlami-z-zawieszka","12":"product_tag-perly-z-koralem","13":"product_tag-perly-z-turkusem","14":"product_tag-turkus","16":"first","17":"outofstock","18":"shipping-taxable","19":"purchasable","20":"product-type-simple"},"jetpack_sharing_enabled":true,"_links":{"self":[{"href":"https:\/\/koraledetale.pl\/index.php?rest_route=\/wp\/v2\/product\/4395","targetHints":{"allow":["GET"]}}],"collection":[{"href":"https:\/\/koraledetale.pl\/index.php?rest_route=\/wp\/v2\/product"}],"about":[{"href":"https:\/\/koraledetale.pl\/index.php?rest_route=\/wp\/v2\/types\/product"}],"replies":[{"embeddable":true,"href":"https:\/\/koraledetale.pl\/index.php?rest_route=%2Fwp%2Fv2%2Fcomments&post=4395"}],"wp:featuredmedia":[{"embeddable":true,"href":"https:\/\/koraledetale.pl\/index.php?rest_route=\/wp\/v2\/media\/4393"}],"wp:attachment":[{"href":"https:\/\/koraledetale.pl\/index.php?rest_route=%2Fwp%2Fv2%2Fmedia&parent=4395"}],"wp:term":[{"taxonomy":"product_brand","embeddable":true,"href":"https:\/\/koraledetale.pl\/index.php?rest_route=%2Fwp%2Fv2%2Fproduct_brand&post=4395"},{"taxonomy":"product_cat","embeddable":true,"href":"https:\/\/koraledetale.pl\/index.php?rest_route=%2Fwp%2Fv2%2Fproduct_cat&post=4395"},{"taxonomy":"product_tag","embeddable":true,"href":"https:\/\/koraledetale.pl\/index.php?rest_route=%2Fwp%2Fv2%2Fproduct_tag&post=4395"}],"curies":[{"name":"wp","href":"https:\/\/api.w.org\/{rel}","templated":true}]}}