{"id":4374,"date":"2023-07-25T15:22:27","date_gmt":"2023-07-25T15:22:27","guid":{"rendered":"https:\/\/koraledetale.pl\/?post_type=product&#038;p=4374"},"modified":"2025-02-20T12:35:16","modified_gmt":"2025-02-20T12:35:16","slug":"naszyjnik-wszystko-rozowe-z-rodonitami-perlami-i-rozowymi-kwarcami","status":"publish","type":"product","link":"https:\/\/koraledetale.pl\/?product=naszyjnik-wszystko-rozowe-z-rodonitami-perlami-i-rozowymi-kwarcami","title":{"rendered":"Naszyjnik WSZYSTKO R\u00d3\u017bOWE z rodonitami, per\u0142ami i r\u00f3\u017cowymi kwarcami"},"content":{"rendered":"<p>Wielko\u015b\u0107 kamieni:<\/p>\n<ul>\n<li>rodonit &#8211; 3,5 mm,<\/li>\n<li>per\u0142a &#8211; 5&#215;4 mm,<\/li>\n<li>kwarc r\u00f3\u017cowy &#8211; 3,5 mm,<\/li>\n<li>hematyt &#8211; 2,5 mm i 4&#215;1 mm.<\/li>\n<\/ul>\n<p>D\u0142ugo\u015b\u0107 naszyjnika: 41 &#8211; 45 cm + zawieszka 2,3 cm.<\/p>\n<p>Wszystkie elementy metalowe wykonane s\u0105 z nieuczulaj\u0105cej stali szlachetnej.<\/p>\n","protected":false},"excerpt":{"rendered":"<p>Naszyjnik z fasetowanych rodonit\u00f3w, przeplatanych r\u00f3\u017cowymi per\u0142ami, r\u00f3\u017cowymi kwarcami i z\u0142otymi hematytami. Zwie\u0144czeniem naszyjnika jest mandala z per\u0142\u0105.<\/p>\n","protected":false},"featured_media":4378,"comment_status":"open","ping_status":"closed","template":"","meta":{"advanced_seo_description":"","jetpack_seo_html_title":"","jetpack_seo_noindex":false},"product_brand":[],"product_cat":[229],"product_tag":[216,66,184,1600,355,823,75,31],"class_list":{"0":"post-4374","1":"product","2":"type-product","3":"status-publish","4":"has-post-thumbnail","6":"product_cat-sprzedane","7":"product_tag-kwarc-rozowy","8":"product_tag-naszyjnik-z-kamieniami-naturalnymi","9":"product_tag-naszyjnik-z-mandala","10":"product_tag-naszyjnik-z-rodonitow-perel-i-rozowych-kwarcow","11":"product_tag-naszyjnik-z-rozowymi-kamieniami","12":"product_tag-rodonit","13":"product_tag-rozowa-perla","14":"product_tag-zloty-hematyt","16":"first","17":"outofstock","18":"shipping-taxable","19":"product-type-simple"},"jetpack_sharing_enabled":true,"_links":{"self":[{"href":"https:\/\/koraledetale.pl\/index.php?rest_route=\/wp\/v2\/product\/4374","targetHints":{"allow":["GET"]}}],"collection":[{"href":"https:\/\/koraledetale.pl\/index.php?rest_route=\/wp\/v2\/product"}],"about":[{"href":"https:\/\/koraledetale.pl\/index.php?rest_route=\/wp\/v2\/types\/product"}],"replies":[{"embeddable":true,"href":"https:\/\/koraledetale.pl\/index.php?rest_route=%2Fwp%2Fv2%2Fcomments&post=4374"}],"wp:featuredmedia":[{"embeddable":true,"href":"https:\/\/koraledetale.pl\/index.php?rest_route=\/wp\/v2\/media\/4378"}],"wp:attachment":[{"href":"https:\/\/koraledetale.pl\/index.php?rest_route=%2Fwp%2Fv2%2Fmedia&parent=4374"}],"wp:term":[{"taxonomy":"product_brand","embeddable":true,"href":"https:\/\/koraledetale.pl\/index.php?rest_route=%2Fwp%2Fv2%2Fproduct_brand&post=4374"},{"taxonomy":"product_cat","embeddable":true,"href":"https:\/\/koraledetale.pl\/index.php?rest_route=%2Fwp%2Fv2%2Fproduct_cat&post=4374"},{"taxonomy":"product_tag","embeddable":true,"href":"https:\/\/koraledetale.pl\/index.php?rest_route=%2Fwp%2Fv2%2Fproduct_tag&post=4374"}],"curies":[{"name":"wp","href":"https:\/\/api.w.org\/{rel}","templated":true}]}}