{"id":4371,"date":"2023-07-24T12:00:10","date_gmt":"2023-07-24T12:00:10","guid":{"rendered":"https:\/\/koraledetale.pl\/?post_type=product&#038;p=4371"},"modified":"2024-12-04T07:23:35","modified_gmt":"2024-12-04T07:23:35","slug":"naszyjnik-wazka-na-jedwabiu","status":"publish","type":"product","link":"https:\/\/koraledetale.pl\/?product=naszyjnik-wazka-na-jedwabiu","title":{"rendered":"Naszyjnik WA\u017bKA na jedwabiu"},"content":{"rendered":"<p>Wielko\u015b\u0107 opalu: 9&#215;5,5 mm.<\/p>\n<p>D\u0142ugo\u015b\u0107 naszyjnika &#8211; 86 cm + wa\u017cka 3 cm.<\/p>\n<p>Wszystkie elementy metalowe wykonane s\u0105 ze stali szlachetnej.<\/p>\n","protected":false},"excerpt":{"rendered":"<p>Du\u017ca w\u017cka na d\u0142ugiej, jedwabnej tasiemce w kolorze liliowor\u00f3\u017cowym, z zawieszk\u0105 &#8211; oponk\u0105 opalu lawendowego z boku naszyjnika. Zapi\u0119cie wykonane jest ze stali chirurgicznej (szlachetnej).<\/p>\n","protected":false},"featured_media":4373,"comment_status":"open","ping_status":"closed","template":"","meta":{"advanced_seo_description":"","jetpack_seo_html_title":"","jetpack_seo_noindex":false},"product_brand":[],"product_cat":[229],"product_tag":[476,1097,1579,1599],"class_list":{"0":"post-4371","1":"product","2":"type-product","3":"status-publish","4":"has-post-thumbnail","6":"product_cat-sprzedane","7":"product_tag-dlugi-naszyjnik-na-jedwabiu","8":"product_tag-opal-lawendowy","9":"product_tag-wazka","10":"product_tag-wazka-na-jedwabnej-tasiemnce","12":"first","13":"outofstock","14":"shipping-taxable","15":"purchasable","16":"product-type-simple"},"jetpack_sharing_enabled":true,"_links":{"self":[{"href":"https:\/\/koraledetale.pl\/index.php?rest_route=\/wp\/v2\/product\/4371","targetHints":{"allow":["GET"]}}],"collection":[{"href":"https:\/\/koraledetale.pl\/index.php?rest_route=\/wp\/v2\/product"}],"about":[{"href":"https:\/\/koraledetale.pl\/index.php?rest_route=\/wp\/v2\/types\/product"}],"replies":[{"embeddable":true,"href":"https:\/\/koraledetale.pl\/index.php?rest_route=%2Fwp%2Fv2%2Fcomments&post=4371"}],"wp:featuredmedia":[{"embeddable":true,"href":"https:\/\/koraledetale.pl\/index.php?rest_route=\/wp\/v2\/media\/4373"}],"wp:attachment":[{"href":"https:\/\/koraledetale.pl\/index.php?rest_route=%2Fwp%2Fv2%2Fmedia&parent=4371"}],"wp:term":[{"taxonomy":"product_brand","embeddable":true,"href":"https:\/\/koraledetale.pl\/index.php?rest_route=%2Fwp%2Fv2%2Fproduct_brand&post=4371"},{"taxonomy":"product_cat","embeddable":true,"href":"https:\/\/koraledetale.pl\/index.php?rest_route=%2Fwp%2Fv2%2Fproduct_cat&post=4371"},{"taxonomy":"product_tag","embeddable":true,"href":"https:\/\/koraledetale.pl\/index.php?rest_route=%2Fwp%2Fv2%2Fproduct_tag&post=4371"}],"curies":[{"name":"wp","href":"https:\/\/api.w.org\/{rel}","templated":true}]}}