{"id":4354,"date":"2023-07-22T13:35:43","date_gmt":"2023-07-22T13:35:43","guid":{"rendered":"https:\/\/koraledetale.pl\/?post_type=product&#038;p=4354"},"modified":"2023-07-29T20:22:23","modified_gmt":"2023-07-29T20:22:23","slug":"naszyjnik-magia-uczuc-ii-z-rubinem","status":"publish","type":"product","link":"https:\/\/koraledetale.pl\/?product=naszyjnik-magia-uczuc-ii-z-rubinem","title":{"rendered":"Naszyjnik MAGIA UCZU\u0106 II z rubinem"},"content":{"rendered":"<p>Wielko\u015b\u0107 kamieni:<\/p>\n<ul>\n<li>rubin \u2013 3 mm,<\/li>\n<li>hematyt \u2013 2\u00d71 i 2 mm.<\/li>\n<\/ul>\n<p>D\u0142ugo\u015b\u0107 naszyjnika \u2013 kr\u00f3tszej cz\u0119\u015bci z \u0142a\u0144cuszkiem 45 cm, d\u0142u\u017cszej cz\u0119\u015bci 48 cm + zawieszka 2 cm. Naszyjnik ma przed\u0142u\u017ck\u0119 \u2013 5 cm.<\/p>\n<p>Wszystkie elementy metalowe wykonane s\u0105 z nieuczulaj\u0105cej stali szlachetnej.<\/p>\n","protected":false},"excerpt":{"rendered":"<p>\u015aredniej d\u0142ugo\u015bci warstwowy naszyjnik z \u0142a\u0144cuszkiem oraz sznurem rubin\u00f3w z wplecionymi z\u0142otymi hematytami. Kamienie zasupe\u0142kowane s\u0105 na mocnej nici jubilerskiej. Zwie\u0144czeniem naszyjnika jest zawieszka \u2013 z jedostronie grawerowan\u0105 lun\u0105 i rubinem.<\/p>\n<p>&nbsp;<\/p>\n","protected":false},"featured_media":4365,"comment_status":"open","ping_status":"closed","template":"","meta":{"advanced_seo_description":"","jetpack_seo_html_title":"","jetpack_seo_noindex":false},"product_brand":[],"product_cat":[229],"product_tag":[501,687,757,1598,117,883,197,351],"class_list":{"0":"post-4354","1":"product","2":"type-product","3":"status-publish","4":"has-post-thumbnail","6":"product_cat-sprzedane","7":"product_tag-ksiezyc","8":"product_tag-luna","9":"product_tag-lunula","10":"product_tag-naszyjnik-z-rubinami-i-luna","11":"product_tag-rubin","12":"product_tag-warstwowy-naszyjnik-z-rubinami","13":"product_tag-lancuszek-z-kamieniami-naturalnymi","14":"product_tag-lancuszek-z-rubinami","16":"first","17":"outofstock","18":"shipping-taxable","19":"purchasable","20":"product-type-simple"},"jetpack_sharing_enabled":true,"_links":{"self":[{"href":"https:\/\/koraledetale.pl\/index.php?rest_route=\/wp\/v2\/product\/4354","targetHints":{"allow":["GET"]}}],"collection":[{"href":"https:\/\/koraledetale.pl\/index.php?rest_route=\/wp\/v2\/product"}],"about":[{"href":"https:\/\/koraledetale.pl\/index.php?rest_route=\/wp\/v2\/types\/product"}],"replies":[{"embeddable":true,"href":"https:\/\/koraledetale.pl\/index.php?rest_route=%2Fwp%2Fv2%2Fcomments&post=4354"}],"wp:featuredmedia":[{"embeddable":true,"href":"https:\/\/koraledetale.pl\/index.php?rest_route=\/wp\/v2\/media\/4365"}],"wp:attachment":[{"href":"https:\/\/koraledetale.pl\/index.php?rest_route=%2Fwp%2Fv2%2Fmedia&parent=4354"}],"wp:term":[{"taxonomy":"product_brand","embeddable":true,"href":"https:\/\/koraledetale.pl\/index.php?rest_route=%2Fwp%2Fv2%2Fproduct_brand&post=4354"},{"taxonomy":"product_cat","embeddable":true,"href":"https:\/\/koraledetale.pl\/index.php?rest_route=%2Fwp%2Fv2%2Fproduct_cat&post=4354"},{"taxonomy":"product_tag","embeddable":true,"href":"https:\/\/koraledetale.pl\/index.php?rest_route=%2Fwp%2Fv2%2Fproduct_tag&post=4354"}],"curies":[{"name":"wp","href":"https:\/\/api.w.org\/{rel}","templated":true}]}}