{"id":4347,"date":"2023-07-21T09:34:45","date_gmt":"2023-07-21T09:34:45","guid":{"rendered":"https:\/\/koraledetale.pl\/?post_type=product&#038;p=4347"},"modified":"2024-06-06T06:44:30","modified_gmt":"2024-06-06T06:44:30","slug":"kolczyki-z-luna-granat","status":"publish","type":"product","link":"https:\/\/koraledetale.pl\/?product=kolczyki-z-luna-granat","title":{"rendered":"Kolczyki z LUNA &#038; GRANAT"},"content":{"rendered":"<p>Wielko\u015b\u0107 granatu &#8211; 6&#215;4 mm.<\/p>\n<p>D\u0142ugo\u015b\u0107 kolczyk\u00f3w &#8211; 1,6 cm.<\/p>\n<p>Wszystkie elementy metalowe wykonane s\u0105 z nieuczulaj\u0105cej stali szlachetnej.<\/p>\n","protected":false},"excerpt":{"rendered":"<p>Niedu\u017ce kolczyki na sztyfcie z lun\u0105 i kropelk\u0105 granatu.<\/p>\n","protected":false},"featured_media":4351,"comment_status":"open","ping_status":"closed","template":"","meta":{"advanced_seo_description":"","jetpack_seo_html_title":"","jetpack_seo_noindex":false},"product_brand":[],"product_cat":[229],"product_tag":[1593,1369,1370,416,1594],"class_list":{"0":"post-4347","1":"product","2":"type-product","3":"status-publish","4":"has-post-thumbnail","6":"product_cat-sprzedane","7":"product_tag-drobne-kolczyki-z-luna-i-granatami","8":"product_tag-drobne-kolczyki-ze-stali-chirurgicznej","9":"product_tag-drobne-kolczyki-ze-stali-szlachetnej","10":"product_tag-kolczyki-na-sztyfcie","11":"product_tag-kolczyki-na-sztyfcie-z-luna-i-granatami","13":"first","14":"outofstock","15":"shipping-taxable","16":"purchasable","17":"product-type-simple"},"jetpack_sharing_enabled":true,"_links":{"self":[{"href":"https:\/\/koraledetale.pl\/index.php?rest_route=\/wp\/v2\/product\/4347","targetHints":{"allow":["GET"]}}],"collection":[{"href":"https:\/\/koraledetale.pl\/index.php?rest_route=\/wp\/v2\/product"}],"about":[{"href":"https:\/\/koraledetale.pl\/index.php?rest_route=\/wp\/v2\/types\/product"}],"replies":[{"embeddable":true,"href":"https:\/\/koraledetale.pl\/index.php?rest_route=%2Fwp%2Fv2%2Fcomments&post=4347"}],"wp:featuredmedia":[{"embeddable":true,"href":"https:\/\/koraledetale.pl\/index.php?rest_route=\/wp\/v2\/media\/4351"}],"wp:attachment":[{"href":"https:\/\/koraledetale.pl\/index.php?rest_route=%2Fwp%2Fv2%2Fmedia&parent=4347"}],"wp:term":[{"taxonomy":"product_brand","embeddable":true,"href":"https:\/\/koraledetale.pl\/index.php?rest_route=%2Fwp%2Fv2%2Fproduct_brand&post=4347"},{"taxonomy":"product_cat","embeddable":true,"href":"https:\/\/koraledetale.pl\/index.php?rest_route=%2Fwp%2Fv2%2Fproduct_cat&post=4347"},{"taxonomy":"product_tag","embeddable":true,"href":"https:\/\/koraledetale.pl\/index.php?rest_route=%2Fwp%2Fv2%2Fproduct_tag&post=4347"}],"curies":[{"name":"wp","href":"https:\/\/api.w.org\/{rel}","templated":true}]}}