{"id":4346,"date":"2023-07-20T13:13:44","date_gmt":"2023-07-20T13:13:44","guid":{"rendered":"https:\/\/koraledetale.pl\/?post_type=product&#038;p=4346"},"modified":"2024-02-16T18:25:12","modified_gmt":"2024-02-16T18:25:12","slug":"lancuszek-przystojniak-z-akwamarynem","status":"publish","type":"product","link":"https:\/\/koraledetale.pl\/?product=lancuszek-przystojniak-z-akwamarynem","title":{"rendered":"\u0141a\u0144cuszek PRZYSTOJNIAK z akwamarynem"},"content":{"rendered":"<p>Wielko\u015b\u0107 akwamarynu &#8211; 10 x 10 mm.<\/p>\n<p>D\u0142ugo\u015b\u0107 \u0142a\u0144cuszka &#8211; 41,5 cm.<\/p>\n<p>Wszystkie elementy metalowe wykonane s\u0105 z nieuczulaj\u0105cej stali szlachetnej.<\/p>\n","protected":false},"excerpt":{"rendered":"<p>Kr\u00f3tki, minimalistyczny \u0142a\u0144cuszek ze spor\u0105 kosteczk\u0105 pi\u0119knie szlifowanego akwamarynu. W zale\u017cno\u015bci od k\u0105ta padania \u015bwiat\u0142a kamie\u0144 przybiera jasnob\u0142\u0119kitn\u0105 barw\u0119 do nieco intensywniejszej, niekiedy wr\u0119cz zielonkawej. Nie spos\u00f3b si\u0119 nim znudzi\u0107!<\/p>\n","protected":false},"featured_media":4343,"comment_status":"open","ping_status":"closed","template":"","meta":{"advanced_seo_description":"","jetpack_seo_html_title":"","jetpack_seo_noindex":false},"product_brand":[],"product_cat":[229],"product_tag":[93,1592,867,525],"class_list":{"0":"post-4346","1":"product","2":"type-product","3":"status-publish","4":"has-post-thumbnail","6":"product_cat-sprzedane","7":"product_tag-akwamaryn","8":"product_tag-minimalistyczny-lancuszek-z-blekitnym-kamieniem","9":"product_tag-naszyjnik-z-akwamarynem","10":"product_tag-lancuszek-z-akwamarynem","12":"first","13":"outofstock","14":"shipping-taxable","15":"purchasable","16":"product-type-simple"},"jetpack_sharing_enabled":true,"_links":{"self":[{"href":"https:\/\/koraledetale.pl\/index.php?rest_route=\/wp\/v2\/product\/4346","targetHints":{"allow":["GET"]}}],"collection":[{"href":"https:\/\/koraledetale.pl\/index.php?rest_route=\/wp\/v2\/product"}],"about":[{"href":"https:\/\/koraledetale.pl\/index.php?rest_route=\/wp\/v2\/types\/product"}],"replies":[{"embeddable":true,"href":"https:\/\/koraledetale.pl\/index.php?rest_route=%2Fwp%2Fv2%2Fcomments&post=4346"}],"wp:featuredmedia":[{"embeddable":true,"href":"https:\/\/koraledetale.pl\/index.php?rest_route=\/wp\/v2\/media\/4343"}],"wp:attachment":[{"href":"https:\/\/koraledetale.pl\/index.php?rest_route=%2Fwp%2Fv2%2Fmedia&parent=4346"}],"wp:term":[{"taxonomy":"product_brand","embeddable":true,"href":"https:\/\/koraledetale.pl\/index.php?rest_route=%2Fwp%2Fv2%2Fproduct_brand&post=4346"},{"taxonomy":"product_cat","embeddable":true,"href":"https:\/\/koraledetale.pl\/index.php?rest_route=%2Fwp%2Fv2%2Fproduct_cat&post=4346"},{"taxonomy":"product_tag","embeddable":true,"href":"https:\/\/koraledetale.pl\/index.php?rest_route=%2Fwp%2Fv2%2Fproduct_tag&post=4346"}],"curies":[{"name":"wp","href":"https:\/\/api.w.org\/{rel}","templated":true}]}}