{"id":4331,"date":"2023-07-18T11:04:18","date_gmt":"2023-07-18T11:04:18","guid":{"rendered":"https:\/\/koraledetale.pl\/?post_type=product&#038;p=4331"},"modified":"2023-08-19T09:47:36","modified_gmt":"2023-08-19T09:47:36","slug":"bransoletka-ksiezycowa-zatoka-z-kamieniami-naturalnymi","status":"publish","type":"product","link":"https:\/\/koraledetale.pl\/?product=bransoletka-ksiezycowa-zatoka-z-kamieniami-naturalnymi","title":{"rendered":"Bransoletka KSI\u0118\u017bYCOWA ZATOKA z kamieniami naturalnymi"},"content":{"rendered":"<p>Wielko\u015b\u0107 kamieni:<\/p>\n<ul>\n<li>hematyt 2,5 mm, 3,5 mm,<\/li>\n<li>per\u0142a \u2013 4\u00d73 mm,<\/li>\n<li>amazonit \u2013 3 mm,<\/li>\n<li>morganit \u2013 4 mm,<\/li>\n<li>zielony onyks \u2013 3,5\u00d72,5 mm,<\/li>\n<li>turkus \u2013 4\u00d72 i 3,5 mm,<\/li>\n<li>lapis lazuli \u2013 4 mm,<\/li>\n<li>larimar \u2013 3,5 mm,<\/li>\n<li>chryzokola \u2013 3\u00d72 mm,<\/li>\n<li>howlit turkusowy \u2013 3,5 mm.<\/li>\n<\/ul>\n<p>Bransoletka posiada \u0142atw\u0105 regulacj\u0119 d\u0142ugo\u015bci poprzez przesuni\u0119cie sznureczk\u00f3w przez w\u0119ze\u0142 makramowy. Maksymalna d\u0142ugo\u015b\u0107 bransoletki \u2013 23 cm.<\/p>\n","protected":false},"excerpt":{"rendered":"<p>Regulowana bransoletka z kamieniami naturalnymi w morskich barwach (per\u0142\u0105, morganitem, zielonym onyksem, turkusami, lapis lazuli, larimarem, amazonitem, chryzokol\u0105, howlitem turkusowym i hematytami) z p\u00f3\u0142ksi\u0119\u017cycem z muszli w centrum. Kamienie zasupe\u0142kowane s\u0105 na mocnej nici jubilerskiej.<\/p>\n","protected":false},"featured_media":4327,"comment_status":"open","ping_status":"closed","template":"","meta":{"advanced_seo_description":"","jetpack_seo_html_title":"","jetpack_seo_noindex":false},"product_brand":[],"product_cat":[229],"product_tag":[379,80,1587,1588],"class_list":{"0":"post-4331","1":"product","2":"type-product","3":"status-publish","4":"has-post-thumbnail","6":"product_cat-sprzedane","7":"product_tag-bransoletka-na-sznureczku","8":"product_tag-bransoletka-z-kamieniami-naturalnymi","9":"product_tag-bransoletka-z-morskimi-kamieniami","10":"product_tag-kamienie-naturalne-na-sznureczku","12":"first","13":"outofstock","14":"shipping-taxable","15":"purchasable","16":"product-type-simple"},"jetpack_sharing_enabled":true,"_links":{"self":[{"href":"https:\/\/koraledetale.pl\/index.php?rest_route=\/wp\/v2\/product\/4331","targetHints":{"allow":["GET"]}}],"collection":[{"href":"https:\/\/koraledetale.pl\/index.php?rest_route=\/wp\/v2\/product"}],"about":[{"href":"https:\/\/koraledetale.pl\/index.php?rest_route=\/wp\/v2\/types\/product"}],"replies":[{"embeddable":true,"href":"https:\/\/koraledetale.pl\/index.php?rest_route=%2Fwp%2Fv2%2Fcomments&post=4331"}],"wp:featuredmedia":[{"embeddable":true,"href":"https:\/\/koraledetale.pl\/index.php?rest_route=\/wp\/v2\/media\/4327"}],"wp:attachment":[{"href":"https:\/\/koraledetale.pl\/index.php?rest_route=%2Fwp%2Fv2%2Fmedia&parent=4331"}],"wp:term":[{"taxonomy":"product_brand","embeddable":true,"href":"https:\/\/koraledetale.pl\/index.php?rest_route=%2Fwp%2Fv2%2Fproduct_brand&post=4331"},{"taxonomy":"product_cat","embeddable":true,"href":"https:\/\/koraledetale.pl\/index.php?rest_route=%2Fwp%2Fv2%2Fproduct_cat&post=4331"},{"taxonomy":"product_tag","embeddable":true,"href":"https:\/\/koraledetale.pl\/index.php?rest_route=%2Fwp%2Fv2%2Fproduct_tag&post=4331"}],"curies":[{"name":"wp","href":"https:\/\/api.w.org\/{rel}","templated":true}]}}