{"id":4326,"date":"2023-07-18T10:51:06","date_gmt":"2023-07-18T10:51:06","guid":{"rendered":"https:\/\/koraledetale.pl\/?post_type=product&#038;p=4326"},"modified":"2023-07-29T20:22:39","modified_gmt":"2023-07-29T20:22:39","slug":"naszyjnik-zatoka-z-kamieniami-naturalnymi","status":"publish","type":"product","link":"https:\/\/koraledetale.pl\/?product=naszyjnik-zatoka-z-kamieniami-naturalnymi","title":{"rendered":"Naszyjnik KSI\u0118\u017bYCOWA ZATOKA z kamieniami naturalnymi"},"content":{"rendered":"<p>Wielko\u015b\u0107 kamieni:<\/p>\n<ul>\n<li>hematyt 2,5 mm, 3,5 mm i 3&#215;1 mm,<\/li>\n<li>per\u0142a &#8211; 4&#215;3 mm,<\/li>\n<li>amazonit &#8211; 3 mm,<\/li>\n<li>kwarc b\u0142\u0119kitny &#8211; 9&#215;5 mm,<\/li>\n<li>morganit &#8211; 4 mm,<\/li>\n<li>zielony onyks &#8211; 3,5&#215;2,5 mm,<\/li>\n<li>turkus &#8211; 4&#215;2 i 3,5 mm,<\/li>\n<li>lapis lazuli &#8211; 4 mm,<\/li>\n<li>larimar &#8211; 3,5 mm,<\/li>\n<li>apatyt &#8211; 4 mm,<\/li>\n<li>chryzopraz &#8211; 3 mm,<\/li>\n<li>chryzokola &#8211; 3&#215;2 mm,<\/li>\n<li>howlit turkusowy &#8211; 3,5 mm.<\/li>\n<\/ul>\n<p>Naszyjnik posiada \u0142atw\u0105 regulacj\u0119 d\u0142ugo\u015bci poprzez przesuni\u0119cie hematytowej kulki, dzi\u0119ki czemu dopasujesz go do rodzaju dekoltu. Maksymalna d\u0142ugo\u015b\u0107 naszyjnika &#8211; 60 cm.<\/p>\n","protected":false},"excerpt":{"rendered":"<p>Regulowany naszyjnik z kamieniami naturalnymi w morskich barwach (per\u0142\u0105, amazonitem, \u0142ezk\u0105 b\u0142\u0119kitnego kwarcu, morganitem, zielonym onyksem, turkusami, lapis lazuli, larimarem, apatytem, chryzoprazem, chryzokol\u0105, howlitem turkusowym i hematytami) oraz zawieszkami &#8211; p\u00f3\u0142ksi\u0119\u017cycem z muszli i dwiema gwiazdkami. Kamienie zasupe\u0142kowane s\u0105 na mocnej nici jubilerskiej.<\/p>\n","protected":false},"featured_media":4329,"comment_status":"open","ping_status":"closed","template":"","meta":{"advanced_seo_description":"","jetpack_seo_html_title":"","jetpack_seo_noindex":false},"product_brand":[],"product_cat":[229],"product_tag":[48,66,972,1586],"class_list":{"0":"post-4326","1":"product","2":"type-product","3":"status-publish","4":"has-post-thumbnail","6":"product_cat-sprzedane","7":"product_tag-kamienie-naturalne","8":"product_tag-naszyjnik-z-kamieniami-naturalnymi","9":"product_tag-naszyjnik-z-zawieszkami","10":"product_tag-regulowany-naszyjnik-z-morskimi-kamieniami","12":"first","13":"outofstock","14":"shipping-taxable","15":"purchasable","16":"product-type-simple"},"jetpack_sharing_enabled":true,"_links":{"self":[{"href":"https:\/\/koraledetale.pl\/index.php?rest_route=\/wp\/v2\/product\/4326","targetHints":{"allow":["GET"]}}],"collection":[{"href":"https:\/\/koraledetale.pl\/index.php?rest_route=\/wp\/v2\/product"}],"about":[{"href":"https:\/\/koraledetale.pl\/index.php?rest_route=\/wp\/v2\/types\/product"}],"replies":[{"embeddable":true,"href":"https:\/\/koraledetale.pl\/index.php?rest_route=%2Fwp%2Fv2%2Fcomments&post=4326"}],"wp:featuredmedia":[{"embeddable":true,"href":"https:\/\/koraledetale.pl\/index.php?rest_route=\/wp\/v2\/media\/4329"}],"wp:attachment":[{"href":"https:\/\/koraledetale.pl\/index.php?rest_route=%2Fwp%2Fv2%2Fmedia&parent=4326"}],"wp:term":[{"taxonomy":"product_brand","embeddable":true,"href":"https:\/\/koraledetale.pl\/index.php?rest_route=%2Fwp%2Fv2%2Fproduct_brand&post=4326"},{"taxonomy":"product_cat","embeddable":true,"href":"https:\/\/koraledetale.pl\/index.php?rest_route=%2Fwp%2Fv2%2Fproduct_cat&post=4326"},{"taxonomy":"product_tag","embeddable":true,"href":"https:\/\/koraledetale.pl\/index.php?rest_route=%2Fwp%2Fv2%2Fproduct_tag&post=4326"}],"curies":[{"name":"wp","href":"https:\/\/api.w.org\/{rel}","templated":true}]}}