{"id":4317,"date":"2023-07-17T08:19:58","date_gmt":"2023-07-17T08:19:58","guid":{"rendered":"https:\/\/koraledetale.pl\/?post_type=product&#038;p=4317"},"modified":"2024-06-25T16:05:15","modified_gmt":"2024-06-25T16:05:15","slug":"kolczyki-rybki-z-jasnymi-akwamarynami","status":"publish","type":"product","link":"https:\/\/koraledetale.pl\/?product=kolczyki-rybki-z-jasnymi-akwamarynami","title":{"rendered":"Kolczyki RYBKI z zielonymi akwamarynami"},"content":{"rendered":"<p>Wielko\u015b\u0107 kamieni:<\/p>\n<ul>\n<li>akwamaryn &#8211; 10&#215;10 mm,<\/li>\n<li>hematyt &#8211; 4&#215;2 mm.<\/li>\n<\/ul>\n<p>D\u0142ugo\u015b\u0107 kolczyk\u00f3w &#8211; 5,7 cm.<\/p>\n<p>Wszystkie elementy metalowe wykonane s\u0105 z nieuczulaj\u0105cej stali szlachetnej.<\/p>\n<p>Do kolczyk\u00f3w s\u0105 do\u0142\u0105czone silikonowe zatyczki, zapobiegaj\u0105ce wypadni\u0119ciu kolczyka.<\/p>\n","protected":false},"excerpt":{"rendered":"<p>Kolczyki z du\u017c\u0105 kosteczk\u0105 jasnozielonego, fasetowanego, mieni\u0105cego si\u0119 akwamarynu, zawieszon\u0105 na du\u017cych biglach &#8211; rybkach.<\/p>\n","protected":false},"featured_media":5716,"comment_status":"open","ping_status":"closed","template":"","meta":{"advanced_seo_description":"","jetpack_seo_html_title":"","jetpack_seo_noindex":false},"product_brand":[],"product_cat":[18],"product_tag":[93,817,1584,1583,107,108],"class_list":{"0":"post-4317","1":"product","2":"type-product","3":"status-publish","4":"has-post-thumbnail","6":"product_cat-kolczyki","7":"product_tag-akwamaryn","8":"product_tag-kolczyki-z-akwamarynem","9":"product_tag-kolczyki-z-jasnym-akwamarynem","10":"product_tag-kolczyki-z-kostka-akwamarynu","11":"product_tag-kolczyki-ze-stali-chirurgicznej","12":"product_tag-kolczyki-ze-stali-szlachetnej","14":"first","15":"instock","16":"shipping-taxable","17":"purchasable","18":"product-type-simple"},"jetpack_sharing_enabled":true,"_links":{"self":[{"href":"https:\/\/koraledetale.pl\/index.php?rest_route=\/wp\/v2\/product\/4317","targetHints":{"allow":["GET"]}}],"collection":[{"href":"https:\/\/koraledetale.pl\/index.php?rest_route=\/wp\/v2\/product"}],"about":[{"href":"https:\/\/koraledetale.pl\/index.php?rest_route=\/wp\/v2\/types\/product"}],"replies":[{"embeddable":true,"href":"https:\/\/koraledetale.pl\/index.php?rest_route=%2Fwp%2Fv2%2Fcomments&post=4317"}],"wp:featuredmedia":[{"embeddable":true,"href":"https:\/\/koraledetale.pl\/index.php?rest_route=\/wp\/v2\/media\/5716"}],"wp:attachment":[{"href":"https:\/\/koraledetale.pl\/index.php?rest_route=%2Fwp%2Fv2%2Fmedia&parent=4317"}],"wp:term":[{"taxonomy":"product_brand","embeddable":true,"href":"https:\/\/koraledetale.pl\/index.php?rest_route=%2Fwp%2Fv2%2Fproduct_brand&post=4317"},{"taxonomy":"product_cat","embeddable":true,"href":"https:\/\/koraledetale.pl\/index.php?rest_route=%2Fwp%2Fv2%2Fproduct_cat&post=4317"},{"taxonomy":"product_tag","embeddable":true,"href":"https:\/\/koraledetale.pl\/index.php?rest_route=%2Fwp%2Fv2%2Fproduct_tag&post=4317"}],"curies":[{"name":"wp","href":"https:\/\/api.w.org\/{rel}","templated":true}]}}