{"id":4311,"date":"2023-07-16T09:56:08","date_gmt":"2023-07-16T09:56:08","guid":{"rendered":"https:\/\/koraledetale.pl\/?post_type=product&#038;p=4311"},"modified":"2023-09-19T08:02:28","modified_gmt":"2023-09-19T08:02:28","slug":"bransoletka-rusalki-lipcowe-z-kinitami-i-apatytami","status":"publish","type":"product","link":"https:\/\/koraledetale.pl\/?product=bransoletka-rusalki-lipcowe-z-kinitami-i-apatytami","title":{"rendered":"Bransoletka RUSA\u0141KI LIPCOWE z kinitami i apatytami"},"content":{"rendered":"<p>Wielko\u015b\u0107 kamieni:<\/p>\n<ul>\n<li>kianit \u2013 3 mm,<\/li>\n<li>apatyt \u2013 4 mm,<\/li>\n<li>hematyt \u2013 2,5 mm i 3&#215;1 mm.<\/li>\n<\/ul>\n<p>D\u0142ugo\u015b\u0107 bransoletki: 16,5 \u2013 18,5 cm.<\/p>\n<p>Wszystkie elementy metalowe wykonane s\u0105 z nieuczulaj\u0105cej stali szlachetnej.<\/p>\n","protected":false},"excerpt":{"rendered":"<p>Bransoletka z\u00a0 fasetowanych, atramentowych kianit\u00f3w, przeplatanych z\u0142otymi hematytami, z wplecionymi apatytami. Bransoletk\u0119 zdobi\u0105 zawieszki z apatyt\u00f3w i hematyt\u00f3w.<\/p>\n","protected":false},"featured_media":4313,"comment_status":"open","ping_status":"closed","template":"","meta":{"advanced_seo_description":"","jetpack_seo_html_title":"","jetpack_seo_noindex":false},"product_brand":[],"product_cat":[229],"product_tag":[92,80,1580,635,503,323,31],"class_list":{"0":"post-4311","1":"product","2":"type-product","3":"status-publish","4":"has-post-thumbnail","6":"product_cat-sprzedane","7":"product_tag-apatyt","8":"product_tag-bransoletka-z-kamieniami-naturalnymi","9":"product_tag-bransoletka-z-kianitami-i-apatytami","10":"product_tag-bransoletka-z-niebieskimi-kamieniami","11":"product_tag-bransoletka-z-zawieszkami","12":"product_tag-kianit","13":"product_tag-zloty-hematyt","15":"first","16":"outofstock","17":"shipping-taxable","18":"purchasable","19":"product-type-simple"},"jetpack_sharing_enabled":true,"_links":{"self":[{"href":"https:\/\/koraledetale.pl\/index.php?rest_route=\/wp\/v2\/product\/4311","targetHints":{"allow":["GET"]}}],"collection":[{"href":"https:\/\/koraledetale.pl\/index.php?rest_route=\/wp\/v2\/product"}],"about":[{"href":"https:\/\/koraledetale.pl\/index.php?rest_route=\/wp\/v2\/types\/product"}],"replies":[{"embeddable":true,"href":"https:\/\/koraledetale.pl\/index.php?rest_route=%2Fwp%2Fv2%2Fcomments&post=4311"}],"wp:featuredmedia":[{"embeddable":true,"href":"https:\/\/koraledetale.pl\/index.php?rest_route=\/wp\/v2\/media\/4313"}],"wp:attachment":[{"href":"https:\/\/koraledetale.pl\/index.php?rest_route=%2Fwp%2Fv2%2Fmedia&parent=4311"}],"wp:term":[{"taxonomy":"product_brand","embeddable":true,"href":"https:\/\/koraledetale.pl\/index.php?rest_route=%2Fwp%2Fv2%2Fproduct_brand&post=4311"},{"taxonomy":"product_cat","embeddable":true,"href":"https:\/\/koraledetale.pl\/index.php?rest_route=%2Fwp%2Fv2%2Fproduct_cat&post=4311"},{"taxonomy":"product_tag","embeddable":true,"href":"https:\/\/koraledetale.pl\/index.php?rest_route=%2Fwp%2Fv2%2Fproduct_tag&post=4311"}],"curies":[{"name":"wp","href":"https:\/\/api.w.org\/{rel}","templated":true}]}}