{"id":4296,"date":"2023-06-28T09:15:14","date_gmt":"2023-06-28T09:15:14","guid":{"rendered":"https:\/\/koraledetale.pl\/?post_type=product&#038;p=4296"},"modified":"2023-06-29T10:36:12","modified_gmt":"2023-06-29T10:36:12","slug":"bransoletka-swit-z-perlami-rubinami-i-turmalinami","status":"publish","type":"product","link":"https:\/\/koraledetale.pl\/?product=bransoletka-swit-z-perlami-rubinami-i-turmalinami","title":{"rendered":"Bransoletka \u015aWIT z per\u0142ami, rubinami i turmalinami"},"content":{"rendered":"<p>Wielko\u015b\u0107 kamieni:<\/p>\n<ul>\n<li>per\u0142a \u2013 ok. 5\u00d74 mm,<\/li>\n<li>rubin \u2013 3,5 mm,<\/li>\n<li>turmalin \u2013 ok. 4\u00d72 mm, hematyt \u2013 2 mm.<\/li>\n<\/ul>\n<p>D\u0142ugo\u015b\u0107 bransoletki: 17 \u2013 20 cm<\/p>\n<p>Wszystkie elementy metalowe wykonane s\u0105 z nieuczulaj\u0105cej stali szlachetnej.<\/p>\n","protected":false},"excerpt":{"rendered":"<p>Bransoletka z r\u00f3\u017cowymi per\u0142ami przeplatanymi fasetowanymi rubinami i ciosanymi dyskami r\u00f3\u017cowego turmalinu oraz z\u0142otymi hematytami. Kamienie zasupe\u0142kowane s\u0105 na r\u00f3\u017cowej, mocnej nici jubilerskiej.<\/p>\n","protected":false},"featured_media":4295,"comment_status":"open","ping_status":"closed","template":"","meta":{"advanced_seo_description":"","jetpack_seo_html_title":"","jetpack_seo_noindex":false},"product_brand":[],"product_cat":[229],"product_tag":[80,212,1577,1578,75,59,117,31],"class_list":{"0":"post-4296","1":"product","2":"type-product","3":"status-publish","4":"has-post-thumbnail","6":"product_cat-sprzedane","7":"product_tag-bransoletka-z-kamieniami-naturalnymi","8":"product_tag-bransoletka-z-rozowymi-kamieniami","9":"product_tag-bransoletka-z-rozowymi-perlami-rubinami-i-turmalinami","10":"product_tag-rozowa-bransoletka","11":"product_tag-rozowa-perla","12":"product_tag-rozowy-turmalin","13":"product_tag-rubin","14":"product_tag-zloty-hematyt","16":"first","17":"outofstock","18":"shipping-taxable","19":"purchasable","20":"product-type-simple"},"jetpack_sharing_enabled":true,"_links":{"self":[{"href":"https:\/\/koraledetale.pl\/index.php?rest_route=\/wp\/v2\/product\/4296","targetHints":{"allow":["GET"]}}],"collection":[{"href":"https:\/\/koraledetale.pl\/index.php?rest_route=\/wp\/v2\/product"}],"about":[{"href":"https:\/\/koraledetale.pl\/index.php?rest_route=\/wp\/v2\/types\/product"}],"replies":[{"embeddable":true,"href":"https:\/\/koraledetale.pl\/index.php?rest_route=%2Fwp%2Fv2%2Fcomments&post=4296"}],"wp:featuredmedia":[{"embeddable":true,"href":"https:\/\/koraledetale.pl\/index.php?rest_route=\/wp\/v2\/media\/4295"}],"wp:attachment":[{"href":"https:\/\/koraledetale.pl\/index.php?rest_route=%2Fwp%2Fv2%2Fmedia&parent=4296"}],"wp:term":[{"taxonomy":"product_brand","embeddable":true,"href":"https:\/\/koraledetale.pl\/index.php?rest_route=%2Fwp%2Fv2%2Fproduct_brand&post=4296"},{"taxonomy":"product_cat","embeddable":true,"href":"https:\/\/koraledetale.pl\/index.php?rest_route=%2Fwp%2Fv2%2Fproduct_cat&post=4296"},{"taxonomy":"product_tag","embeddable":true,"href":"https:\/\/koraledetale.pl\/index.php?rest_route=%2Fwp%2Fv2%2Fproduct_tag&post=4296"}],"curies":[{"name":"wp","href":"https:\/\/api.w.org\/{rel}","templated":true}]}}