{"id":4264,"date":"2023-06-24T09:59:24","date_gmt":"2023-06-24T09:59:24","guid":{"rendered":"https:\/\/koraledetale.pl\/?post_type=product&#038;p=4264"},"modified":"2023-12-05T17:53:42","modified_gmt":"2023-12-05T17:53:42","slug":"bransoletka-jedwabny-szlak-z-obsydianami-i-amazonitami","status":"publish","type":"product","link":"https:\/\/koraledetale.pl\/?product=bransoletka-jedwabny-szlak-z-obsydianami-i-amazonitami","title":{"rendered":"Bransoletka JEDWABNY SZLAK z obsydianami i amazonitami"},"content":{"rendered":"<p>Wielko\u015b\u0107 kamieni:<\/p>\n<ul>\n<li>obsydian \u2013 2,5 mm,<\/li>\n<li>amazonit &#8211; 2,5 mm,<\/li>\n<li>hematyt \u2013 2 mm.<\/li>\n<\/ul>\n<p>Bransoletka posiada \u0142atw\u0105 regulacj\u0119 d\u0142ugo\u015bci w zakresie 15 \u2013 22 cm, poprzez przeci\u0105gniecie sznureczk\u00f3w przez koralik-stoper (ze stali szlachetnej).<\/p>\n","protected":false},"excerpt":{"rendered":"<p>Bransoletka z fasetowanymi obsydianami z\u0142ocistymi, przeplatanymi amazonitami i z\u0142otymi hematytami, zasupe\u0142kowanymi na b\u0142\u0119kitnej, jedwabnej nici.<\/p>\n","protected":false},"featured_media":4253,"comment_status":"open","ping_status":"closed","template":"","meta":{"advanced_seo_description":"","jetpack_seo_html_title":"","jetpack_seo_noindex":false},"product_brand":[],"product_cat":[229],"product_tag":[53,1563,1562,67,1565,1564],"class_list":{"0":"post-4264","1":"product","2":"type-product","3":"status-publish","4":"has-post-thumbnail","6":"product_cat-sprzedane","7":"product_tag-amazonit","8":"product_tag-bransoletka-na-jedwabnym-sznureczku-z-kamieniami-naturalnymi","9":"product_tag-bransoletka-z-obsydianami-i-amazonitami","10":"product_tag-hematyt","11":"product_tag-jedwabna-bransoletka-z-kamieniami-naturalnymi","12":"product_tag-obsydian-zlocisty","14":"first","15":"outofstock","16":"shipping-taxable","17":"purchasable","18":"product-type-simple"},"jetpack_sharing_enabled":true,"_links":{"self":[{"href":"https:\/\/koraledetale.pl\/index.php?rest_route=\/wp\/v2\/product\/4264","targetHints":{"allow":["GET"]}}],"collection":[{"href":"https:\/\/koraledetale.pl\/index.php?rest_route=\/wp\/v2\/product"}],"about":[{"href":"https:\/\/koraledetale.pl\/index.php?rest_route=\/wp\/v2\/types\/product"}],"replies":[{"embeddable":true,"href":"https:\/\/koraledetale.pl\/index.php?rest_route=%2Fwp%2Fv2%2Fcomments&post=4264"}],"wp:featuredmedia":[{"embeddable":true,"href":"https:\/\/koraledetale.pl\/index.php?rest_route=\/wp\/v2\/media\/4253"}],"wp:attachment":[{"href":"https:\/\/koraledetale.pl\/index.php?rest_route=%2Fwp%2Fv2%2Fmedia&parent=4264"}],"wp:term":[{"taxonomy":"product_brand","embeddable":true,"href":"https:\/\/koraledetale.pl\/index.php?rest_route=%2Fwp%2Fv2%2Fproduct_brand&post=4264"},{"taxonomy":"product_cat","embeddable":true,"href":"https:\/\/koraledetale.pl\/index.php?rest_route=%2Fwp%2Fv2%2Fproduct_cat&post=4264"},{"taxonomy":"product_tag","embeddable":true,"href":"https:\/\/koraledetale.pl\/index.php?rest_route=%2Fwp%2Fv2%2Fproduct_tag&post=4264"}],"curies":[{"name":"wp","href":"https:\/\/api.w.org\/{rel}","templated":true}]}}