{"id":4229,"date":"2023-06-21T10:44:10","date_gmt":"2023-06-21T10:44:10","guid":{"rendered":"https:\/\/koraledetale.pl\/?post_type=product&#038;p=4229"},"modified":"2023-12-14T11:16:30","modified_gmt":"2023-12-14T11:16:30","slug":"naszyjnik-summer-vibes-z-turkusowymi-howlitami-i-rozowymi-kwarcami","status":"publish","type":"product","link":"https:\/\/koraledetale.pl\/?product=naszyjnik-summer-vibes-z-turkusowymi-howlitami-i-rozowymi-kwarcami","title":{"rendered":"Naszyjnik SUMMER VIBES z turkusowymi howlitami i r\u00f3\u017cowymi kwarcami"},"content":{"rendered":"<p>Wielko\u015b\u0107 kamieni:<\/p>\n<ul>\n<li>howlit &#8211; 4,5 mm,<\/li>\n<li>kwarc r\u00f3\u017cowy &#8211; 5 mm,<\/li>\n<li>hematyt &#8211; 2 mm.<\/li>\n<\/ul>\n<p>D\u0142ugo\u015b\u0107 naszyjnika &#8211; 81 cm + zawieszka z chwostem 7,5 cm.<\/p>\n<p>Zawieszka wykonana jest z nieuczulaj\u0105cej stali chirurgicznej (szlachetnej).<\/p>\n<p>Kamienie zasupe\u0142kowane s\u0105 na mocnej nici jubilerskiej.<\/p>\n","protected":false},"excerpt":{"rendered":"<p>D\u0142ugi naszyjnik z g\u0142adkich kuleczek howlitu turkusowego i r\u00f3\u017cowego kwarcu, przeplatanych z\u0142otymi hematytami. Naszyjnik zdobi\u0105 r\u00f3\u017cowe chwo\u015bciki i wi\u0119kszy turkusowy, zawieszony na zawieszce &#8211; symbolu ksi\u0119\u017cyca.<\/p>\n","protected":false},"featured_media":4237,"comment_status":"open","ping_status":"closed","template":"","meta":{"advanced_seo_description":"","jetpack_seo_html_title":"","jetpack_seo_noindex":false},"product_brand":[],"product_cat":[229],"product_tag":[1546,1545,1547,463,216,31],"class_list":{"0":"post-4229","1":"product","2":"type-product","3":"status-publish","4":"has-post-thumbnail","6":"product_cat-sprzedane","7":"product_tag-dlugi-naszyjnik-z-chwostami","8":"product_tag-dlugi-naszyjnik-z-howlitami-turkusowymi-i-kwarcami-rozowymi","9":"product_tag-dlugi-naszyjnik-z-rozowymi-i-turkusowymi-kamieniami","10":"product_tag-howlit-turkusowy","11":"product_tag-kwarc-rozowy","12":"product_tag-zloty-hematyt","14":"first","15":"outofstock","16":"shipping-taxable","17":"purchasable","18":"product-type-simple"},"jetpack_sharing_enabled":true,"_links":{"self":[{"href":"https:\/\/koraledetale.pl\/index.php?rest_route=\/wp\/v2\/product\/4229","targetHints":{"allow":["GET"]}}],"collection":[{"href":"https:\/\/koraledetale.pl\/index.php?rest_route=\/wp\/v2\/product"}],"about":[{"href":"https:\/\/koraledetale.pl\/index.php?rest_route=\/wp\/v2\/types\/product"}],"replies":[{"embeddable":true,"href":"https:\/\/koraledetale.pl\/index.php?rest_route=%2Fwp%2Fv2%2Fcomments&post=4229"}],"wp:featuredmedia":[{"embeddable":true,"href":"https:\/\/koraledetale.pl\/index.php?rest_route=\/wp\/v2\/media\/4237"}],"wp:attachment":[{"href":"https:\/\/koraledetale.pl\/index.php?rest_route=%2Fwp%2Fv2%2Fmedia&parent=4229"}],"wp:term":[{"taxonomy":"product_brand","embeddable":true,"href":"https:\/\/koraledetale.pl\/index.php?rest_route=%2Fwp%2Fv2%2Fproduct_brand&post=4229"},{"taxonomy":"product_cat","embeddable":true,"href":"https:\/\/koraledetale.pl\/index.php?rest_route=%2Fwp%2Fv2%2Fproduct_cat&post=4229"},{"taxonomy":"product_tag","embeddable":true,"href":"https:\/\/koraledetale.pl\/index.php?rest_route=%2Fwp%2Fv2%2Fproduct_tag&post=4229"}],"curies":[{"name":"wp","href":"https:\/\/api.w.org\/{rel}","templated":true}]}}