{"id":4227,"date":"2023-06-20T07:55:52","date_gmt":"2023-06-20T07:55:52","guid":{"rendered":"https:\/\/koraledetale.pl\/?post_type=product&#038;p=4227"},"modified":"2023-08-08T19:21:28","modified_gmt":"2023-08-08T19:21:28","slug":"bransoletka-szum-tataraku-z-kianitami-iolitami-i-apatytami","status":"publish","type":"product","link":"https:\/\/koraledetale.pl\/?product=bransoletka-szum-tataraku-z-kianitami-iolitami-i-apatytami","title":{"rendered":"Bransoletka SZUM TATARAKU z kianitami, iolitami i apatytami"},"content":{"rendered":"<p>Wielko\u015b\u0107 kamieni:<\/p>\n<ul>\n<li>kianit \u2013 3 mm i 6\u00d74,5\u00d73 mm,<\/li>\n<li>iolit \u2013 ok. 3,5\u00d72 mm,<\/li>\n<li>apatyt \u2013 2,5 mm,<\/li>\n<li>hematyt \u2013 2 mm.<\/li>\n<\/ul>\n<p>D\u0142ugo\u015b\u0107 bransoletki \u2013 16,5 \u2013 19 cm.<\/p>\n<p>Wszystkie elementy metalowe wykonane s\u0105 z nieuczulaj\u0105cej stali chirurgicznej (szlachetnej).<\/p>\n","protected":false},"excerpt":{"rendered":"<p>Bransoletka z fasetowanymi, zielonymi i b\u0142\u0119kitnymi kianitami, przeplatanymi mniejszymi apatytami, ciosanymi iolitami i z\u0142otymi hematytami oraz pojedynczym owalnym, niebieskim kianitem.<\/p>\n","protected":false},"featured_media":4222,"comment_status":"open","ping_status":"closed","template":"","meta":{"advanced_seo_description":"","jetpack_seo_html_title":"","jetpack_seo_noindex":false},"product_brand":[],"product_cat":[229],"product_tag":[92,80,1543,1544,23,323,31],"class_list":{"0":"post-4227","1":"product","2":"type-product","3":"status-publish","4":"has-post-thumbnail","6":"product_cat-sprzedane","7":"product_tag-apatyt","8":"product_tag-bransoletka-z-kamieniami-naturalnymi","9":"product_tag-bransoletka-z-kianitami-iolitami-i-apatytami","10":"product_tag-bransoletka-z-niebieskimi-i-zielonymi-kamieniami","11":"product_tag-iolit","12":"product_tag-kianit","13":"product_tag-zloty-hematyt","15":"first","16":"outofstock","17":"shipping-taxable","18":"purchasable","19":"product-type-simple"},"jetpack_sharing_enabled":true,"_links":{"self":[{"href":"https:\/\/koraledetale.pl\/index.php?rest_route=\/wp\/v2\/product\/4227","targetHints":{"allow":["GET"]}}],"collection":[{"href":"https:\/\/koraledetale.pl\/index.php?rest_route=\/wp\/v2\/product"}],"about":[{"href":"https:\/\/koraledetale.pl\/index.php?rest_route=\/wp\/v2\/types\/product"}],"replies":[{"embeddable":true,"href":"https:\/\/koraledetale.pl\/index.php?rest_route=%2Fwp%2Fv2%2Fcomments&post=4227"}],"wp:featuredmedia":[{"embeddable":true,"href":"https:\/\/koraledetale.pl\/index.php?rest_route=\/wp\/v2\/media\/4222"}],"wp:attachment":[{"href":"https:\/\/koraledetale.pl\/index.php?rest_route=%2Fwp%2Fv2%2Fmedia&parent=4227"}],"wp:term":[{"taxonomy":"product_brand","embeddable":true,"href":"https:\/\/koraledetale.pl\/index.php?rest_route=%2Fwp%2Fv2%2Fproduct_brand&post=4227"},{"taxonomy":"product_cat","embeddable":true,"href":"https:\/\/koraledetale.pl\/index.php?rest_route=%2Fwp%2Fv2%2Fproduct_cat&post=4227"},{"taxonomy":"product_tag","embeddable":true,"href":"https:\/\/koraledetale.pl\/index.php?rest_route=%2Fwp%2Fv2%2Fproduct_tag&post=4227"}],"curies":[{"name":"wp","href":"https:\/\/api.w.org\/{rel}","templated":true}]}}