{"id":4215,"date":"2023-06-15T15:40:33","date_gmt":"2023-06-15T15:40:33","guid":{"rendered":"https:\/\/koraledetale.pl\/?post_type=product&#038;p=4215"},"modified":"2023-07-18T12:10:14","modified_gmt":"2023-07-18T12:10:14","slug":"bransoletka-marakesz-z-amazonitami","status":"publish","type":"product","link":"https:\/\/koraledetale.pl\/?product=bransoletka-marakesz-z-amazonitami","title":{"rendered":"Bransoletka MARAKESZ z amazonitami"},"content":{"rendered":"<p>Wielko\u015b\u0107 kamieni:<\/p>\n<ul>\n<li>amazonit \u2013 8,5\u00d75 mm,<\/li>\n<li>hematyt \u2013 4\u00d72 mm i 4 mm.<\/li>\n<\/ul>\n<p>D\u0142ugo\u015b\u0107 bransoletki:\u00a0 18-22 cm.<\/p>\n<p>Wszystkie elementy metalowe wykonane s\u0105 z nieuczulaj\u0105cej stali szlachetnej.<\/p>\n","protected":false},"excerpt":{"rendered":"<p>Bransoletka z oponkami amazonitu, przeplatanymi z\u0142otymi hematytami. Bransoletk\u0119 zapina si\u0119 na du\u017ce k\u00f3\u0142ko, z kt\u00f3rego odchodz\u0105 zawieszki \u2013 jednostronna moneta, amazonit z hematytowymi przek\u0142adkami,\u00a0 \u0142a\u0144cuszek (pe\u0142ni\u0105cy r\u00f3wnie\u017c rol\u0119 przed\u0142u\u017cki) zako\u0144czony gwiazdk\u0105.<\/p>\n","protected":false},"featured_media":4205,"comment_status":"open","ping_status":"closed","template":"","meta":{"advanced_seo_description":"","jetpack_seo_html_title":"","jetpack_seo_noindex":false},"product_brand":[],"product_cat":[229],"product_tag":[53,1537,80,727,898,31],"class_list":{"0":"post-4215","1":"product","2":"type-product","3":"status-publish","4":"has-post-thumbnail","6":"product_cat-sprzedane","7":"product_tag-amazonit","8":"product_tag-bransoletka-z-amazonitami-i-zawieszkami","9":"product_tag-bransoletka-z-kamieniami-naturalnymi","10":"product_tag-bransoletka-z-moneta","11":"product_tag-zawieszki","12":"product_tag-zloty-hematyt","14":"first","15":"outofstock","16":"shipping-taxable","17":"purchasable","18":"product-type-simple"},"jetpack_sharing_enabled":true,"_links":{"self":[{"href":"https:\/\/koraledetale.pl\/index.php?rest_route=\/wp\/v2\/product\/4215","targetHints":{"allow":["GET"]}}],"collection":[{"href":"https:\/\/koraledetale.pl\/index.php?rest_route=\/wp\/v2\/product"}],"about":[{"href":"https:\/\/koraledetale.pl\/index.php?rest_route=\/wp\/v2\/types\/product"}],"replies":[{"embeddable":true,"href":"https:\/\/koraledetale.pl\/index.php?rest_route=%2Fwp%2Fv2%2Fcomments&post=4215"}],"wp:featuredmedia":[{"embeddable":true,"href":"https:\/\/koraledetale.pl\/index.php?rest_route=\/wp\/v2\/media\/4205"}],"wp:attachment":[{"href":"https:\/\/koraledetale.pl\/index.php?rest_route=%2Fwp%2Fv2%2Fmedia&parent=4215"}],"wp:term":[{"taxonomy":"product_brand","embeddable":true,"href":"https:\/\/koraledetale.pl\/index.php?rest_route=%2Fwp%2Fv2%2Fproduct_brand&post=4215"},{"taxonomy":"product_cat","embeddable":true,"href":"https:\/\/koraledetale.pl\/index.php?rest_route=%2Fwp%2Fv2%2Fproduct_cat&post=4215"},{"taxonomy":"product_tag","embeddable":true,"href":"https:\/\/koraledetale.pl\/index.php?rest_route=%2Fwp%2Fv2%2Fproduct_tag&post=4215"}],"curies":[{"name":"wp","href":"https:\/\/api.w.org\/{rel}","templated":true}]}}