{"id":4203,"date":"2023-06-15T14:58:02","date_gmt":"2023-06-15T14:58:02","guid":{"rendered":"https:\/\/koraledetale.pl\/?post_type=product&#038;p=4203"},"modified":"2023-07-03T11:07:55","modified_gmt":"2023-07-03T11:07:55","slug":"naszyjnik-marakesz-z-amazonitami","status":"publish","type":"product","link":"https:\/\/koraledetale.pl\/?product=naszyjnik-marakesz-z-amazonitami","title":{"rendered":"Naszyjnik MARAKESZ z amazonitami"},"content":{"rendered":"<p>Wielko\u015b\u0107 kamieni:<\/p>\n<ul>\n<li>amazonit \u2013 8,5&#215;5 mm,<\/li>\n<li>hematyt \u2013 4\u00d72 mm i 4 mm.<\/li>\n<\/ul>\n<p>D\u0142ugo\u015b\u0107 naszyjnika:\u00a0 75 cm.<\/p>\n<p>Wszystkie elementy metalowe wykonane s\u0105 z nieuczulaj\u0105cej stali szlachetnej.<\/p>\n","protected":false},"excerpt":{"rendered":"<p>Naszyjnik z dyskami amazonit\u00f3w przeplatanymi z\u0142otymi hematytami, z \u0142a\u0144cuchem o ozdobnym splocie oraz zawieszkami &#8211; monetami i amazonitem z hematytami.<\/p>\n<p>Naszyjnik jest \u015brednio-d\u0142ugi. Mo\u017cesz go nosi\u0107 na rozmaite sposoby, na przyk\u0142ad z wi\u0119ksz\u0105 monet\u0105 w centrum lub z obiema monetami po bokach, a dwukrotnie okr\u0119cony wok\u00f3\u0142 szyi tworzy warstwowy choker.<\/p>\n<p>&nbsp;<\/p>\n","protected":false},"featured_media":4209,"comment_status":"open","ping_status":"closed","template":"","meta":{"advanced_seo_description":"","jetpack_seo_html_title":"","jetpack_seo_noindex":false},"product_brand":[],"product_cat":[229],"product_tag":[53,1534,1533,69,1532,31],"class_list":{"0":"post-4203","1":"product","2":"type-product","3":"status-publish","4":"has-post-thumbnail","6":"product_cat-sprzedane","7":"product_tag-amazonit","8":"product_tag-choker-z-amazonitami-i-zawieszkami","9":"product_tag-dlugi-naszyjnik-z-amazonitow-i-hematytow","10":"product_tag-moneta","11":"product_tag-naszyjnik-z-amazonitami-i-monetami","12":"product_tag-zloty-hematyt","14":"first","15":"outofstock","16":"shipping-taxable","17":"purchasable","18":"product-type-simple"},"jetpack_sharing_enabled":true,"_links":{"self":[{"href":"https:\/\/koraledetale.pl\/index.php?rest_route=\/wp\/v2\/product\/4203","targetHints":{"allow":["GET"]}}],"collection":[{"href":"https:\/\/koraledetale.pl\/index.php?rest_route=\/wp\/v2\/product"}],"about":[{"href":"https:\/\/koraledetale.pl\/index.php?rest_route=\/wp\/v2\/types\/product"}],"replies":[{"embeddable":true,"href":"https:\/\/koraledetale.pl\/index.php?rest_route=%2Fwp%2Fv2%2Fcomments&post=4203"}],"wp:featuredmedia":[{"embeddable":true,"href":"https:\/\/koraledetale.pl\/index.php?rest_route=\/wp\/v2\/media\/4209"}],"wp:attachment":[{"href":"https:\/\/koraledetale.pl\/index.php?rest_route=%2Fwp%2Fv2%2Fmedia&parent=4203"}],"wp:term":[{"taxonomy":"product_brand","embeddable":true,"href":"https:\/\/koraledetale.pl\/index.php?rest_route=%2Fwp%2Fv2%2Fproduct_brand&post=4203"},{"taxonomy":"product_cat","embeddable":true,"href":"https:\/\/koraledetale.pl\/index.php?rest_route=%2Fwp%2Fv2%2Fproduct_cat&post=4203"},{"taxonomy":"product_tag","embeddable":true,"href":"https:\/\/koraledetale.pl\/index.php?rest_route=%2Fwp%2Fv2%2Fproduct_tag&post=4203"}],"curies":[{"name":"wp","href":"https:\/\/api.w.org\/{rel}","templated":true}]}}