{"id":4199,"date":"2023-06-14T07:17:32","date_gmt":"2023-06-14T07:17:32","guid":{"rendered":"https:\/\/koraledetale.pl\/?post_type=product&#038;p=4199"},"modified":"2023-09-25T18:17:44","modified_gmt":"2023-09-25T18:17:44","slug":"naszyjnik-meksyk-z-turkusem-i-chryzoprazem","status":"publish","type":"product","link":"https:\/\/koraledetale.pl\/?product=naszyjnik-meksyk-z-turkusem-i-chryzoprazem","title":{"rendered":"Naszyjnik MEKSYK z turkusem i chryzoprazem"},"content":{"rendered":"<p>Wielko\u015b\u0107 kamieni:<\/p>\n<ul>\n<li>turkus \u2013 2,5 mm,<\/li>\n<li>hematyt \u2013 2 mm,<\/li>\n<li>chryzopraz \u2013 17&#215;6 mm.<\/li>\n<\/ul>\n<p>D\u0142ugo\u015b\u0107 naszyjnika \u2013 81 cm + 5 cm zawieszka z kamieniem.<\/p>\n<p>Wszystkie elementy metalowe wykonane s\u0105 z nieuczulaj\u0105cej stali chirurgicznej (szlachetnej).<\/p>\n","protected":false},"excerpt":{"rendered":"<p>D\u0142ugi naszyjnik z drobnych, fasetowanych turkus\u00f3w, przeplatanych z\u0142otymi hematytami, zasupe\u0142kowanymi na mocnej nitce jubilerskiej. Zwie\u0144czeniem jest zawieszka z azteckim wzorem, od kt\u00f3rej odchodzi d\u0142uga \u0142ezka chryzoprazu.<\/p>\n","protected":false},"featured_media":4202,"comment_status":"open","ping_status":"closed","template":"","meta":{"advanced_seo_description":"","jetpack_seo_html_title":"","jetpack_seo_noindex":false},"product_brand":[],"product_cat":[229],"product_tag":[119,52,1531,105],"class_list":{"0":"post-4199","1":"product","2":"type-product","3":"status-publish","4":"has-post-thumbnail","6":"product_cat-sprzedane","7":"product_tag-chryzopraz","8":"product_tag-dlugi-naszyjnik-z-kamieni-naturalnych","9":"product_tag-dlugi-naszyjnik-z-turkusami-i-chryzoprazem","10":"product_tag-turkus","12":"first","13":"outofstock","14":"shipping-taxable","15":"purchasable","16":"product-type-simple"},"jetpack_sharing_enabled":true,"_links":{"self":[{"href":"https:\/\/koraledetale.pl\/index.php?rest_route=\/wp\/v2\/product\/4199","targetHints":{"allow":["GET"]}}],"collection":[{"href":"https:\/\/koraledetale.pl\/index.php?rest_route=\/wp\/v2\/product"}],"about":[{"href":"https:\/\/koraledetale.pl\/index.php?rest_route=\/wp\/v2\/types\/product"}],"replies":[{"embeddable":true,"href":"https:\/\/koraledetale.pl\/index.php?rest_route=%2Fwp%2Fv2%2Fcomments&post=4199"}],"wp:featuredmedia":[{"embeddable":true,"href":"https:\/\/koraledetale.pl\/index.php?rest_route=\/wp\/v2\/media\/4202"}],"wp:attachment":[{"href":"https:\/\/koraledetale.pl\/index.php?rest_route=%2Fwp%2Fv2%2Fmedia&parent=4199"}],"wp:term":[{"taxonomy":"product_brand","embeddable":true,"href":"https:\/\/koraledetale.pl\/index.php?rest_route=%2Fwp%2Fv2%2Fproduct_brand&post=4199"},{"taxonomy":"product_cat","embeddable":true,"href":"https:\/\/koraledetale.pl\/index.php?rest_route=%2Fwp%2Fv2%2Fproduct_cat&post=4199"},{"taxonomy":"product_tag","embeddable":true,"href":"https:\/\/koraledetale.pl\/index.php?rest_route=%2Fwp%2Fv2%2Fproduct_tag&post=4199"}],"curies":[{"name":"wp","href":"https:\/\/api.w.org\/{rel}","templated":true}]}}