{"id":4196,"date":"2023-06-13T08:08:21","date_gmt":"2023-06-13T08:08:21","guid":{"rendered":"https:\/\/koraledetale.pl\/?post_type=product&#038;p=4196"},"modified":"2023-07-19T10:03:15","modified_gmt":"2023-07-19T10:03:15","slug":"bransoletka-gracje-czerwcowe-z-koralami-i-kolorowymi-kamieniami","status":"publish","type":"product","link":"https:\/\/koraledetale.pl\/?product=bransoletka-gracje-czerwcowe-z-koralami-i-kolorowymi-kamieniami","title":{"rendered":"Bransoletka GRACJE CZERWCOWE z koralami i kolorowymi kamieniami"},"content":{"rendered":"<p>Wielko\u015b\u0107 kamieni:<\/p>\n<ul>\n<li>koral \u2013 3,5 mm i 5\u00d73 mm,<\/li>\n<li>malachit &#8211; 3,5 mm,<\/li>\n<li>lapis lazuli \u2013 4 mm,<\/li>\n<li>turkus &#8211; 4,5&#215;3 mm,<\/li>\n<li>per\u0142a &#8211; 4&#215;2,5 mm,<\/li>\n<li>hematyt \u2013 2 mm, 4&#215;2 mm, 3,5 mm i 3\u00d71 mm.<\/li>\n<\/ul>\n<p>D\u0142ugo\u015b\u0107 bransoletki: 16,5 \u2013 19,2 cm.<\/p>\n<p>Wszystkie elementy metalowe wykonane s\u0105 z nieuczulaj\u0105cej stali szlachetnej.<\/p>\n","protected":false},"excerpt":{"rendered":"<p>Bransoletka z kuleczek pomara\u0144czowego koralu, z wplecionymi kolorowymi kamieniami: malachitem, lapis lazuli, wa\u0142eczkiem czerwonego koralu, turkusem i per\u0142\u0105 oraz z\u0142otymi hematytami.<\/p>\n","protected":false},"featured_media":4193,"comment_status":"open","ping_status":"closed","template":"","meta":{"advanced_seo_description":"","jetpack_seo_html_title":"","jetpack_seo_noindex":false},"product_brand":[],"product_cat":[229],"product_tag":[80,237,1530,82,1409,158,57,31],"class_list":{"0":"post-4196","1":"product","2":"type-product","3":"status-publish","4":"has-post-thumbnail","6":"product_cat-sprzedane","7":"product_tag-bransoletka-z-kamieniami-naturalnymi","8":"product_tag-bransoletka-z-kolorowymi-kamieniami","9":"product_tag-bransoletka-z-koralami-i-kolorowymi-kamieniami","10":"product_tag-koral","11":"product_tag-lapis-lazuli","12":"product_tag-malachit","13":"product_tag-perla","14":"product_tag-zloty-hematyt","16":"first","17":"outofstock","18":"shipping-taxable","19":"purchasable","20":"product-type-simple"},"jetpack_sharing_enabled":true,"_links":{"self":[{"href":"https:\/\/koraledetale.pl\/index.php?rest_route=\/wp\/v2\/product\/4196","targetHints":{"allow":["GET"]}}],"collection":[{"href":"https:\/\/koraledetale.pl\/index.php?rest_route=\/wp\/v2\/product"}],"about":[{"href":"https:\/\/koraledetale.pl\/index.php?rest_route=\/wp\/v2\/types\/product"}],"replies":[{"embeddable":true,"href":"https:\/\/koraledetale.pl\/index.php?rest_route=%2Fwp%2Fv2%2Fcomments&post=4196"}],"wp:featuredmedia":[{"embeddable":true,"href":"https:\/\/koraledetale.pl\/index.php?rest_route=\/wp\/v2\/media\/4193"}],"wp:attachment":[{"href":"https:\/\/koraledetale.pl\/index.php?rest_route=%2Fwp%2Fv2%2Fmedia&parent=4196"}],"wp:term":[{"taxonomy":"product_brand","embeddable":true,"href":"https:\/\/koraledetale.pl\/index.php?rest_route=%2Fwp%2Fv2%2Fproduct_brand&post=4196"},{"taxonomy":"product_cat","embeddable":true,"href":"https:\/\/koraledetale.pl\/index.php?rest_route=%2Fwp%2Fv2%2Fproduct_cat&post=4196"},{"taxonomy":"product_tag","embeddable":true,"href":"https:\/\/koraledetale.pl\/index.php?rest_route=%2Fwp%2Fv2%2Fproduct_tag&post=4196"}],"curies":[{"name":"wp","href":"https:\/\/api.w.org\/{rel}","templated":true}]}}