{"id":4189,"date":"2023-06-13T07:52:20","date_gmt":"2023-06-13T07:52:20","guid":{"rendered":"https:\/\/koraledetale.pl\/?post_type=product&#038;p=4189"},"modified":"2023-06-30T12:41:47","modified_gmt":"2023-06-30T12:41:47","slug":"bransoletka-gracje-czerwcowe-z-lapis-lazuli-i-koralami","status":"publish","type":"product","link":"https:\/\/koraledetale.pl\/?product=bransoletka-gracje-czerwcowe-z-lapis-lazuli-i-koralami","title":{"rendered":"Bransoletka GRACJE CZERWCOWE z lapis lazuli i koralami"},"content":{"rendered":"<p>Wielko\u015b\u0107 kamieni:<\/p>\n<ul>\n<li>lapis lazuli \u2013 2,5 mm,<\/li>\n<li>koral &#8211; 3,5 mm i 4&#215;3,5 mm,<\/li>\n<li>hematyt \u2013 2 mm i 3&#215;1 mm.<\/li>\n<\/ul>\n<p>D\u0142ugo\u015b\u0107 bransoletki: 15,9 \u2013 18,4 cm.<\/p>\n<p>Wszystkie elementy metalowe wykonane s\u0105 z nieuczulaj\u0105cej stali szlachetnej.<\/p>\n","protected":false},"excerpt":{"rendered":"<p>Bransoletka z drobnych, fasetowanych lapis lazuli, przeplatanych z\u0142otymi hematytami, z wplecionymi kuleczkami pomara\u0144czowego koralu. Bransoletk\u0119 zdobi\u0105 zawieszki z wa\u0142eczk\u00f3w koralu i hematyt\u00f3w.<\/p>\n","protected":false},"featured_media":4191,"comment_status":"open","ping_status":"closed","template":"","meta":{"advanced_seo_description":"","jetpack_seo_html_title":"","jetpack_seo_noindex":false},"product_brand":[],"product_cat":[229],"product_tag":[79,133,1529,1409,1088,31],"class_list":{"0":"post-4189","1":"product","2":"type-product","3":"status-publish","4":"has-post-thumbnail","6":"product_cat-sprzedane","7":"product_tag-bransoletka-z-drobnych-kamieni","8":"product_tag-bransoletka-z-kamieni-naturalnych","9":"product_tag-bransoletka-z-lapis-lazuli-i-koralu","10":"product_tag-lapis-lazuli","11":"product_tag-pomaranczowy-koral","12":"product_tag-zloty-hematyt","14":"first","15":"outofstock","16":"shipping-taxable","17":"purchasable","18":"product-type-simple"},"jetpack_sharing_enabled":true,"_links":{"self":[{"href":"https:\/\/koraledetale.pl\/index.php?rest_route=\/wp\/v2\/product\/4189","targetHints":{"allow":["GET"]}}],"collection":[{"href":"https:\/\/koraledetale.pl\/index.php?rest_route=\/wp\/v2\/product"}],"about":[{"href":"https:\/\/koraledetale.pl\/index.php?rest_route=\/wp\/v2\/types\/product"}],"replies":[{"embeddable":true,"href":"https:\/\/koraledetale.pl\/index.php?rest_route=%2Fwp%2Fv2%2Fcomments&post=4189"}],"wp:featuredmedia":[{"embeddable":true,"href":"https:\/\/koraledetale.pl\/index.php?rest_route=\/wp\/v2\/media\/4191"}],"wp:attachment":[{"href":"https:\/\/koraledetale.pl\/index.php?rest_route=%2Fwp%2Fv2%2Fmedia&parent=4189"}],"wp:term":[{"taxonomy":"product_brand","embeddable":true,"href":"https:\/\/koraledetale.pl\/index.php?rest_route=%2Fwp%2Fv2%2Fproduct_brand&post=4189"},{"taxonomy":"product_cat","embeddable":true,"href":"https:\/\/koraledetale.pl\/index.php?rest_route=%2Fwp%2Fv2%2Fproduct_cat&post=4189"},{"taxonomy":"product_tag","embeddable":true,"href":"https:\/\/koraledetale.pl\/index.php?rest_route=%2Fwp%2Fv2%2Fproduct_tag&post=4189"}],"curies":[{"name":"wp","href":"https:\/\/api.w.org\/{rel}","templated":true}]}}