{"id":4176,"date":"2023-06-12T06:35:41","date_gmt":"2023-06-12T06:35:41","guid":{"rendered":"https:\/\/koraledetale.pl\/?post_type=product&#038;p=4176"},"modified":"2023-06-23T21:30:12","modified_gmt":"2023-06-23T21:30:12","slug":"bransoletka-gracje-czerwcowe-z-perlami-turkusami-i-kamieniami-ksiezycowymi","status":"publish","type":"product","link":"https:\/\/koraledetale.pl\/?product=bransoletka-gracje-czerwcowe-z-perlami-turkusami-i-kamieniami-ksiezycowymi","title":{"rendered":"Bransoletka GRACJE CZERWCOWE z per\u0142ami, turkusami i kamieniami ksi\u0119\u017cycowymi"},"content":{"rendered":"<p>Wielko\u015b\u0107 kamieni:<\/p>\n<ul>\n<li>per\u0142a \u2013 5&#215;3 mm,<\/li>\n<li>turkus &#8211; 3,5 mm,<\/li>\n<li>kamie\u0144 ksi\u0119\u017cycowy &#8211; 3 mm,<\/li>\n<li>hematyt \u2013 2 mm i 2&#215;1 mm.<\/li>\n<\/ul>\n<p>D\u0142ugo\u015b\u0107 bransoletki: 15,9 \u2013 18,9 cm.<\/p>\n<p>Wszystkie elementy metalowe wykonane s\u0105 z nieuczulaj\u0105cej stali szlachetnej.<\/p>\n","protected":false},"excerpt":{"rendered":"<p>Bransoletka z pere\u0142, przeplatanych z\u0142otymi hematytami, z wplecionymi turkusami i kamieniami ksi\u0119\u017cycowymi. Bransoletk\u0119 zdobi\u0105 zawieszki: z kamieniem ksi\u0119\u017cycowym i turkusem w towarzystwie hematyt\u00f3w.<\/p>\n","protected":false},"featured_media":4180,"comment_status":"open","ping_status":"closed","template":"","meta":{"advanced_seo_description":"","jetpack_seo_html_title":"","jetpack_seo_noindex":false},"product_brand":[],"product_cat":[229],"product_tag":[80,1527,1526,64,57,105,31],"class_list":{"0":"post-4176","1":"product","2":"type-product","3":"status-publish","4":"has-post-thumbnail","6":"product_cat-sprzedane","7":"product_tag-bransoletka-z-kamieniami-naturalnymi","8":"product_tag-bransoletka-z-perel-i-turkusow","9":"product_tag-bransoletka-z-perlami-kamieniami-ksiezycowymi-i-turkusami","10":"product_tag-kamien-ksiezycowy","11":"product_tag-perla","12":"product_tag-turkus","13":"product_tag-zloty-hematyt","15":"first","16":"outofstock","17":"shipping-taxable","18":"purchasable","19":"product-type-simple"},"jetpack_sharing_enabled":true,"_links":{"self":[{"href":"https:\/\/koraledetale.pl\/index.php?rest_route=\/wp\/v2\/product\/4176","targetHints":{"allow":["GET"]}}],"collection":[{"href":"https:\/\/koraledetale.pl\/index.php?rest_route=\/wp\/v2\/product"}],"about":[{"href":"https:\/\/koraledetale.pl\/index.php?rest_route=\/wp\/v2\/types\/product"}],"replies":[{"embeddable":true,"href":"https:\/\/koraledetale.pl\/index.php?rest_route=%2Fwp%2Fv2%2Fcomments&post=4176"}],"wp:featuredmedia":[{"embeddable":true,"href":"https:\/\/koraledetale.pl\/index.php?rest_route=\/wp\/v2\/media\/4180"}],"wp:attachment":[{"href":"https:\/\/koraledetale.pl\/index.php?rest_route=%2Fwp%2Fv2%2Fmedia&parent=4176"}],"wp:term":[{"taxonomy":"product_brand","embeddable":true,"href":"https:\/\/koraledetale.pl\/index.php?rest_route=%2Fwp%2Fv2%2Fproduct_brand&post=4176"},{"taxonomy":"product_cat","embeddable":true,"href":"https:\/\/koraledetale.pl\/index.php?rest_route=%2Fwp%2Fv2%2Fproduct_cat&post=4176"},{"taxonomy":"product_tag","embeddable":true,"href":"https:\/\/koraledetale.pl\/index.php?rest_route=%2Fwp%2Fv2%2Fproduct_tag&post=4176"}],"curies":[{"name":"wp","href":"https:\/\/api.w.org\/{rel}","templated":true}]}}