{"id":4159,"date":"2023-06-09T06:37:56","date_gmt":"2023-06-09T06:37:56","guid":{"rendered":"https:\/\/koraledetale.pl\/?post_type=product&#038;p=4159"},"modified":"2023-06-11T11:34:18","modified_gmt":"2023-06-11T11:34:18","slug":"bransoletka-gracje-czerwcowe-z-agatami-kwarcami-dymnymi-i-kamieniami-ksiezycowymi","status":"publish","type":"product","link":"https:\/\/koraledetale.pl\/?product=bransoletka-gracje-czerwcowe-z-agatami-kwarcami-dymnymi-i-kamieniami-ksiezycowymi","title":{"rendered":"Bransoletka GRACJE CZERWCOWE z agatami, kwarcami dymnymi i kamieniami ksi\u0119\u017cycowymi"},"content":{"rendered":"<p>Wielko\u015b\u0107 kamieni:<\/p>\n<ul>\n<li>agat \u2013 2 mm,<\/li>\n<li>kwarc dymny &#8211; 4,5 mm i 3&#215;2 mm,<\/li>\n<li>kamie\u0144 ksi\u0119\u017cycowy \u2013 3,5 mm,<\/li>\n<li>hematyt \u2013 2 mm.<\/li>\n<\/ul>\n<p>D\u0142ugo\u015b\u0107 bransoletki: 15,8 \u2013 18,3 cm.<\/p>\n<p>Wszystkie elementy metalowe wykonane s\u0105 z nieuczulaj\u0105cej stali szlachetnej.<\/p>\n","protected":false},"excerpt":{"rendered":"<p>Bransoletka z drobnych, fasetowanych piaskowych agat\u00f3w, przeplatanych z\u0142otymi hematytami, z wplecionymi kwarcami dymnymi. Bransoletk\u0119 zdobi\u0105 zawieszki z kamieniami ksi\u0119\u017cycowymi i hematytami.<\/p>\n","protected":false},"featured_media":4161,"comment_status":"open","ping_status":"closed","template":"","meta":{"advanced_seo_description":"","jetpack_seo_html_title":"","jetpack_seo_noindex":false},"product_brand":[],"product_cat":[229],"product_tag":[127,1522,1523,79,503,64,63,31],"class_list":{"0":"post-4159","1":"product","2":"type-product","3":"status-publish","4":"has-post-thumbnail","6":"product_cat-sprzedane","7":"product_tag-agat","8":"product_tag-bransoletka-w-kolorach-ziemi","9":"product_tag-bransoletka-z-agatami","10":"product_tag-bransoletka-z-drobnych-kamieni","11":"product_tag-bransoletka-z-zawieszkami","12":"product_tag-kamien-ksiezycowy","13":"product_tag-kwarc-dymny","14":"product_tag-zloty-hematyt","16":"first","17":"outofstock","18":"shipping-taxable","19":"purchasable","20":"product-type-simple"},"jetpack_sharing_enabled":true,"_links":{"self":[{"href":"https:\/\/koraledetale.pl\/index.php?rest_route=\/wp\/v2\/product\/4159","targetHints":{"allow":["GET"]}}],"collection":[{"href":"https:\/\/koraledetale.pl\/index.php?rest_route=\/wp\/v2\/product"}],"about":[{"href":"https:\/\/koraledetale.pl\/index.php?rest_route=\/wp\/v2\/types\/product"}],"replies":[{"embeddable":true,"href":"https:\/\/koraledetale.pl\/index.php?rest_route=%2Fwp%2Fv2%2Fcomments&post=4159"}],"wp:featuredmedia":[{"embeddable":true,"href":"https:\/\/koraledetale.pl\/index.php?rest_route=\/wp\/v2\/media\/4161"}],"wp:attachment":[{"href":"https:\/\/koraledetale.pl\/index.php?rest_route=%2Fwp%2Fv2%2Fmedia&parent=4159"}],"wp:term":[{"taxonomy":"product_brand","embeddable":true,"href":"https:\/\/koraledetale.pl\/index.php?rest_route=%2Fwp%2Fv2%2Fproduct_brand&post=4159"},{"taxonomy":"product_cat","embeddable":true,"href":"https:\/\/koraledetale.pl\/index.php?rest_route=%2Fwp%2Fv2%2Fproduct_cat&post=4159"},{"taxonomy":"product_tag","embeddable":true,"href":"https:\/\/koraledetale.pl\/index.php?rest_route=%2Fwp%2Fv2%2Fproduct_tag&post=4159"}],"curies":[{"name":"wp","href":"https:\/\/api.w.org\/{rel}","templated":true}]}}