{"id":4155,"date":"2023-06-05T09:59:13","date_gmt":"2023-06-05T09:59:13","guid":{"rendered":"https:\/\/koraledetale.pl\/?post_type=product&#038;p=4155"},"modified":"2023-07-26T20:12:42","modified_gmt":"2023-07-26T20:12:42","slug":"bransoletka-gracje-czerwcowe-z-opalami-i-koralami","status":"publish","type":"product","link":"https:\/\/koraledetale.pl\/?product=bransoletka-gracje-czerwcowe-z-opalami-i-koralami","title":{"rendered":"Bransoletka GRACJE CZERWCOWE z opalami i koralami"},"content":{"rendered":"<p>Wielko\u015b\u0107 kamieni:<\/p>\n<ul>\n<li>opal \u2013 2 mm,<\/li>\n<li>koral \u2013 2 mm i ok. 5&#215;3 mm,<\/li>\n<li>hematyt \u2013 2 mm i 3\u00d71 mm.<\/li>\n<\/ul>\n<p>D\u0142ugo\u015b\u0107 bransoletki: 16 \u2013 18,6 cm.<\/p>\n<p>Wszystkie elementy metalowe wykonane s\u0105 z nieuczulaj\u0105cej stali szlachetnej.<\/p>\n","protected":false},"excerpt":{"rendered":"<p>Bransoletka z drobnych, fasetowanych opali b\u0142\u0119kitnych, przeplatanych z\u0142otymi hematytami, z wplecionymi czerwonymi koralami (fasetowanymi kuleczkami i g\u0142adkimi wa\u0142eczkami). Bransoletk\u0119 zdobi\u0105 zawieszki: okr\u0105g\u0142a blaszka oraz wa\u0142eczek koralu z hematytami (przy przed\u0142u\u017cce).<\/p>\n","protected":false},"featured_media":4140,"comment_status":"open","ping_status":"closed","template":"","meta":{"advanced_seo_description":"","jetpack_seo_html_title":"","jetpack_seo_noindex":false},"product_brand":[],"product_cat":[229],"product_tag":[1520,1434,79,133,1519,82,1521,31],"class_list":{"0":"post-4155","1":"product","2":"type-product","3":"status-publish","4":"has-post-thumbnail","6":"product_cat-sprzedane","7":"product_tag-bransoletka-z-blekitnego-opalu","8":"product_tag-bransoletka-z-blekitnych-kamieni","9":"product_tag-bransoletka-z-drobnych-kamieni","10":"product_tag-bransoletka-z-kamieni-naturalnych","11":"product_tag-bransoletka-z-opali-i-koralu","12":"product_tag-koral","13":"product_tag-opal-blekitny","14":"product_tag-zloty-hematyt","16":"first","17":"outofstock","18":"shipping-taxable","19":"purchasable","20":"product-type-simple"},"jetpack_sharing_enabled":true,"_links":{"self":[{"href":"https:\/\/koraledetale.pl\/index.php?rest_route=\/wp\/v2\/product\/4155","targetHints":{"allow":["GET"]}}],"collection":[{"href":"https:\/\/koraledetale.pl\/index.php?rest_route=\/wp\/v2\/product"}],"about":[{"href":"https:\/\/koraledetale.pl\/index.php?rest_route=\/wp\/v2\/types\/product"}],"replies":[{"embeddable":true,"href":"https:\/\/koraledetale.pl\/index.php?rest_route=%2Fwp%2Fv2%2Fcomments&post=4155"}],"wp:featuredmedia":[{"embeddable":true,"href":"https:\/\/koraledetale.pl\/index.php?rest_route=\/wp\/v2\/media\/4140"}],"wp:attachment":[{"href":"https:\/\/koraledetale.pl\/index.php?rest_route=%2Fwp%2Fv2%2Fmedia&parent=4155"}],"wp:term":[{"taxonomy":"product_brand","embeddable":true,"href":"https:\/\/koraledetale.pl\/index.php?rest_route=%2Fwp%2Fv2%2Fproduct_brand&post=4155"},{"taxonomy":"product_cat","embeddable":true,"href":"https:\/\/koraledetale.pl\/index.php?rest_route=%2Fwp%2Fv2%2Fproduct_cat&post=4155"},{"taxonomy":"product_tag","embeddable":true,"href":"https:\/\/koraledetale.pl\/index.php?rest_route=%2Fwp%2Fv2%2Fproduct_tag&post=4155"}],"curies":[{"name":"wp","href":"https:\/\/api.w.org\/{rel}","templated":true}]}}