{"id":4154,"date":"2023-06-05T09:48:16","date_gmt":"2023-06-05T09:48:16","guid":{"rendered":"https:\/\/koraledetale.pl\/?post_type=product&#038;p=4154"},"modified":"2023-06-05T10:08:00","modified_gmt":"2023-06-05T10:08:00","slug":"bransoletka-gracje-czerwcowe-z-chalcedonami-i-koralami","status":"publish","type":"product","link":"https:\/\/koraledetale.pl\/?product=bransoletka-gracje-czerwcowe-z-chalcedonami-i-koralami","title":{"rendered":"Bransoletka GRACJE CZERWCOWE z chalcedonami i koralami"},"content":{"rendered":"<p>Wielko\u015b\u0107 kamieni:<\/p>\n<ul>\n<li>chalcedon &#8211; 2 mm,<\/li>\n<li>koral \u2013 2 mm i ok. 4&#215;3,5 mm,<\/li>\n<li>hematyt \u2013 2 mm i 3&#215;1 mm.<\/li>\n<\/ul>\n<p>D\u0142ugo\u015b\u0107 bransoletki: 15,5 &#8211; 18 cm.<\/p>\n<p>Wszystkie elementy metalowe wykonane s\u0105 z nieuczulaj\u0105cej stali szlachetnej.<\/p>\n","protected":false},"excerpt":{"rendered":"<p>Bransoletka z drobnych, fasetowanych chalcedon\u00f3w, przeplatanych z\u0142otymi hematytami, z wplecionymi g\u0142adkimi, pomara\u0144czowymi kuleczkami koralu. Bransoletk\u0119 zdobi\u0105 zawieszki z wa\u0142eczkami koralu i z\u0142otych hematyt\u00f3w.<\/p>\n","protected":false},"featured_media":4147,"comment_status":"open","ping_status":"closed","template":"","meta":{"advanced_seo_description":"","jetpack_seo_html_title":"","jetpack_seo_noindex":false},"product_brand":[],"product_cat":[17],"product_tag":[1516,1517,1518,439,82,31],"class_list":{"0":"post-4154","1":"product","2":"type-product","3":"status-publish","4":"has-post-thumbnail","6":"product_cat-bransoletki","7":"product_tag-bransoletka-z-chalcedonami-i-koralem","8":"product_tag-bransoletka-z-jasnymi-kamieniami-naturalnymi","9":"product_tag-bransoletka-z-pomaranczowym-koralem","10":"product_tag-chalcedon","11":"product_tag-koral","12":"product_tag-zloty-hematyt","14":"first","15":"instock","16":"shipping-taxable","17":"purchasable","18":"product-type-simple"},"jetpack_sharing_enabled":true,"_links":{"self":[{"href":"https:\/\/koraledetale.pl\/index.php?rest_route=\/wp\/v2\/product\/4154","targetHints":{"allow":["GET"]}}],"collection":[{"href":"https:\/\/koraledetale.pl\/index.php?rest_route=\/wp\/v2\/product"}],"about":[{"href":"https:\/\/koraledetale.pl\/index.php?rest_route=\/wp\/v2\/types\/product"}],"replies":[{"embeddable":true,"href":"https:\/\/koraledetale.pl\/index.php?rest_route=%2Fwp%2Fv2%2Fcomments&post=4154"}],"wp:featuredmedia":[{"embeddable":true,"href":"https:\/\/koraledetale.pl\/index.php?rest_route=\/wp\/v2\/media\/4147"}],"wp:attachment":[{"href":"https:\/\/koraledetale.pl\/index.php?rest_route=%2Fwp%2Fv2%2Fmedia&parent=4154"}],"wp:term":[{"taxonomy":"product_brand","embeddable":true,"href":"https:\/\/koraledetale.pl\/index.php?rest_route=%2Fwp%2Fv2%2Fproduct_brand&post=4154"},{"taxonomy":"product_cat","embeddable":true,"href":"https:\/\/koraledetale.pl\/index.php?rest_route=%2Fwp%2Fv2%2Fproduct_cat&post=4154"},{"taxonomy":"product_tag","embeddable":true,"href":"https:\/\/koraledetale.pl\/index.php?rest_route=%2Fwp%2Fv2%2Fproduct_tag&post=4154"}],"curies":[{"name":"wp","href":"https:\/\/api.w.org\/{rel}","templated":true}]}}