{"id":4136,"date":"2023-06-03T09:31:49","date_gmt":"2023-06-03T09:31:49","guid":{"rendered":"https:\/\/koraledetale.pl\/?post_type=product&#038;p=4136"},"modified":"2023-06-29T17:33:47","modified_gmt":"2023-06-29T17:33:47","slug":"bransoletka-secretum-z-labradorytami","status":"publish","type":"product","link":"https:\/\/koraledetale.pl\/?product=bransoletka-secretum-z-labradorytami","title":{"rendered":"Bransoletka SECRETUM z labradorytami"},"content":{"rendered":"<p>Wielko\u015b\u0107 kamieni:<\/p>\n<ul>\n<li>labradoryt \u2013 5,5&#215;5 mm, 4,5\u00d72 mm i 4,5 mm,<\/li>\n<li>hematyt \u2013 3\u00d71 mm, 4\u00d72 mm i 2 mm.<\/li>\n<\/ul>\n<p>D\u0142ugo\u015b\u0107 bransoletki: 17,8 \u2013 21,5 cm.<\/p>\n","protected":false},"excerpt":{"rendered":"<p>Bransoletka z labradoryt\u00f3w o r\u00f3\u017cnych kszta\u0142tach: ciosanych dysk\u00f3w, fasetowanych kostek i g\u0142adkich kulek, przeplatanych z\u0142otymi hematytami, z zawieszkami i przed\u0142u\u017ck\u0105 przy zapi\u0119ciu.<\/p>\n","protected":false},"featured_media":4133,"comment_status":"open","ping_status":"closed","template":"","meta":{"advanced_seo_description":"","jetpack_seo_html_title":"","jetpack_seo_noindex":false},"product_brand":[],"product_cat":[229],"product_tag":[80,132,1189,503,56,31],"class_list":{"0":"post-4136","1":"product","2":"type-product","3":"status-publish","4":"has-post-thumbnail","6":"product_cat-sprzedane","7":"product_tag-bransoletka-z-kamieniami-naturalnymi","8":"product_tag-bransoletka-z-labradorytami","9":"product_tag-bransoletka-z-szarymi-kamieniami","10":"product_tag-bransoletka-z-zawieszkami","11":"product_tag-labradoryt","12":"product_tag-zloty-hematyt","14":"first","15":"outofstock","16":"shipping-taxable","17":"purchasable","18":"product-type-simple"},"jetpack_sharing_enabled":true,"_links":{"self":[{"href":"https:\/\/koraledetale.pl\/index.php?rest_route=\/wp\/v2\/product\/4136","targetHints":{"allow":["GET"]}}],"collection":[{"href":"https:\/\/koraledetale.pl\/index.php?rest_route=\/wp\/v2\/product"}],"about":[{"href":"https:\/\/koraledetale.pl\/index.php?rest_route=\/wp\/v2\/types\/product"}],"replies":[{"embeddable":true,"href":"https:\/\/koraledetale.pl\/index.php?rest_route=%2Fwp%2Fv2%2Fcomments&post=4136"}],"wp:featuredmedia":[{"embeddable":true,"href":"https:\/\/koraledetale.pl\/index.php?rest_route=\/wp\/v2\/media\/4133"}],"wp:attachment":[{"href":"https:\/\/koraledetale.pl\/index.php?rest_route=%2Fwp%2Fv2%2Fmedia&parent=4136"}],"wp:term":[{"taxonomy":"product_brand","embeddable":true,"href":"https:\/\/koraledetale.pl\/index.php?rest_route=%2Fwp%2Fv2%2Fproduct_brand&post=4136"},{"taxonomy":"product_cat","embeddable":true,"href":"https:\/\/koraledetale.pl\/index.php?rest_route=%2Fwp%2Fv2%2Fproduct_cat&post=4136"},{"taxonomy":"product_tag","embeddable":true,"href":"https:\/\/koraledetale.pl\/index.php?rest_route=%2Fwp%2Fv2%2Fproduct_tag&post=4136"}],"curies":[{"name":"wp","href":"https:\/\/api.w.org\/{rel}","templated":true}]}}