{"id":4110,"date":"2023-05-31T06:44:59","date_gmt":"2023-05-31T06:44:59","guid":{"rendered":"https:\/\/koraledetale.pl\/?post_type=product&#038;p=4110"},"modified":"2023-08-21T06:19:00","modified_gmt":"2023-08-21T06:19:00","slug":"bransoletka-cytrynka-z-cytrynami","status":"publish","type":"product","link":"https:\/\/koraledetale.pl\/?product=bransoletka-cytrynka-z-cytrynami","title":{"rendered":"Bransoletka CYTRYNKA z cytrynami"},"content":{"rendered":"<p>Wielko\u015b\u0107 kamieni:<\/p>\n<ul>\n<li>cytryn &#8211; 10&#215;7 mm, 6&#215;2 mm, 6,5 mm, 6x4x5 mm,<\/li>\n<li>hematyt &#8211; 3&#215;1 mm, 2&#215;2 mm, 4&#215;2 mm i 4 mm.<\/li>\n<\/ul>\n<p>D\u0142ugo\u015b\u0107 bransoletki: 17,5 &#8211; 21 cm.<\/p>\n","protected":false},"excerpt":{"rendered":"<p>Bransoletka z cytryn\u00f3w o r\u00f3\u017cnych kszta\u0142tach: g\u0142adkiego wa\u0142eczka i kulek, plastr\u00f3w i fasetowanych oponek, przeplatanych z\u0142otymi hematytami, z zawieszkami i przed\u0142u\u017ck\u0105 przy zapi\u0119ciu.<\/p>\n","protected":false},"featured_media":4111,"comment_status":"open","ping_status":"closed","template":"","meta":{"advanced_seo_description":"","jetpack_seo_html_title":"","jetpack_seo_noindex":false},"product_brand":[],"product_cat":[229],"product_tag":[1505,1506,80,1507,312,193,31],"class_list":{"0":"post-4110","1":"product","2":"type-product","3":"status-publish","4":"has-post-thumbnail","6":"product_cat-sprzedane","7":"product_tag-bransoletka-z-cytrynami-i-hematytami","8":"product_tag-bransoletka-z-cytrynami-i-zawieszkami","9":"product_tag-bransoletka-z-kamieniami-naturalnymi","10":"product_tag-bransoletka-z-krysztalami","11":"product_tag-bransoletka-z-zoltych-kamieni","12":"product_tag-cytryn","13":"product_tag-zloty-hematyt","15":"first","16":"outofstock","17":"shipping-taxable","18":"purchasable","19":"product-type-simple"},"jetpack_sharing_enabled":true,"_links":{"self":[{"href":"https:\/\/koraledetale.pl\/index.php?rest_route=\/wp\/v2\/product\/4110","targetHints":{"allow":["GET"]}}],"collection":[{"href":"https:\/\/koraledetale.pl\/index.php?rest_route=\/wp\/v2\/product"}],"about":[{"href":"https:\/\/koraledetale.pl\/index.php?rest_route=\/wp\/v2\/types\/product"}],"replies":[{"embeddable":true,"href":"https:\/\/koraledetale.pl\/index.php?rest_route=%2Fwp%2Fv2%2Fcomments&post=4110"}],"wp:featuredmedia":[{"embeddable":true,"href":"https:\/\/koraledetale.pl\/index.php?rest_route=\/wp\/v2\/media\/4111"}],"wp:attachment":[{"href":"https:\/\/koraledetale.pl\/index.php?rest_route=%2Fwp%2Fv2%2Fmedia&parent=4110"}],"wp:term":[{"taxonomy":"product_brand","embeddable":true,"href":"https:\/\/koraledetale.pl\/index.php?rest_route=%2Fwp%2Fv2%2Fproduct_brand&post=4110"},{"taxonomy":"product_cat","embeddable":true,"href":"https:\/\/koraledetale.pl\/index.php?rest_route=%2Fwp%2Fv2%2Fproduct_cat&post=4110"},{"taxonomy":"product_tag","embeddable":true,"href":"https:\/\/koraledetale.pl\/index.php?rest_route=%2Fwp%2Fv2%2Fproduct_tag&post=4110"}],"curies":[{"name":"wp","href":"https:\/\/api.w.org\/{rel}","templated":true}]}}