{"id":4098,"date":"2023-05-29T07:05:53","date_gmt":"2023-05-29T07:05:53","guid":{"rendered":"https:\/\/koraledetale.pl\/?post_type=product&#038;p=4098"},"modified":"2023-05-29T13:31:42","modified_gmt":"2023-05-29T13:31:42","slug":"naszyjnik-tecza-z-turmalinami","status":"publish","type":"product","link":"https:\/\/koraledetale.pl\/?product=naszyjnik-tecza-z-turmalinami","title":{"rendered":"Naszyjnik T\u0118CZA z turmalinami"},"content":{"rendered":"<p>Wielko\u015b\u0107 kamieni:<\/p>\n<ul>\n<li>turmalin &#8211; 4,5 mm i 5&#215;6 mm,<\/li>\n<li>fluoryt &#8211; 13x11x5 mm,<\/li>\n<li>hematyt &#8211; 3 mm, 4&#215;2 mm i 3&#215;2 mm.<\/li>\n<\/ul>\n<p>D\u0142ugo\u015b\u0107 naszyjnika: 72 &#8211; 92 cm + zawieszka 3 cm.<\/p>\n<p>Wszystkie elementy metalowe wykonane s\u0105 z nieuczulaj\u0105cych materia\u0142\u00f3w (stali szlachetnej).<\/p>\n","protected":false},"excerpt":{"rendered":"<p>Wielofunkcyjny naszyjnik z kolorowymi turmalinami &#8211; g\u0142adkimi kuleczkami i wi\u0119kszymi beczu\u0142kami, przeplatanymi z\u0142otymi hematytami. W naszyjnik wpleciony jest \u0142a\u0144cuch o karbowanych oczkach, kt\u00f3ry pe\u0142ni r\u00f3wnie\u017c rol\u0119 przed\u0142u\u017cki. Naszyjnik zdobi\u0105 trzy zawieszki &#8211; du\u017ca, a\u017curowa luna z \u0142ezk\u0105 fluorytu, jednostronna gwiazda z ozdobnymi kuleczkami na powierzchni (druga strona jest g\u0142adka) i mniejsza gwiazdka.<\/p>\n<p>Naszyjnik mo\u017ce by\u0107 noszony jako d\u0142ugi, \u015bredniej d\u0142ugo\u015bci, kr\u00f3tki, warstwowy oraz choker. Mo\u017cliwo\u015bci jest bez liku &#8211; wszystko zale\u017cy od Twojej fantazji.<\/p>\n","protected":false},"featured_media":4101,"comment_status":"open","ping_status":"closed","template":"","meta":{"advanced_seo_description":"","jetpack_seo_html_title":"","jetpack_seo_noindex":false},"product_brand":[],"product_cat":[229],"product_tag":[1385,24,501,687,757,1501,522,1502,1335,87,1383,1500,31],"class_list":{"0":"post-4098","1":"product","2":"type-product","3":"status-publish","4":"has-post-thumbnail","6":"product_cat-sprzedane","7":"product_tag-choker-z-turmalinami","8":"product_tag-fluoryt","9":"product_tag-ksiezyc","10":"product_tag-luna","11":"product_tag-lunula","12":"product_tag-naaszyjnik-z-turmalinami-i-luna","13":"product_tag-naszyjnik-z-kolorowych-kamieni","14":"product_tag-naszyjnik-z-turmalinami-i-fluorytem","15":"product_tag-naszyjnik-z-turmalinami-i-zawieszkami","16":"product_tag-turmalin","17":"product_tag-warstwowy-naszyjnik-z-turmalinami","18":"product_tag-wielofunkcyjny-naszyjnik-z-turmalinami","19":"product_tag-zloty-hematyt","21":"first","22":"outofstock","23":"shipping-taxable","24":"purchasable","25":"product-type-simple"},"jetpack_sharing_enabled":true,"_links":{"self":[{"href":"https:\/\/koraledetale.pl\/index.php?rest_route=\/wp\/v2\/product\/4098","targetHints":{"allow":["GET"]}}],"collection":[{"href":"https:\/\/koraledetale.pl\/index.php?rest_route=\/wp\/v2\/product"}],"about":[{"href":"https:\/\/koraledetale.pl\/index.php?rest_route=\/wp\/v2\/types\/product"}],"replies":[{"embeddable":true,"href":"https:\/\/koraledetale.pl\/index.php?rest_route=%2Fwp%2Fv2%2Fcomments&post=4098"}],"wp:featuredmedia":[{"embeddable":true,"href":"https:\/\/koraledetale.pl\/index.php?rest_route=\/wp\/v2\/media\/4101"}],"wp:attachment":[{"href":"https:\/\/koraledetale.pl\/index.php?rest_route=%2Fwp%2Fv2%2Fmedia&parent=4098"}],"wp:term":[{"taxonomy":"product_brand","embeddable":true,"href":"https:\/\/koraledetale.pl\/index.php?rest_route=%2Fwp%2Fv2%2Fproduct_brand&post=4098"},{"taxonomy":"product_cat","embeddable":true,"href":"https:\/\/koraledetale.pl\/index.php?rest_route=%2Fwp%2Fv2%2Fproduct_cat&post=4098"},{"taxonomy":"product_tag","embeddable":true,"href":"https:\/\/koraledetale.pl\/index.php?rest_route=%2Fwp%2Fv2%2Fproduct_tag&post=4098"}],"curies":[{"name":"wp","href":"https:\/\/api.w.org\/{rel}","templated":true}]}}