{"id":4083,"date":"2023-05-24T14:25:32","date_gmt":"2023-05-24T14:25:32","guid":{"rendered":"https:\/\/koraledetale.pl\/?post_type=product&#038;p=4083"},"modified":"2023-07-29T20:22:51","modified_gmt":"2023-07-29T20:22:51","slug":"bransoletka-choker-galaktyka-z-larimarami-apatytami-kianitami-i-kamieniami-slonecznymi","status":"publish","type":"product","link":"https:\/\/koraledetale.pl\/?product=bransoletka-choker-galaktyka-z-larimarami-apatytami-kianitami-i-kamieniami-slonecznymi","title":{"rendered":"Bransoletka \/ choker GALAKTYKA z larimarami, apatytami, kianitami i kamieniami s\u0142onecznymi"},"content":{"rendered":"<p>Wielko\u015b\u0107 kamieni:<\/p>\n<ul>\n<li>larimar \u2013 3,5 mm,<\/li>\n<li>kianit \u2013 ok. 6\u00d76 mm,<\/li>\n<li>apatyt \u2013 4 mm,<\/li>\n<li>kamie\u0144 s\u0142oneczny \u2013 3 mm,<\/li>\n<li>hematyt \u2013 3,5\u00d72,5 mm, 3\u00d73 mm, 3 mm, 2 mm i 4\u00d72 mm.<\/li>\n<\/ul>\n<p>D\u0142ugo\u015b\u0107 bransoletki \/ chokera: 35 &#8211; 38 cm.<\/p>\n<p>Wszystkie elementy metalowe wykonane s\u0105 z nieuczulaj\u0105cej stali chirurgicznej (szlachetnej).<\/p>\n","protected":false},"excerpt":{"rendered":"<p>Podw\u00f3jna bransoletka z fasetowanych larimar\u00f3w, apatyt\u00f3w, kamieni s\u0142onecznych i przek\u0142adek ze z\u0142otych hematyt\u00f3w o r\u00f3\u017cnych kszta\u0142tach oraz fiku\u015bnego \u0142a\u0144cucha z du\u017cych kuleczek oraz grubych oczek.<\/p>\n<p>Sznur mo\u017cesz dwukrotnie owin\u0105\u0107 wok\u00f3\u0142 nadgarstka, tworz\u0105c zjawiskow\u0105 bransoletk\u0119 z zawieszkami \u2013 ksi\u0119\u017cycem (lun\u0105), gwiazdk\u0105 i kosteczk\u0105 kianitu pomi\u0119dzy hematytami, apatytem (przy przed\u0142u\u017cce) i okr\u0105g\u0142ym \u0142\u0105cznikiem.<\/p>\n<p>Bransoletk\u0119 mo\u017cesz r\u00f3wnie\u017c nosi\u0107 jako choker.<\/p>\n<p>Choker mo\u017cesz nosi\u0107 z naszyjnikiem GALAKTYKA, a jak je po\u0142\u0105czysz ze sob\u0105 otrzymasz bardzo d\u0142ugi sznur lub potr\u00f3jny, warstwowy naszyjnik (widoczne na dw\u00f3ch ostatnich zdj\u0119ciach).<\/p>\n<p>&nbsp;<\/p>\n","protected":false},"featured_media":4080,"comment_status":"open","ping_status":"closed","template":"","meta":{"advanced_seo_description":"","jetpack_seo_html_title":"","jetpack_seo_noindex":false},"product_brand":[],"product_cat":[229],"product_tag":[92,789,94,323,501,687,1494,1497,1495,1496,31],"class_list":{"0":"post-4083","1":"product","2":"type-product","3":"status-publish","4":"has-post-thumbnail","6":"product_cat-sprzedane","7":"product_tag-apatyt","8":"product_tag-gwiazdka","9":"product_tag-kamien-sloneczny","10":"product_tag-kianit","11":"product_tag-ksiezyc","12":"product_tag-luna","13":"product_tag-podwojna-bransoletka-z-larimarami-apatytami-i-kamieniami-slonecznymi","14":"product_tag-podwojna-bransoletka-z-luna-i-gwiazda","15":"product_tag-podwojna-bransoletka-z-niebieskimi-kamieniami","16":"product_tag-podwojna-bransoletka-z-zawieszkami","17":"product_tag-zloty-hematyt","19":"first","20":"outofstock","21":"shipping-taxable","22":"purchasable","23":"product-type-simple"},"jetpack_sharing_enabled":true,"_links":{"self":[{"href":"https:\/\/koraledetale.pl\/index.php?rest_route=\/wp\/v2\/product\/4083","targetHints":{"allow":["GET"]}}],"collection":[{"href":"https:\/\/koraledetale.pl\/index.php?rest_route=\/wp\/v2\/product"}],"about":[{"href":"https:\/\/koraledetale.pl\/index.php?rest_route=\/wp\/v2\/types\/product"}],"replies":[{"embeddable":true,"href":"https:\/\/koraledetale.pl\/index.php?rest_route=%2Fwp%2Fv2%2Fcomments&post=4083"}],"wp:featuredmedia":[{"embeddable":true,"href":"https:\/\/koraledetale.pl\/index.php?rest_route=\/wp\/v2\/media\/4080"}],"wp:attachment":[{"href":"https:\/\/koraledetale.pl\/index.php?rest_route=%2Fwp%2Fv2%2Fmedia&parent=4083"}],"wp:term":[{"taxonomy":"product_brand","embeddable":true,"href":"https:\/\/koraledetale.pl\/index.php?rest_route=%2Fwp%2Fv2%2Fproduct_brand&post=4083"},{"taxonomy":"product_cat","embeddable":true,"href":"https:\/\/koraledetale.pl\/index.php?rest_route=%2Fwp%2Fv2%2Fproduct_cat&post=4083"},{"taxonomy":"product_tag","embeddable":true,"href":"https:\/\/koraledetale.pl\/index.php?rest_route=%2Fwp%2Fv2%2Fproduct_tag&post=4083"}],"curies":[{"name":"wp","href":"https:\/\/api.w.org\/{rel}","templated":true}]}}