{"id":4072,"date":"2023-05-24T08:23:36","date_gmt":"2023-05-24T08:23:36","guid":{"rendered":"https:\/\/koraledetale.pl\/?post_type=product&#038;p=4072"},"modified":"2023-08-06T09:11:56","modified_gmt":"2023-08-06T09:11:56","slug":"naszyjnik-galaktyka-z-larimarami-apatytami-kianitami-i-kamieniami-slonecznymi","status":"publish","type":"product","link":"https:\/\/koraledetale.pl\/?product=naszyjnik-galaktyka-z-larimarami-apatytami-kianitami-i-kamieniami-slonecznymi","title":{"rendered":"Naszyjnik GALAKTYKA z larimarami, apatytami, kianitami i kamieniami s\u0142onecznymi"},"content":{"rendered":"<p>Wielko\u015b\u0107 kamieni:<\/p>\n<ul>\n<li>larimar &#8211; 3,5 mm,<\/li>\n<li>kianit &#8211; ok. 6&#215;6 mm,<\/li>\n<li>apatyt &#8211; 4 mm,<\/li>\n<li>kamie\u0144 s\u0142oneczny &#8211; 3 mm,<\/li>\n<li>hematyt \u2013 3,5\u00d72,5 mm, 3&#215;3 mm, 3 mm, 2 mm i 4&#215;2 mm.<\/li>\n<\/ul>\n<p>D\u0142ugo\u015b\u0107 naszyjnika \u2013 90 cm.<\/p>\n<p>Wszystkie elementy metalowe wykonane s\u0105 z nieuczulaj\u0105cej stali chirurgicznej (szlachetnej).<\/p>\n","protected":false},"excerpt":{"rendered":"<p>D\u0142ugi naszyjnik z fasetowanych larimar\u00f3w, apatyt\u00f3w i kamieni s\u0142onecznych, z wplecionymi kosteczkami kianitu oraz przek\u0142adkami ze z\u0142otych hematyt\u00f3w o r\u00f3\u017cnych kszta\u0142tach. Po boku naszyjnika znajduje si\u0119 k\u00f3\u0142ko oraz fiku\u015bny \u0142a\u0144cuch z du\u017cych kuleczek oraz grubych oczek.<\/p>\n<p>Sznur mo\u017cesz dwukrotnie owin\u0105\u0107 wok\u00f3\u0142 szyi, tworz\u0105c warstwowy naszyjnik z zawieszkami \u2013 nieregularnym owalem, jednostronnym, karbowanym ksi\u0119\u017cycem, gwiazd\u0105 czteroramienn\u0105 i mniejsz\u0105 gwiazdk\u0105 przy zapi\u0119ciu.<\/p>\n<p>Obwi\u0105zuj\u0105c naszyjnik 5 razy wok\u00f3\u0142 nadgarstka powstanie zjawiskowa bransoletka.<\/p>\n<p>Naszyjnik mo\u017cesz nosi\u0107 z chokerem GALAKTYKA, a jak je po\u0142\u0105czysz ze sob\u0105 otrzymasz bardzo d\u0142ugi sznur lub potr\u00f3jny, warstwowy naszyjnik (widoczne na dw\u00f3ch ostatnich zdj\u0119ciach).<\/p>\n","protected":false},"featured_media":4081,"comment_status":"open","ping_status":"closed","template":"","meta":{"advanced_seo_description":"","jetpack_seo_html_title":"","jetpack_seo_noindex":false},"product_brand":[],"product_cat":[229],"product_tag":[92,1490,1492,1116,94,323,501,488,1491,497,1493,31],"class_list":{"0":"post-4072","1":"product","2":"type-product","3":"status-publish","4":"has-post-thumbnail","6":"product_cat-sprzedane","7":"product_tag-apatyt","8":"product_tag-dlugi-naszyjnik-z-niebieskimi-kamieniami","9":"product_tag-dlugi-naszyjnik-z-zawieszkami","10":"product_tag-gwiazda","11":"product_tag-kamien-sloneczny","12":"product_tag-kianit","13":"product_tag-ksiezyc","14":"product_tag-larimar","15":"product_tag-naszyjnik-z-larimarami-kianitami-i-apatytami","16":"product_tag-podwojny-naszyjnik-z-kamieniami-naturalnymi","17":"product_tag-wielofunkcyjny-naszyjnik-z-kamieniami-naturalnymi","18":"product_tag-zloty-hematyt","20":"first","21":"outofstock","22":"shipping-taxable","23":"purchasable","24":"product-type-simple"},"jetpack_sharing_enabled":true,"_links":{"self":[{"href":"https:\/\/koraledetale.pl\/index.php?rest_route=\/wp\/v2\/product\/4072","targetHints":{"allow":["GET"]}}],"collection":[{"href":"https:\/\/koraledetale.pl\/index.php?rest_route=\/wp\/v2\/product"}],"about":[{"href":"https:\/\/koraledetale.pl\/index.php?rest_route=\/wp\/v2\/types\/product"}],"replies":[{"embeddable":true,"href":"https:\/\/koraledetale.pl\/index.php?rest_route=%2Fwp%2Fv2%2Fcomments&post=4072"}],"wp:featuredmedia":[{"embeddable":true,"href":"https:\/\/koraledetale.pl\/index.php?rest_route=\/wp\/v2\/media\/4081"}],"wp:attachment":[{"href":"https:\/\/koraledetale.pl\/index.php?rest_route=%2Fwp%2Fv2%2Fmedia&parent=4072"}],"wp:term":[{"taxonomy":"product_brand","embeddable":true,"href":"https:\/\/koraledetale.pl\/index.php?rest_route=%2Fwp%2Fv2%2Fproduct_brand&post=4072"},{"taxonomy":"product_cat","embeddable":true,"href":"https:\/\/koraledetale.pl\/index.php?rest_route=%2Fwp%2Fv2%2Fproduct_cat&post=4072"},{"taxonomy":"product_tag","embeddable":true,"href":"https:\/\/koraledetale.pl\/index.php?rest_route=%2Fwp%2Fv2%2Fproduct_tag&post=4072"}],"curies":[{"name":"wp","href":"https:\/\/api.w.org\/{rel}","templated":true}]}}