{"id":4070,"date":"2023-05-23T13:16:56","date_gmt":"2023-05-23T13:16:56","guid":{"rendered":"https:\/\/koraledetale.pl\/?post_type=product&#038;p=4070"},"modified":"2023-08-05T16:22:13","modified_gmt":"2023-08-05T16:22:13","slug":"naszyjnik-fatamorgana-z-lapis-lazuli-malachitami-kianitami-i-onyksami","status":"publish","type":"product","link":"https:\/\/koraledetale.pl\/?product=naszyjnik-fatamorgana-z-lapis-lazuli-malachitami-kianitami-i-onyksami","title":{"rendered":"Naszyjnik FATAMORGANA z lapis lazuli, malachitami, kianitami i onyksami"},"content":{"rendered":"<p>Wielko\u015b\u0107 kamieni:<\/p>\n<ul>\n<li>lapis lazuli &#8211; 3 mm, wa\u0142eczki ok. 12&#215;4 mm i kuleczka 4 mm przy zawieszce,<\/li>\n<li>malachit &#8211; 3 mm,<\/li>\n<li>kianit &#8211; ok. 8x6x4 mm,<\/li>\n<li>onyks &#8211; 3,5&#215;2,5 mm,<\/li>\n<li>hematyt &#8211; 2 mm, 2&#215;2 mm, 2,5&#215;1 mm, 2x5x2,5 mm.<\/li>\n<\/ul>\n<p>Regulowana d\u0142ugo\u015b\u0107 naszyjnika: 46,5 &#8211; 51 cm + zawieszka 2 cm (ze sznureczkiem 3,5 cm). Na zdj\u0119ciu naszyjnik zapi\u0119ty jest najwy\u017cej.<\/p>\n<p>Wszystkie elementy metalowe wykonane s\u0105 z nieuczulaj\u0105cej stali chirurgicznej (szlachetnej).<\/p>\n<p>Kamienie zasupe\u0142kowane s\u0105 na czerwonej, mocnej nici jubilerskiej.<\/p>\n","protected":false},"excerpt":{"rendered":"<p>Naszyjnik z fasetowanymi lapis lazuli i malachitami przeplatanymi zielonymi onyksami, wa\u0142eczkami lapis lazuli oraz g\u0142adkimi, przejrzystymi kianitami. Pomi\u0119dzy wymienionymi kamieniami wplecione s\u0105 przek\u0142adki ze z\u0142otego hematytu. Zwie\u0144czeniem naszyjnika s\u0105 zawieszki: hamsa z czerwonym sznureczkiem i lapis lazuli z malachitem i hematytem.<\/p>\n","protected":false},"featured_media":4069,"comment_status":"open","ping_status":"closed","template":"","meta":{"advanced_seo_description":"","jetpack_seo_html_title":"","jetpack_seo_noindex":false},"product_brand":[],"product_cat":[229],"product_tag":[606,323,1409,158,768,35,1488,1489,1162,152,31],"class_list":{"0":"post-4070","1":"product","2":"type-product","3":"status-publish","4":"has-post-thumbnail","6":"product_cat-sprzedane","7":"product_tag-czerwona-nitka","8":"product_tag-kianit","9":"product_tag-lapis-lazuli","10":"product_tag-malachit","11":"product_tag-naszyjnik-na-czerwonej-nitce","12":"product_tag-naszyjnik-z-hamsa","13":"product_tag-naszyjnik-z-lapis-lazuli-i-malachitem","14":"product_tag-naszyjnik-z-niebieskimi-i-zielonymi-kamieniami","15":"product_tag-naszyjnik-z-reka-fatimy","16":"product_tag-zielony-onyks","17":"product_tag-zloty-hematyt","19":"first","20":"outofstock","21":"shipping-taxable","22":"purchasable","23":"product-type-simple"},"jetpack_sharing_enabled":true,"_links":{"self":[{"href":"https:\/\/koraledetale.pl\/index.php?rest_route=\/wp\/v2\/product\/4070","targetHints":{"allow":["GET"]}}],"collection":[{"href":"https:\/\/koraledetale.pl\/index.php?rest_route=\/wp\/v2\/product"}],"about":[{"href":"https:\/\/koraledetale.pl\/index.php?rest_route=\/wp\/v2\/types\/product"}],"replies":[{"embeddable":true,"href":"https:\/\/koraledetale.pl\/index.php?rest_route=%2Fwp%2Fv2%2Fcomments&post=4070"}],"wp:featuredmedia":[{"embeddable":true,"href":"https:\/\/koraledetale.pl\/index.php?rest_route=\/wp\/v2\/media\/4069"}],"wp:attachment":[{"href":"https:\/\/koraledetale.pl\/index.php?rest_route=%2Fwp%2Fv2%2Fmedia&parent=4070"}],"wp:term":[{"taxonomy":"product_brand","embeddable":true,"href":"https:\/\/koraledetale.pl\/index.php?rest_route=%2Fwp%2Fv2%2Fproduct_brand&post=4070"},{"taxonomy":"product_cat","embeddable":true,"href":"https:\/\/koraledetale.pl\/index.php?rest_route=%2Fwp%2Fv2%2Fproduct_cat&post=4070"},{"taxonomy":"product_tag","embeddable":true,"href":"https:\/\/koraledetale.pl\/index.php?rest_route=%2Fwp%2Fv2%2Fproduct_tag&post=4070"}],"curies":[{"name":"wp","href":"https:\/\/api.w.org\/{rel}","templated":true}]}}